{"id":126272,"date":"2021-07-31T16:39:48","date_gmt":"2021-07-31T14:39:48","guid":{"rendered":"https:\/\/trimakasi.eu\/?post_type=product&#038;p=126272"},"modified":"2025-12-21T15:54:28","modified_gmt":"2025-12-21T14:54:28","slug":"akvamarin","status":"publish","type":"product","link":"https:\/\/trimakasi.eu\/hu\/product\/aquamarine\/","title":{"rendered":"Akvamarin kark\u00f6t\u0151"},"content":{"rendered":"<h3>Akvamarin \u2013 el\u0151ny\u00f6k<\/h3>\n<p>Az Aquamarine n\u00e9v a latin \u201eaqua marinus\u201d szavakb\u00f3l sz\u00e1rmazik, jelent\u00e9se \u201etengerv\u00edz\u201d. A n\u00e9v ennek a k\u0151nek a sz\u00edn\u00e9re utal, amely hasonl\u00edt a hull\u00e1mz\u00f3 tenger viz\u00e9re. Az akvamarin a tiszta v\u00edz tisztas\u00e1g\u00e1t id\u00e9zi el\u0151 az emberi elm\u00e9ben, ugyanakkor hozz\u00e1seg\u00edt egy m\u00e9ly relax\u00e1ci\u00f3s \u00e1llapot el\u00e9r\u00e9s\u00e9hez, amely a partot \u00e9r\u0151 tengeri hull\u00e1mok hangj\u00e1ra eml\u00e9keztet. Egy tiszt\u00edt\u00f3 \u00e9s nyugtat\u00f3 dr\u00e1gak\u0151r\u0151l van sz\u00f3, amely bizalomra \u00e9s igazs\u00e1gra \u00f6szt\u00f6n\u00f6z. Az \u0151si hagyom\u00e1ny szerint az akvamarint a sell\u0151k megk\u00f6vesedett k\u00f6nnyeinek tekintett\u00e9k, \u00e9s a matr\u00f3zok szerencs\u00e9s var\u00e1zsk\u00e9nt haszn\u00e1lt\u00e1k a f\u00e9lelem ellen, a v\u00e9delem \u00e9rdek\u00e9ben.<\/p>\n<p>A k\u00f6z\u00e9pkorban az akvamarint a szerelem k\u00f6vek\u00e9nt haszn\u00e1lt\u00e1k, hogy \u00fajra felkelts\u00e9k a h\u00e1zasp\u00e1rok szenved\u00e9ly\u00e9t. Emiatt ez volt az egyik legn\u00e9pszer\u0171bb \u00e9kszer \u00e9kszer, amelyet h\u00e1zass\u00e1gi \u00e9vfordul\u00f3ra sz\u00e1nt aj\u00e1nd\u00e9kk\u00e9nt. Az akvamarint m\u00e9g a legl\u00e1tv\u00e1nyosabb \u00e9kszerekhez is haszn\u00e1lt\u00e1k, mint p\u00e9ld\u00e1ul a cseh korona\u00e9kszerek k\u00f6z\u00fcl a Szent Vencel koron\u00e1hoz.<\/p>\n<p>A torokcsakr\u00e1val kombin\u00e1lva az akvamarin seg\u00edt lek\u00fczdeni a besz\u00e9dt\u0151l val\u00f3 f\u00e9lelmet, \u00e9s kiv\u00e1l\u00f3 k\u0151 a sz\u00f3nokok sz\u00e1m\u00e1ra. Azt is lehet\u0151v\u00e9 teszi, hogy vil\u00e1gosan \u00e9s harag n\u00e9lk\u00fcl besz\u00e9ljen neh\u00e9z helyzetekben.<\/p>\n<p>Sz\u00e1rmaz\u00e1si hely: <strong>Braz\u00edlia<\/strong><\/p>\n<p>Elem: <strong>V\u00edz<\/strong><\/p>\n<p>Csillagjegyek: <strong>Halak, Nyilas, Skorpi\u00f3 \u00e9s Ikrek<\/strong><\/p>\n<p>A kark\u00f6t\u0151 harmoniz\u00e1lja a torokcsakr\u00e1t.<\/p>\n<p><a href=\"https:\/\/trimakasi.eu\/wp-content\/uploads\/\u010dakra5.jpg\"><img loading=\"lazy\" decoding=\"async\" class=\"alignnone size-full wp-image-138515\" src=\"https:\/\/trimakasi.eu\/wp-content\/uploads\/\u010dakra5.jpg\" alt=\"Torokcsakra\" width=\"81\" height=\"87\" srcset=\"https:\/\/trimakasi.eu\/wp-content\/uploads\/\u010dakra5.jpg 81w, https:\/\/trimakasi.eu\/wp-content\/uploads\/\u010dakra5-11x12.jpg 11w\" sizes=\"auto, (max-width: 81px) 100vw, 81px\" \/><\/a><\/p>\n<p><a href=\"https:\/\/trimakasi.eu\/hu\/videoblog\/\"><u>L\u00e1togassa meg videoblogunkat, hogy felfedezze a dr\u00e1gak\u00f6vek, \u00e1llat\u00f6v jelek, csakr\u00e1k \u00e9s m\u00e9g sok m\u00e1s k\u00f6z\u00f6tti \u00f6sszef\u00fcgg\u00e9seket.<\/u><\/a><\/p>","protected":false},"excerpt":{"rendered":"<p>Ez a f\u00e9ldr\u00e1gak\u0151, amelyet mindig is a v\u00edzelemhez t\u00e1rs\u00edtottak, l\u00e1gy k\u00e9k sz\u00edn\u00e9vel fogja meglepni. A hossz\u00fa le\u00edr\u00e1sb\u00f3l t\u00f6bbet is megtudhat a k\u0151 tulajdons\u00e1gair\u00f3l.<\/p>\n<p>V\u00e1lasszon kark\u00f6t\u0151t annak m\u00e9rete \u00e9s az utols\u00f3 gy\u00f6ngy sz\u00edne szerint.\u00a0<a href=\"https:\/\/trimakasi.eu\/hu\/hogyan-valasszuk-ki-a-karkoto-meretet\/\">A m\u00e9ret helyes meghat\u00e1roz\u00e1s\u00e1nak \u00fatmutat\u00f3ja itt tal\u00e1lhat\u00f3.<\/a><\/p>","protected":false},"featured_media":105308,"comment_status":"open","ping_status":"closed","template":"","meta":{"_acf_changed":false,"_themeisle_gutenberg_block_has_review":false},"product_brand":[],"product_cat":[1687,554,553],"product_tag":[],"class_list":{"0":"post-126272","1":"product","2":"type-product","3":"status-publish","4":"has-post-thumbnail","6":"product_cat-elastic-bracelets","7":"product_cat-natural-gemstone-bracelets","8":"product_cat-womens-jewellery","10":"first","11":"instock","12":"taxable","13":"shipping-taxable","14":"purchasable","15":"product-type-variable","16":"has-default-attributes"},"acf":[],"_links":{"self":[{"href":"https:\/\/trimakasi.eu\/hu\/wp-json\/wp\/v2\/product\/126272","targetHints":{"allow":["GET"]}}],"collection":[{"href":"https:\/\/trimakasi.eu\/hu\/wp-json\/wp\/v2\/product"}],"about":[{"href":"https:\/\/trimakasi.eu\/hu\/wp-json\/wp\/v2\/types\/product"}],"replies":[{"embeddable":true,"href":"https:\/\/trimakasi.eu\/hu\/wp-json\/wp\/v2\/comments?post=126272"}],"wp:featuredmedia":[{"embeddable":true,"href":"https:\/\/trimakasi.eu\/hu\/wp-json\/wp\/v2\/media\/105308"}],"wp:attachment":[{"href":"https:\/\/trimakasi.eu\/hu\/wp-json\/wp\/v2\/media?parent=126272"}],"wp:term":[{"taxonomy":"product_brand","embeddable":true,"href":"https:\/\/trimakasi.eu\/hu\/wp-json\/wp\/v2\/product_brand?post=126272"},{"taxonomy":"product_cat","embeddable":true,"href":"https:\/\/trimakasi.eu\/hu\/wp-json\/wp\/v2\/product_cat?post=126272"},{"taxonomy":"product_tag","embeddable":true,"href":"https:\/\/trimakasi.eu\/hu\/wp-json\/wp\/v2\/product_tag?post=126272"}],"curies":[{"name":"wp","href":"https:\/\/api.w.org\/{rel}","templated":true}]}}