{"id":118938,"date":"2020-12-24T16:41:27","date_gmt":"2020-12-24T15:41:27","guid":{"rendered":"https:\/\/trimakasi.eu\/?post_type=product&#038;p=118938"},"modified":"2024-03-25T19:14:42","modified_gmt":"2024-03-25T18:14:42","slug":"tibeti-dzi-karkoto","status":"publish","type":"product","link":"https:\/\/trimakasi.eu\/hu\/product\/tibetan-dzi-bracelet\/","title":{"rendered":"Tibeti DZI kark\u00f6t\u0151"},"content":{"rendered":"<h3>Tibeti dzi ach\u00e1t gy\u00f6ngy\u00f6k<\/h3>\n<p>A dzsi (ejtsd: Zi) egy tibeti sz\u00f3, amelyet \u00e1ltal\u00e1ban ach\u00e1tb\u00f3l k\u00e9sz\u00fclt mint\u00e1s gy\u00f6ngy\u00f6k le\u00edr\u00e1s\u00e1ra haszn\u00e1lnak. Ezeket a gy\u00f6ngy\u00f6ket hagyom\u00e1nyosan a negat\u00edv energi\u00e1k, betegs\u00e9gek vagy balesetek elleni v\u00e9delemre haszn\u00e1lj\u00e1k, de talizm\u00e1nk\u00e9nt is haszn\u00e1lj\u00e1k, amelyek b\u00f6lcsess\u00e9get, boldogs\u00e1got \u00e9s j\u00f3l\u00e9tet vonzanak.<\/p>\n<p>A legend\u00e1k szerint a Dzi gy\u00f6ngy\u00f6k nem csup\u00e1n tasz\u00edtj\u00e1k, hanem t\u00e1rolj\u00e1k is az energi\u00e1t. Mik\u00f6zben blokkolj\u00e1k a k\u00f6rnyezetb\u0151l sz\u00e1rmaz\u00f3 negat\u00edv energi\u00e1kat, magukba sz\u00edvj\u00e1k a pozit\u00edv energia egy r\u00e9sz\u00e9t, \u00e9s elrakt\u00e1rozz\u00e1k azt a rosszabb id\u0151kre.<\/p>\n<p>Az ach\u00e1tok \u00e1ltal\u00e1ban el\u0151seg\u00edtik a bels\u0151 stabilit\u00e1st, a nyugalmat \u00e9s az \u00e9retts\u00e9get. Kellemes rezg\u00e9seik olyan v\u00e9d\u0151 tulajdons\u00e1gokkal rendelkeznek, amelyek el\u0151seg\u00edtik az \u00f6nbizalmat \u00e9s a biztons\u00e1g\u00e9rzetet.<\/p>\n<p>Elem: <strong>T\u0171z<\/strong><\/p>\n<p>Csillagjegyek: <strong>Sz\u0171z, Ikrek, Skorpi\u00f3, Halak, V\u00edz\u00f6nt\u0151, Bak, R\u00e1k, Bika, Kos<\/strong><\/p>\n<p>Ez a kark\u00f6t\u0151 harmoniz\u00e1lja a gy\u00f6k\u00e9rcsakr\u00e1t<\/p>\n<p><a href=\"https:\/\/trimakasi.eu\/wp-content\/uploads\/\u010dakra1.jpg\"><img loading=\"lazy\" decoding=\"async\" class=\"alignnone size-full wp-image-138513\" src=\"https:\/\/trimakasi.eu\/wp-content\/uploads\/\u010dakra1.jpg\" alt=\"Gy\u00f6k\u00e9rcsakra\" width=\"81\" height=\"88\" srcset=\"https:\/\/trimakasi.eu\/wp-content\/uploads\/\u010dakra1.jpg 81w, https:\/\/trimakasi.eu\/wp-content\/uploads\/\u010dakra1-11x12.jpg 11w\" sizes=\"auto, (max-width: 81px) 100vw, 81px\" \/><\/a><\/p>\n<p><a href=\"https:\/\/trimakasi.eu\/hu\/videoblog\/\"><u>L\u00e1togassa meg videoblogunkat, hogy felfedezze a dr\u00e1gak\u00f6vek, \u00e1llat\u00f6v jelek, csakr\u00e1k \u00e9s m\u00e9g sok m\u00e1s k\u00f6z\u00f6tti \u00f6sszef\u00fcgg\u00e9seket.<\/u><\/a><\/p>","protected":false},"excerpt":{"rendered":"<p>Tibeti DZI kark\u00f6t\u0151 ach\u00e1tb\u00f3l. Spiritu\u00e1lis \u00e9kszer, amelyet a keleti kult\u00far\u00e1ban v\u00e9d\u0151k\u00e9pess\u00e9ge miatt haszn\u00e1lnak. Tudjon meg t\u00f6bbet a k\u0151 tulajdons\u00e1gair\u00f3l al\u00e1bb.<\/p>\n<p>V\u00e1lasszon kark\u00f6t\u0151t annak m\u00e9rete \u00e9s az utols\u00f3 gy\u00f6ngy sz\u00edne szerint.\u00a0<a href=\"https:\/\/trimakasi.eu\/hu\/hogyan-valasszuk-ki-a-karkoto-meretet\/\">A m\u00e9ret helyes meghat\u00e1roz\u00e1s\u00e1nak \u00fatmutat\u00f3ja itt tal\u00e1lhat\u00f3.<\/a><\/p>","protected":false},"featured_media":119133,"comment_status":"open","ping_status":"closed","template":"","meta":{"_acf_changed":false,"_themeisle_gutenberg_block_has_review":false},"product_brand":[],"product_cat":[1687,1064,1068,554,553],"product_tag":[],"class_list":{"0":"post-118938","1":"product","2":"type-product","3":"status-publish","4":"has-post-thumbnail","6":"product_cat-elastic-bracelets","7":"product_cat-mens-jewellery","8":"product_cat-natural-gemstone-bracelets-for-men","9":"product_cat-natural-gemstone-bracelets","10":"product_cat-womens-jewellery","12":"first","13":"outofstock","14":"taxable","15":"shipping-taxable","16":"purchasable","17":"product-type-variable","18":"has-default-attributes"},"acf":[],"_links":{"self":[{"href":"https:\/\/trimakasi.eu\/hu\/wp-json\/wp\/v2\/product\/118938","targetHints":{"allow":["GET"]}}],"collection":[{"href":"https:\/\/trimakasi.eu\/hu\/wp-json\/wp\/v2\/product"}],"about":[{"href":"https:\/\/trimakasi.eu\/hu\/wp-json\/wp\/v2\/types\/product"}],"replies":[{"embeddable":true,"href":"https:\/\/trimakasi.eu\/hu\/wp-json\/wp\/v2\/comments?post=118938"}],"wp:featuredmedia":[{"embeddable":true,"href":"https:\/\/trimakasi.eu\/hu\/wp-json\/wp\/v2\/media\/119133"}],"wp:attachment":[{"href":"https:\/\/trimakasi.eu\/hu\/wp-json\/wp\/v2\/media?parent=118938"}],"wp:term":[{"taxonomy":"product_brand","embeddable":true,"href":"https:\/\/trimakasi.eu\/hu\/wp-json\/wp\/v2\/product_brand?post=118938"},{"taxonomy":"product_cat","embeddable":true,"href":"https:\/\/trimakasi.eu\/hu\/wp-json\/wp\/v2\/product_cat?post=118938"},{"taxonomy":"product_tag","embeddable":true,"href":"https:\/\/trimakasi.eu\/hu\/wp-json\/wp\/v2\/product_tag?post=118938"}],"curies":[{"name":"wp","href":"https:\/\/api.w.org\/{rel}","templated":true}]}}