{"id":118212,"date":"2020-12-20T23:14:00","date_gmt":"2020-12-20T22:14:00","guid":{"rendered":"https:\/\/trimakasi.eu\/?post_type=product&#038;p=118212"},"modified":"2026-02-20T07:04:18","modified_gmt":"2026-02-20T06:04:18","slug":"kek-fluorit","status":"publish","type":"product","link":"https:\/\/trimakasi.eu\/hu\/product\/blue-fluorite\/","title":{"rendered":"K\u00e9k fluorit kark\u00f6t\u0151"},"content":{"rendered":"<h3>Fluorit \u2013 el\u0151ny\u00f6k<\/h3>\n<p>A k\u0151 neve a \u201efluere\u201d latin sz\u00f3b\u00f3l sz\u00e1rmazik, amely jelent\u00e9se \u201e\u00e1raml\u00e1s\u201d. Az \u00e1sv\u00e1ny fizikai tulajdons\u00e1gaib\u00f3l sz\u00e1rmazik a fluoreszcencia (reakci\u00f3 az UV f\u00e9nysugarakra) kifejez\u00e9s is.<\/p>\n<p>A fluorit az egyik legn\u00e9pszer\u0171bb krist\u00e1lyos dr\u00e1gak\u0151 a vil\u00e1gon, amely sz\u00edn\u00e9t \u00e9s figyelemre m\u00e9lt\u00f3 krist\u00e1lyszerkezet\u00e9t a geol\u00f3gusok, m\u00edg bels\u0151 rezg\u00e9seit az alternat\u00edv gy\u00f3gy\u00edt\u00f3k kedvelik. A k\u0151 bels\u0151 rezg\u00e9sei er\u0151sen rezon\u00e1lnak az emberi elm\u00e9vel.<\/p>\n<p>E k\u0151 energi\u00e1ja b\u00e9k\u00e9t \u00e9s stabilit\u00e1st garant\u00e1l, el\u0151seg\u00edtve a kaotikus \u00e9s sz\u00e9tsz\u00f3rt energia magasabb szint\u0171 koherenci\u00e1j\u00e1t \u00e9s harm\u00f3ni\u00e1j\u00e1t. A fluorit a gondolkod\u00e1s, a spiritualit\u00e1s, a koncentr\u00e1ci\u00f3 \u00e9s az egyens\u00faly t\u00e1mogat\u00f3 k\u00f6ve az \u00e9let minden ter\u00fclet\u00e9n. \u00c1ll\u00edt\u00f3lag arra is \u00f6szt\u00f6nzi az agy mindk\u00e9t agyf\u00e9ltek\u00e9j\u00e9t, hogy azok egyens\u00falyban, harmonikusan dolgozzanak, ami a kreativit\u00e1s \u00f6szt\u00f6nz\u00e9s\u00e9ben \u00e9s a komplex probl\u00e9m\u00e1k logikus megold\u00e1s\u00e1nak megk\u00f6nny\u00edt\u00e9s\u00e9ben t\u00fckr\u00f6z\u0151dhet.<\/p>\n<h3>K\u00e9k fluorit \u2013 el\u0151ny\u00f6k<\/h3>\n<p>Rendet hoz a kaotikus elm\u00e9ben, \u00e9s lehet\u0151v\u00e9 teszi a gondolatok egy\u00e9rtelm\u0171 verbaliz\u00e1l\u00e1s\u00e1t. Ezenk\u00edv\u00fcl a fluorit ezen form\u00e1ja tiszt\u00edtja, stabiliz\u00e1lja \u00e9s v\u00e9di az aur\u00e1t, emellett \u0151szintes\u00e9get \u00e9breszt az emberekben, \u00e9s igazs\u00e1g\u00e9rzetet kelt.<\/p>\n<p>Elem: <strong>V\u00edz<\/strong><\/p>\n<p>Csillagjegyek: <strong>Bak, Halak, V\u00edz\u00f6nt\u0151, Skorpi\u00f3 \u00e9s Ikrek<\/strong><\/p>\n<p>A kark\u00f6t\u0151 harmoniz\u00e1lja a torokcsakr\u00e1t \u00e9s a koronacsakr\u00e1t<br \/>\n<a href=\"https:\/\/trimakasi.eu\/wp-content\/uploads\/\u010dakra5.jpg\"><img loading=\"lazy\" decoding=\"async\" class=\"alignnone size-full wp-image-138515\" src=\"https:\/\/trimakasi.eu\/wp-content\/uploads\/\u010dakra5.jpg\" alt=\"Torokcsakra\" width=\"81\" height=\"87\" srcset=\"https:\/\/trimakasi.eu\/wp-content\/uploads\/\u010dakra5.jpg 81w, https:\/\/trimakasi.eu\/wp-content\/uploads\/\u010dakra5-11x12.jpg 11w\" sizes=\"auto, (max-width: 81px) 100vw, 81px\" \/><\/a><img loading=\"lazy\" decoding=\"async\" class=\"alignnone wp-image-72749\" src=\"https:\/\/trimakasi.cz\/wp-content\/uploads\/2018\/07\/\u010dakra7.jpg\" alt=\"Korunn\u00ed \u010dakra\" width=\"73\" height=\"81\" \/><\/p>\n<p><a href=\"https:\/\/trimakasi.eu\/hu\/videoblog\/\"><u>L\u00e1togassa meg videoblogunkat, hogy felfedezze a dr\u00e1gak\u00f6vek, \u00e1llat\u00f6v jelek, csakr\u00e1k \u00e9s m\u00e9g sok m\u00e1s k\u00f6z\u00f6tti \u00f6sszef\u00fcgg\u00e9seket.<\/u><\/a><\/p>","protected":false},"excerpt":{"rendered":"<p>Az \u00e1ltalunk k\u00edn\u00e1lt k\u00e9k fluorit m\u00e9lyk\u00e9k sz\u00ednnel \u00e9s viszonylag nagy \u00e1tl\u00e1tsz\u00f3s\u00e1ggal fogja leny\u0171g\u00f6zni! Szerkezet\u00e9nek, sz\u00edneinek \u00e9s metafizikai tulajdons\u00e1gainak k\u00f6sz\u00f6nhet\u0151en ez a f\u00e9ldr\u00e1gak\u0151 \u201ea zsenik k\u00f6vek\u00e9nt\u201d ismert \u00e9s a vil\u00e1g legn\u00e9pszer\u0171bb \u00e1sv\u00e1nyai k\u00f6z\u00e9 tartozik.<\/p>\n<p>V\u00e1lasszon kark\u00f6t\u0151t a fluorit sz\u00edne, a kark\u00f6t\u0151 m\u00e9rete \u00e9s az utols\u00f3 gy\u00f6ngy sz\u00edne szerint.\u00a0<a href=\"https:\/\/trimakasi.eu\/hu\/hogyan-valasszuk-ki-a-karkoto-meretet\/\">A m\u00e9ret helyes meghat\u00e1roz\u00e1s\u00e1nak \u00fatmutat\u00f3ja itt tal\u00e1lhat\u00f3.<\/a><\/p>","protected":false},"featured_media":118227,"comment_status":"open","ping_status":"closed","template":"","meta":{"_acf_changed":false,"_themeisle_gutenberg_block_has_review":false},"product_brand":[],"product_cat":[1687,1064,1068,554,553],"product_tag":[],"class_list":{"0":"post-118212","1":"product","2":"type-product","3":"status-publish","4":"has-post-thumbnail","6":"product_cat-elastic-bracelets","7":"product_cat-mens-jewellery","8":"product_cat-natural-gemstone-bracelets-for-men","9":"product_cat-natural-gemstone-bracelets","10":"product_cat-womens-jewellery","12":"first","13":"instock","14":"featured","15":"taxable","16":"shipping-taxable","17":"purchasable","18":"product-type-variable","19":"has-default-attributes"},"acf":[],"_links":{"self":[{"href":"https:\/\/trimakasi.eu\/hu\/wp-json\/wp\/v2\/product\/118212","targetHints":{"allow":["GET"]}}],"collection":[{"href":"https:\/\/trimakasi.eu\/hu\/wp-json\/wp\/v2\/product"}],"about":[{"href":"https:\/\/trimakasi.eu\/hu\/wp-json\/wp\/v2\/types\/product"}],"replies":[{"embeddable":true,"href":"https:\/\/trimakasi.eu\/hu\/wp-json\/wp\/v2\/comments?post=118212"}],"wp:featuredmedia":[{"embeddable":true,"href":"https:\/\/trimakasi.eu\/hu\/wp-json\/wp\/v2\/media\/118227"}],"wp:attachment":[{"href":"https:\/\/trimakasi.eu\/hu\/wp-json\/wp\/v2\/media?parent=118212"}],"wp:term":[{"taxonomy":"product_brand","embeddable":true,"href":"https:\/\/trimakasi.eu\/hu\/wp-json\/wp\/v2\/product_brand?post=118212"},{"taxonomy":"product_cat","embeddable":true,"href":"https:\/\/trimakasi.eu\/hu\/wp-json\/wp\/v2\/product_cat?post=118212"},{"taxonomy":"product_tag","embeddable":true,"href":"https:\/\/trimakasi.eu\/hu\/wp-json\/wp\/v2\/product_tag?post=118212"}],"curies":[{"name":"wp","href":"https:\/\/api.w.org\/{rel}","templated":true}]}}