{"id":118195,"date":"2022-12-20T22:28:29","date_gmt":"2022-12-20T21:28:29","guid":{"rendered":"https:\/\/trimakasi.eu\/?post_type=product&#038;p=118195"},"modified":"2025-01-02T13:16:14","modified_gmt":"2025-01-02T12:16:14","slug":"smaragd","status":"publish","type":"product","link":"https:\/\/trimakasi.eu\/hu\/product\/emerald\/","title":{"rendered":"Smaragd kark\u00f6t\u0151"},"content":{"rendered":"<h3>Smaragd \u2013 el\u0151ny\u00f6k<\/h3>\n<p>A m\u00e9lyz\u00f6ld smaragd \u201eKir\u00e1lyok \u00e9kszere\u201d n\u00e9ven ismert, hasonl\u00f3an a k\u00e9k sz\u00edn\u0171 akvamarinhoz vagy az \u0151szibarack sz\u00edn\u0171 morganithoz, a berill egyik leg\u00e9rt\u00e9kesebb fajt\u00e1ja. A smaragd a rubinnal \u00e9s a zaf\u00edrral egy\u00fctt a dr\u00e1gak\u00f6vek olyan \u201enagy tri\u00f3j\u00e1t\u201d alkotja, amely a F\u00f6ld\u00f6n l\u00e9v\u0151 legritk\u00e1bb \u00e9s leg\u00e9rt\u00e9kesebb sz\u00ednes \u00e1sv\u00e1nyokat tartalmazza. Az \u00e1sv\u00e1ny elnevez\u00e9se az \u00f3kori g\u00f6r\u00f6g \"z\u00f6ld sz\u00edn\", teh\u00e1t \u201eemerald\" sz\u00f3b\u00f3l sz\u00e1rmazik.<\/p>\n<p>A k\u0151 fizikai \u00e9s szellemi egyens\u00falyt biztos\u00edt, az emberi l\u00e9t minden ter\u00fclet\u00e9n harm\u00f3ni\u00e1t teremt. Sok civiliz\u00e1ci\u00f3 a pr\u00f3f\u00e9t\u00e1k k\u00f6v\u00e9nek tekintette, amely b\u00f6lcsess\u00e9get ny\u00fajt, jav\u00edtja az intu\u00edci\u00f3t \u00e9s seg\u00edt az igazs\u00e1g keres\u00e9s\u00e9ben. Ugyanakkor a smaragdot a nyugtalan emberi elm\u00e9re gyakorolt nyugtat\u00f3 hat\u00e1sa miatt is nagyra \u00e9rt\u00e9kelt\u00e9k. Az egyiptomiak a smaragdot az \u00f6r\u00f6k \u00e9let szimb\u00f3lum\u00e1nak, Thothnak, a b\u00f6lcsess\u00e9g isten\u00e9nek aj\u00e1nd\u00e9k\u00e1nak tartott\u00e1k. Kleop\u00e1tra \u00e1ll\u00edt\u00f3lag smaragdokkal d\u00edsz\u00edtette mag\u00e1t \u00e9s palot\u00e1j\u00e1t, \u00e9s k\u00fclf\u00f6ldi diplomat\u00e1knak is aj\u00e1nd\u00e9kozott smaragdot, hogy megmutassa nekik erej\u00e9t \u00e9s vagyon\u00e1t.<\/p>\n<p>A smaragd stimul\u00e1lja a felt\u00e9tel n\u00e9lk\u00fcli szeretetet, gyakran a \u201eSikeres Szerelem K\u00f6vek\u00e9nt\u201d emlegetik. Ez a dr\u00e1gak\u0151 egyens\u00falyban tartja a kapcsolatot, k\u00e9pzeletbeli hidat k\u00e9pvisel k\u00e9t ember k\u00f6z\u00f6tt. A legenda szerint a smaragd sz\u00edn\u00e9nek megv\u00e1ltoztat\u00e1s\u00e1val k\u00e9pes el\u00e1rulni a h\u0171tlens\u00e9get.<\/p>\n<p>Sz\u00e1rmaz\u00e1si orsz\u00e1g: <strong>Zambia vagy Braz\u00edlia<\/strong><\/p>\n<p>Elem: <strong>F\u00f6ld<\/strong><\/p>\n<p>Csillagjegyek: <strong>Kos, Bika, Ikrek, M\u00e9rleg, Sz\u0171z, R\u00e1k<\/strong><\/p>\n<p>Ez a kark\u00f6t\u0151 harmoniz\u00e1lja a sz\u00edvcsakr\u00e1t \u00e9s a koronacsakr\u00e1t<\/p>\n<p><a href=\"https:\/\/trimakasi.eu\/wp-content\/uploads\/2020\/07\/\u010dakra4.jpg\"><img loading=\"lazy\" decoding=\"async\" class=\"alignnone size-full wp-image-83566\" src=\"https:\/\/trimakasi.eu\/wp-content\/uploads\/2020\/07\/\u010dakra4.jpg\" alt=\"Sz\u00edvcsakra\" width=\"79\" height=\"93\" srcset=\"https:\/\/trimakasi.eu\/wp-content\/uploads\/2020\/07\/\u010dakra4.jpg 79w, https:\/\/trimakasi.eu\/wp-content\/uploads\/2020\/07\/\u010dakra4-10x12.jpg 10w\" sizes=\"auto, (max-width: 79px) 100vw, 79px\" \/><\/a><a href=\"https:\/\/trimakasi.eu\/wp-content\/uploads\/crown-chakra.jpg\"><img loading=\"lazy\" decoding=\"async\" class=\"alignnone size-full wp-image-132743\" src=\"https:\/\/trimakasi.eu\/wp-content\/uploads\/crown-chakra.jpg\" alt=\"\" width=\"92\" height=\"102\" srcset=\"https:\/\/trimakasi.eu\/wp-content\/uploads\/crown-chakra.jpg 92w, https:\/\/trimakasi.eu\/wp-content\/uploads\/crown-chakra-11x12.jpg 11w\" sizes=\"auto, (max-width: 92px) 100vw, 92px\" \/><\/a><\/p>\n<p><a href=\"https:\/\/trimakasi.eu\/hu\/videoblog\/\"><u>L\u00e1togassa meg videoblogunkat, hogy felfedezze a dr\u00e1gak\u00f6vek, \u00e1llat\u00f6v jelek, csakr\u00e1k \u00e9s m\u00e9g sok m\u00e1s k\u00f6z\u00f6tti \u00f6sszef\u00fcgg\u00e9seket.<\/u><\/a><\/p>","protected":false},"excerpt":{"rendered":"<p id=\"tw-target-text\" class=\"tw-data-text tw-text-large tw-ta\" dir=\"ltr\" data-placeholder=\"P\u0159eklad\">Az smaragd a berill z\u00f6ld v\u00e1ltozata, amely a harm\u00f3ni\u00e1t szimboliz\u00e1lja. A rubinnal \u00e9s a zaf\u00edrral egy\u00fctt a smaragd az egyik legritk\u00e1bb dr\u00e1gak\u0151 a F\u00f6ld\u00f6n, amely a kir\u00e1lys\u00e1got szimboliz\u00e1lja. E k\u0151 ritkas\u00e1ga \u00e9s a kereslet miatt csak nagyon korl\u00e1tozott mennyis\u00e9g\u0171 k\u00e9szlet \u00e1ll rendelkez\u00e9sre.<\/p>\n<p>V\u00e1lasszon kark\u00f6t\u0151t annak m\u00e9rete \u00e9s az utols\u00f3 gy\u00f6ngy sz\u00edne szerint. <a href=\"https:\/\/trimakasi.eu\/hu\/hogyan-valasszuk-ki-a-karkoto-meretet\/\">A m\u00e9ret helyes meghat\u00e1roz\u00e1s\u00e1nak \u00fatmutat\u00f3ja itt tal\u00e1lhat\u00f3.<\/a><\/p>","protected":false},"featured_media":139218,"comment_status":"open","ping_status":"closed","template":"","meta":{"_acf_changed":false,"_themeisle_gutenberg_block_has_review":false},"product_brand":[],"product_cat":[1687,1064,554,1068,1316,553],"product_tag":[],"class_list":{"0":"post-118195","1":"product","2":"type-product","3":"status-publish","4":"has-post-thumbnail","6":"product_cat-elastic-bracelets","7":"product_cat-mens-jewellery","8":"product_cat-natural-gemstone-bracelets","9":"product_cat-natural-gemstone-bracelets-for-men","10":"product_cat-rare-gemstone-bracelets","11":"product_cat-womens-jewellery","13":"first","14":"instock","15":"taxable","16":"shipping-taxable","17":"purchasable","18":"product-type-variable","19":"has-default-attributes"},"acf":[],"_links":{"self":[{"href":"https:\/\/trimakasi.eu\/hu\/wp-json\/wp\/v2\/product\/118195","targetHints":{"allow":["GET"]}}],"collection":[{"href":"https:\/\/trimakasi.eu\/hu\/wp-json\/wp\/v2\/product"}],"about":[{"href":"https:\/\/trimakasi.eu\/hu\/wp-json\/wp\/v2\/types\/product"}],"replies":[{"embeddable":true,"href":"https:\/\/trimakasi.eu\/hu\/wp-json\/wp\/v2\/comments?post=118195"}],"wp:featuredmedia":[{"embeddable":true,"href":"https:\/\/trimakasi.eu\/hu\/wp-json\/wp\/v2\/media\/139218"}],"wp:attachment":[{"href":"https:\/\/trimakasi.eu\/hu\/wp-json\/wp\/v2\/media?parent=118195"}],"wp:term":[{"taxonomy":"product_brand","embeddable":true,"href":"https:\/\/trimakasi.eu\/hu\/wp-json\/wp\/v2\/product_brand?post=118195"},{"taxonomy":"product_cat","embeddable":true,"href":"https:\/\/trimakasi.eu\/hu\/wp-json\/wp\/v2\/product_cat?post=118195"},{"taxonomy":"product_tag","embeddable":true,"href":"https:\/\/trimakasi.eu\/hu\/wp-json\/wp\/v2\/product_tag?post=118195"}],"curies":[{"name":"wp","href":"https:\/\/api.w.org\/{rel}","templated":true}]}}