{"id":83123,"date":"2021-07-08T22:45:39","date_gmt":"2021-07-08T20:45:39","guid":{"rendered":"https:\/\/trimakasi.eu\/product\/sungit-naramek\/"},"modified":"2026-01-21T23:12:35","modified_gmt":"2026-01-21T22:12:35","slug":"shungite","status":"publish","type":"product","link":"https:\/\/trimakasi.eu\/fr\/product\/shungite\/","title":{"rendered":"Bracelet en shungite"},"content":{"rendered":"<h3>Shungite \u2013 propri\u00e9t\u00e9s<\/h3>\n<p>La shungite est une myst\u00e9rieuse roche noire ressemblant \u00e0 du charbon qui est traditionnellement utilis\u00e9e pour purifier l&#039;eau, mais elle est \u00e9galement largement utilis\u00e9e \u00e0 des fins m\u00e9dicales. Il dissipe tout ce qui est nocif pour l&#039;homme, absorbe efficacement le rayonnement \u00e9lectromagn\u00e9tique et neutralise les zones g\u00e9opathog\u00e8nes. Jusqu&#039;\u00e0 aujourd&#039;hui, les scientifiques sp\u00e9culent sur l&#039;origine de la Shungite: on ne la trouve qu&#039;\u00e0 un seul endroit du monde - en Car\u00e9lie russe.<\/p>\n<p>Les scientifiques supposent qu&#039;en raison de sa teneur en fuller\u00e8ne, il a une origine extraterrestre Shungite. Les fuller\u00e8nes sont l&#039;une des plus grandes d\u00e9couvertes du XXe si\u00e8cle, qui a m\u00eame \u00e9t\u00e9 r\u00e9compens\u00e9e par le prix Nobel. C&#039;est une quatri\u00e8me forme de carbone nouvellement d\u00e9couverte (en plus du diamant, du graphite et du graph\u00e8ne), qui se produit \u00e0 peine dans la nature sous sa forme naturelle.<\/p>\n<p>Les possibilit\u00e9s d&#039;utilisation curative de la shungite sont vraiment larges, mais elle est particuli\u00e8rement appr\u00e9ci\u00e9e pour ses capacit\u00e9s de nettoyage. Des recherches scientifiques r\u00e9centes ont montr\u00e9 que cette pierre dans l&#039;eau tue toute une gamme de bact\u00e9ries et de virus. De plus, sa surface absorbe ou d\u00e9compose probablement un certain nombre de substances toxiques pour le corps humain. Selon la l\u00e9gende, cet effet de la pierre aurait \u00e9t\u00e9 d\u00e9couvert en 1709 lors de la bataille de Poltava entre les Russes et les Su\u00e9dois. Au cours de l&#039;\u00e9t\u00e9 chaud de cette ann\u00e9e-l\u00e0, toutes les ressources en eau disponibles ont \u00e9t\u00e9 contamin\u00e9es et toute l&#039;arm\u00e9e su\u00e9doise, y compris leur roi, a \u00e9t\u00e9 affaiblie en raison de probl\u00e8mes digestifs. Les Russes, qui exp\u00e9rimentaient d\u00e9j\u00e0 les propri\u00e9t\u00e9s nettoyantes de la shungite \u00e0 cette \u00e9poque, n&#039;ont montr\u00e9 aucun probl\u00e8me de sant\u00e9, ce qui aurait contribu\u00e9 \u00e0 leurs victoires finales.<\/p>\n<p>\u00c9l\u00e9ment:\u00a0<strong>Terre<\/strong><\/p>\n<p>Pays d&#039;origine: <strong>R\u00e9publique de Car\u00e9lie, F\u00e9d\u00e9ration de Russie<\/strong><\/p>\n<p class=\"tw-data-text tw-text-large XcVN5d tw-ta\" dir=\"ltr\" data-placeholder=\"P\u0159eklad\"><span lang=\"en\">Signes du zodiaque:<strong> Les effets nettoyants de la shungite conviennent \u00e0 tous les signes.<\/strong><\/span><\/p>\n<p>Ce bracelet harmonise le chakra racine<\/p>\n<p><img loading=\"lazy\" decoding=\"async\" class=\"alignnone size-full wp-image-72742\" src=\"https:\/\/trimakasi.cz\/wp-content\/uploads\/2018\/08\/\u010dakra1.jpg\" alt=\"Z\u00e1kladn\u00ed \u010dakra\" width=\"81\" height=\"88\" \/><u><\/u><\/p>\n<p><a href=\"https:\/\/trimakasi.eu\/fr\/vlog\/\"><u>Visitez notre blog vid\u00e9o pour d\u00e9couvrir les liens entre les pierres pr\u00e9cieuses, les signes du zodiaque, les chakras et bien plus encore.<\/u><\/a><\/p>","protected":false},"excerpt":{"rendered":"<p>La shungite est une pierre de gu\u00e9rison aux effets nettoyants puissants. Gr\u00e2ce \u00e0 sa composition unique, il a un certain nombre d&#039;utilisations, telles que la purification de l&#039;eau ou la neutralisation des zones g\u00e9opathog\u00e8nes. En savoir plus sur les propri\u00e9t\u00e9s de cette pierre ci-dessous.<\/p>\n<p>Choisissez un bracelet par sa taille et par la couleur de la derni\u00e8re perle.\u00a0<a href=\"https:\/\/trimakasi.eu\/fr\/comment-choisir-la-taille-du-bracelet\/\">Vous trouverez ici des instructions sur la fa\u00e7on de d\u00e9terminer correctement la taille.<\/a><\/p>","protected":false},"featured_media":81090,"comment_status":"open","ping_status":"closed","template":"","meta":{"_acf_changed":false,"_themeisle_gutenberg_block_has_review":false},"product_brand":[],"product_cat":[1687,1064,1068,554,553],"product_tag":[],"class_list":{"0":"post-83123","1":"product","2":"type-product","3":"status-publish","4":"has-post-thumbnail","6":"product_cat-elastic-bracelets","7":"product_cat-mens-jewellery","8":"product_cat-natural-gemstone-bracelets-for-men","9":"product_cat-natural-gemstone-bracelets","10":"product_cat-womens-jewellery","12":"first","13":"instock","14":"taxable","15":"shipping-taxable","16":"purchasable","17":"product-type-variable","18":"has-default-attributes"},"acf":[],"_links":{"self":[{"href":"https:\/\/trimakasi.eu\/fr\/wp-json\/wp\/v2\/product\/83123","targetHints":{"allow":["GET"]}}],"collection":[{"href":"https:\/\/trimakasi.eu\/fr\/wp-json\/wp\/v2\/product"}],"about":[{"href":"https:\/\/trimakasi.eu\/fr\/wp-json\/wp\/v2\/types\/product"}],"replies":[{"embeddable":true,"href":"https:\/\/trimakasi.eu\/fr\/wp-json\/wp\/v2\/comments?post=83123"}],"wp:featuredmedia":[{"embeddable":true,"href":"https:\/\/trimakasi.eu\/fr\/wp-json\/wp\/v2\/media\/81090"}],"wp:attachment":[{"href":"https:\/\/trimakasi.eu\/fr\/wp-json\/wp\/v2\/media?parent=83123"}],"wp:term":[{"taxonomy":"product_brand","embeddable":true,"href":"https:\/\/trimakasi.eu\/fr\/wp-json\/wp\/v2\/product_brand?post=83123"},{"taxonomy":"product_cat","embeddable":true,"href":"https:\/\/trimakasi.eu\/fr\/wp-json\/wp\/v2\/product_cat?post=83123"},{"taxonomy":"product_tag","embeddable":true,"href":"https:\/\/trimakasi.eu\/fr\/wp-json\/wp\/v2\/product_tag?post=83123"}],"curies":[{"name":"wp","href":"https:\/\/api.w.org\/{rel}","templated":true}]}}