{"id":83058,"date":"2020-07-08T22:45:39","date_gmt":"2020-07-08T20:45:39","guid":{"rendered":"https:\/\/trimakasi.eu\/product\/miriam-jaspis-naramek\/"},"modified":"2025-11-01T15:50:52","modified_gmt":"2025-11-01T14:50:52","slug":"miriam-jasper","status":"publish","type":"product","link":"https:\/\/trimakasi.eu\/fr\/product\/miriam-jasper\/","title":{"rendered":"Bracelet jaspe peau d&#039;\u00e9l\u00e9phant"},"content":{"rendered":"<h3>Jaspe peau d\u2019\u00e9l\u00e9phant \u2013 propri\u00e9t\u00e9s<\/h3>\n<p>\u00c9galement surnomm\u00e9e \u00ab Jaspe Miriam \u00bb ou \u00ab Pierre calligraphique \u00bb en raison de son apparence.<\/p>\n<p>Ce min\u00e9ral provient de la partie indienne des montagnes himalayennes, o\u00f9 il est utilis\u00e9 comme talisman pour la prosp\u00e9rit\u00e9 et \u00e9galement dans les rituels pour nettoyer le karma des traumatismes des vies pass\u00e9es. Cette pierre est naturellement compos\u00e9e d&#039;h\u00e9matite, de fer et surtout de coquillages fossilis\u00e9s et de v\u00e9g\u00e9tation, qui donnent \u00e0 cette pierre des motifs color\u00e9s originaux.<\/p>\n<p>Miriam Jasper nous aide \u00e0 g\u00e9rer les situations o\u00f9 nous sommes sous forte pression et nous aide \u00e9galement \u00e0 maintenir une attitude positive et \u00e9quilibr\u00e9e envers la vie. Ce jaspe peut \u00e9galement aider \u00e0 surmonter la solitude et nous apprend \u00e0 profiter d&#039;un mode de vie plus lent. Il est utilis\u00e9 comme une amulette pour ceux qui voyagent fr\u00e9quemment (en particulier pour les conducteurs actifs pour se prot\u00e9ger des accidents).<\/p>\n<p>\u00c9l\u00e9ment: <strong>Terre<\/strong><\/p>\n<p>Signe du zodiaque:<strong> b\u00e9lier<\/strong><\/p>\n<p>Ce bracelet harmonise chakra racine, chakra sacr\u00e9, chakra du plexus solaire<\/p>\n<p><img loading=\"lazy\" decoding=\"async\" class=\"alignnone wp-image-72742\" src=\"https:\/\/trimakasi.cz\/wp-content\/uploads\/2018\/08\/\u010dakra1.jpg\" alt=\"Z\u00e1kladn\u00ed \u010dakra\" width=\"68\" height=\"74\" \/><img loading=\"lazy\" decoding=\"async\" class=\"alignnone wp-image-72744\" src=\"https:\/\/trimakasi.cz\/wp-content\/uploads\/2018\/07\/\u010dakra2.jpg\" alt=\"Sakr\u00e1ln\u00ed \u010dakra\" width=\"66\" height=\"83\" \/><img loading=\"lazy\" decoding=\"async\" class=\"alignnone wp-image-83567\" src=\"https:\/\/trimakasi.eu\/wp-content\/uploads\/2020\/07\/\u010dakra3.jpg\" alt=\"\" width=\"70\" height=\"78\" srcset=\"https:\/\/trimakasi.eu\/wp-content\/uploads\/2020\/07\/\u010dakra3.jpg 77w, https:\/\/trimakasi.eu\/wp-content\/uploads\/2020\/07\/\u010dakra3-11x12.jpg 11w\" sizes=\"auto, (max-width: 70px) 100vw, 70px\" \/><\/p>\n<p><a href=\"https:\/\/trimakasi.eu\/fr\/vlog\/\"><u>Visitez notre blog vid\u00e9o pour d\u00e9couvrir les liens entre les pierres pr\u00e9cieuses, les signes du zodiaque, les chakras et bien plus encore.<\/u><\/a><\/p>","protected":false},"excerpt":{"rendered":"<p>Ce bracelet est fait de jaspe peau d&#039;\u00e9l\u00e9phant, une pierre pr\u00e9cieuse dont les motifs color\u00e9s ont \u00e9t\u00e9 cr\u00e9\u00e9s \u00e0 partir de coquillages fossilis\u00e9s et d&#039;autres petits animaux ou plantes. Apprenez-en davantage sur les propri\u00e9t\u00e9s de cette pierre ci-dessous.<\/p>\n<p>Choisissez un bracelet par sa taille et par la couleur de la derni\u00e8re perle.\u00a0<a href=\"https:\/\/trimakasi.eu\/fr\/comment-choisir-la-taille-du-bracelet\/\">Vous trouverez ici des instructions sur la fa\u00e7on de d\u00e9terminer correctement la taille.<\/a><\/p>","protected":false},"featured_media":105138,"comment_status":"open","ping_status":"closed","template":"","meta":{"_acf_changed":false,"_themeisle_gutenberg_block_has_review":false},"product_brand":[],"product_cat":[1064,554,1068,553],"product_tag":[],"class_list":{"0":"post-83058","1":"product","2":"type-product","3":"status-publish","4":"has-post-thumbnail","6":"product_cat-mens-jewellery","7":"product_cat-natural-gemstone-bracelets","8":"product_cat-natural-gemstone-bracelets-for-men","9":"product_cat-womens-jewellery","11":"first","12":"instock","13":"taxable","14":"shipping-taxable","15":"purchasable","16":"product-type-variable","17":"has-default-attributes"},"acf":[],"_links":{"self":[{"href":"https:\/\/trimakasi.eu\/fr\/wp-json\/wp\/v2\/product\/83058","targetHints":{"allow":["GET"]}}],"collection":[{"href":"https:\/\/trimakasi.eu\/fr\/wp-json\/wp\/v2\/product"}],"about":[{"href":"https:\/\/trimakasi.eu\/fr\/wp-json\/wp\/v2\/types\/product"}],"replies":[{"embeddable":true,"href":"https:\/\/trimakasi.eu\/fr\/wp-json\/wp\/v2\/comments?post=83058"}],"wp:featuredmedia":[{"embeddable":true,"href":"https:\/\/trimakasi.eu\/fr\/wp-json\/wp\/v2\/media\/105138"}],"wp:attachment":[{"href":"https:\/\/trimakasi.eu\/fr\/wp-json\/wp\/v2\/media?parent=83058"}],"wp:term":[{"taxonomy":"product_brand","embeddable":true,"href":"https:\/\/trimakasi.eu\/fr\/wp-json\/wp\/v2\/product_brand?post=83058"},{"taxonomy":"product_cat","embeddable":true,"href":"https:\/\/trimakasi.eu\/fr\/wp-json\/wp\/v2\/product_cat?post=83058"},{"taxonomy":"product_tag","embeddable":true,"href":"https:\/\/trimakasi.eu\/fr\/wp-json\/wp\/v2\/product_tag?post=83058"}],"curies":[{"name":"wp","href":"https:\/\/api.w.org\/{rel}","templated":true}]}}