{"id":75856,"date":"2020-01-08T19:50:42","date_gmt":"2020-01-08T18:50:42","guid":{"rendered":"https:\/\/trimakasi.eu\/?post_type=product&#038;p=75856"},"modified":"2024-03-25T19:01:05","modified_gmt":"2024-03-25T18:01:05","slug":"bracelets-pour-couples-eau-feu","status":"publish","type":"product","link":"https:\/\/trimakasi.eu\/fr\/product\/bracelets-for-couples-water-fire\/","title":{"rendered":"Bracelets pour couples - Water &amp; Fire"},"content":{"rendered":"<h3 id=\"tw-target-text\" class=\"tw-data-text tw-ta tw-text-small\" dir=\"ltr\" data-placeholder=\"P\u0159eklad\">Pierre de lave<\/h3>\n<p class=\"tw-data-text tw-ta tw-text-small\" dir=\"ltr\" data-placeholder=\"P\u0159eklad\"><span lang=\"en\" tabindex=\"0\">La pierre de lave est \u00e9galement surnomm\u00e9e \u00ab La pierre de la renaissance \u00bb car elle a la capacit\u00e9 d&#039;aider ceux qui la portent \u00e0 se d\u00e9barrasser des \u00e9motions inutiles et malsaines. La pierre de lave nous maintient mentalement stable et nous aide \u00e0 r\u00e9duire la col\u00e8re. L&#039;effet d&#039;ancrage aux pierres de lave est \u00e9galement utilis\u00e9 par exemple pour les massages.\u00a0<\/span><\/p>\n<p>\u00c9l\u00e9ment: <strong>Feu, Terre<\/strong><\/p>\n<p>Signe du zodiaque:<strong> B\u00e9n\u00e9fique pour tous les signes du zodiaque<\/strong><\/p>\n<p>La pierre de lave harmonise le chakra racine<\/p>\n<p><a href=\"https:\/\/trimakasi.eu\/wp-content\/uploads\/\u010dakra1.jpg\"><img loading=\"lazy\" decoding=\"async\" class=\"alignnone size-full wp-image-138513\" src=\"https:\/\/trimakasi.eu\/wp-content\/uploads\/\u010dakra1.jpg\" alt=\"Chakra racine\" width=\"81\" height=\"88\" srcset=\"https:\/\/trimakasi.eu\/wp-content\/uploads\/\u010dakra1.jpg 81w, https:\/\/trimakasi.eu\/wp-content\/uploads\/\u010dakra1-11x12.jpg 11w\" sizes=\"auto, (max-width: 81px) 100vw, 81px\" \/><\/a><\/p>\n<h3>Lazurite \u2013 Lapis-lazuli<\/h3>\n<p>C&#039;est l&#039;une des plus anciennes pierres pr\u00e9cieuses d\u00e9couvertes par l&#039;humanit\u00e9 ! Il a \u00e9t\u00e9 utilis\u00e9 par exemple dans l&#039;Egypte ancienne pour produire des bijoux et des amulettes, et pour la production des premiers produits cosm\u00e9tiques pour femmes. Cette pierre y repr\u00e9sentait toute la liste des bonnes qualit\u00e9s, mais surtout, le Lapis Lazuli \u00e9tait appel\u00e9 \u00ab Pierre du ciel \u00bb. Sa couleur bleu profond symbolisait un ciel nocturne indigo et les taches en or blanc symbolisaient les \u00e9toiles immortelles.<\/p>\n<p>Signe du zodiaque: <strong>Sagittaire, Verseau, Balance<\/strong><\/p>\n<p>\u00c9l\u00e9ment: <strong>L&#039;eau<\/strong><\/p>\n<p>Le bracelet harmonise le chakra de la gorge et le chakra du troisi\u00e8me \u0153il<\/p>\n<p><a href=\"https:\/\/trimakasi.eu\/wp-content\/uploads\/\u010dakra5.jpg\"><img loading=\"lazy\" decoding=\"async\" class=\"alignnone size-full wp-image-138515\" src=\"https:\/\/trimakasi.eu\/wp-content\/uploads\/\u010dakra5.jpg\" alt=\"Chakra de la gorge\" width=\"81\" height=\"87\" srcset=\"https:\/\/trimakasi.eu\/wp-content\/uploads\/\u010dakra5.jpg 81w, https:\/\/trimakasi.eu\/wp-content\/uploads\/\u010dakra5-11x12.jpg 11w\" sizes=\"auto, (max-width: 81px) 100vw, 81px\" \/><\/a><a href=\"https:\/\/trimakasi.eu\/wp-content\/uploads\/\u010dakra6.jpg\"><img loading=\"lazy\" decoding=\"async\" class=\"alignnone size-full wp-image-138516\" src=\"https:\/\/trimakasi.eu\/wp-content\/uploads\/\u010dakra6.jpg\" alt=\"Chakra du troisi\u00e8me \u0153il\" width=\"103\" height=\"98\" srcset=\"https:\/\/trimakasi.eu\/wp-content\/uploads\/\u010dakra6.jpg 103w, https:\/\/trimakasi.eu\/wp-content\/uploads\/\u010dakra6-13x12.jpg 13w\" sizes=\"auto, (max-width: 103px) 100vw, 103px\" \/><\/a><\/p>\n<h3>Grenat<\/h3>\n<p id=\"tw-target-text\" class=\"tw-data-text tw-ta tw-text-small\" dir=\"ltr\" data-placeholder=\"P\u0159eklad\"><span lang=\"en\" tabindex=\"0\">Le grenat h\u00e9sonite est une pure vari\u00e9t\u00e9 de grenat qui enflamme le courage, renforce le charisme et la vitalit\u00e9, et aide \u00e9galement \u00e0 trouver le pouvoir cr\u00e9atif au plus profond de lui-m\u00eame. Le grenat en tant que pierre protectrice de la sant\u00e9 am\u00e9liore la vitalit\u00e9 et les instincts de survie essentiels. Cela aiderait \u00e9galement \u00e0 la fertilit\u00e9 et \u00e0 la libido. Le grenat \u00e9tait \u00e9galement autrefois port\u00e9 comme protection contre les poisons et on pensait qu&#039;il \u00e9tait capable de neutraliser les poisons.<\/span><\/p>\n<p class=\"tw-data-text tw-ta tw-text-small\" dir=\"ltr\" data-placeholder=\"P\u0159eklad\"><span lang=\"en\" tabindex=\"0\">\u00c9l\u00e9ment:<strong> Feu, Terre<\/strong><\/span><\/p>\n<p class=\"tw-data-text tw-ta tw-text-small\" dir=\"ltr\" data-placeholder=\"P\u0159eklad\"><span lang=\"en\" tabindex=\"0\">Signes du zodiaque: <strong>Capricorne, Verseau, Scorpion, Lion<\/strong><\/span><\/p>\n<p><span lang=\"en\" tabindex=\"0\">Le grenat ouvre une connexion rare entre le chakra racine et le chakra couronne, aide \u00e0 apporter et \u00e0 ancrer l&#039;\u00e9nergie mentale dans le corps physique.<\/span><\/p>\n<p><a href=\"https:\/\/trimakasi.eu\/wp-content\/uploads\/\u010dakra1.jpg\"><img loading=\"lazy\" decoding=\"async\" class=\"alignnone size-full wp-image-138513\" src=\"https:\/\/trimakasi.eu\/wp-content\/uploads\/\u010dakra1.jpg\" alt=\"Chakra racine\" width=\"81\" height=\"88\" srcset=\"https:\/\/trimakasi.eu\/wp-content\/uploads\/\u010dakra1.jpg 81w, https:\/\/trimakasi.eu\/wp-content\/uploads\/\u010dakra1-11x12.jpg 11w\" sizes=\"auto, (max-width: 81px) 100vw, 81px\" \/><\/a><a href=\"https:\/\/trimakasi.eu\/wp-content\/uploads\/crown-chakra.jpg\"><img loading=\"lazy\" decoding=\"async\" class=\"alignnone size-full wp-image-132743\" src=\"https:\/\/trimakasi.eu\/wp-content\/uploads\/crown-chakra.jpg\" alt=\"\" width=\"92\" height=\"102\" srcset=\"https:\/\/trimakasi.eu\/wp-content\/uploads\/crown-chakra.jpg 92w, https:\/\/trimakasi.eu\/wp-content\/uploads\/crown-chakra-11x12.jpg 11w\" sizes=\"auto, (max-width: 92px) 100vw, 92px\" \/><\/a><\/p>\n<p><a href=\"https:\/\/trimakasi.eu\/fr\/vlog\/\"><u>Visitez notre blog vid\u00e9o pour d\u00e9couvrir les liens entre les pierres pr\u00e9cieuses, les signes du zodiaque, les chakras et bien plus encore.<\/u><\/a><\/p>","protected":false},"excerpt":{"rendered":"<p>Ensemble de deux bracelets qui associent l&#039;utilisation de la pierre de lave. Un bracelet contient un grenat rouge symbolisant le feu et l&#039;autre bracelet contient un lapis lazuli bleu symbolisant l&#039;\u00e9l\u00e9ment eau. La nature sauvage du feu est contrebalanc\u00e9e par l&#039;eau calme et persistante \u2013 ce n&#039;est qu&#039;ainsi que l&#039;harmonie sera cr\u00e9\u00e9e ! D\u00e9terminez qui dans votre relation est le plus appropri\u00e9 pour la d\u00e9finition de l&#039;eau ou du feu, et choisissez la taille du bracelet en cons\u00e9quence. Apprenez-en plus sur les propri\u00e9t\u00e9s des pierres usag\u00e9es ci-dessous.<\/p>\n<p>Choisissez un bracelet en fonction de la taille de vos poignets.\u00a0<a href=\"https:\/\/trimakasi.eu\/fr\/comment-choisir-la-taille-du-bracelet\/\">Vous trouverez ici des instructions sur la fa\u00e7on de d\u00e9terminer correctement la taille.<\/a><\/p>","protected":false},"featured_media":75863,"comment_status":"open","ping_status":"closed","template":"","meta":{"_acf_changed":false,"_themeisle_gutenberg_block_has_review":false},"product_brand":[],"product_cat":[1152,1064,553],"product_tag":[],"class_list":{"0":"post-75856","1":"product","2":"type-product","3":"status-publish","4":"has-post-thumbnail","6":"product_cat-couples-bracelets","7":"product_cat-mens-jewellery","8":"product_cat-womens-jewellery","10":"first","11":"instock","12":"taxable","13":"shipping-taxable","14":"purchasable","15":"product-type-variable","16":"has-default-attributes"},"acf":[],"_links":{"self":[{"href":"https:\/\/trimakasi.eu\/fr\/wp-json\/wp\/v2\/product\/75856","targetHints":{"allow":["GET"]}}],"collection":[{"href":"https:\/\/trimakasi.eu\/fr\/wp-json\/wp\/v2\/product"}],"about":[{"href":"https:\/\/trimakasi.eu\/fr\/wp-json\/wp\/v2\/types\/product"}],"replies":[{"embeddable":true,"href":"https:\/\/trimakasi.eu\/fr\/wp-json\/wp\/v2\/comments?post=75856"}],"wp:featuredmedia":[{"embeddable":true,"href":"https:\/\/trimakasi.eu\/fr\/wp-json\/wp\/v2\/media\/75863"}],"wp:attachment":[{"href":"https:\/\/trimakasi.eu\/fr\/wp-json\/wp\/v2\/media?parent=75856"}],"wp:term":[{"taxonomy":"product_brand","embeddable":true,"href":"https:\/\/trimakasi.eu\/fr\/wp-json\/wp\/v2\/product_brand?post=75856"},{"taxonomy":"product_cat","embeddable":true,"href":"https:\/\/trimakasi.eu\/fr\/wp-json\/wp\/v2\/product_cat?post=75856"},{"taxonomy":"product_tag","embeddable":true,"href":"https:\/\/trimakasi.eu\/fr\/wp-json\/wp\/v2\/product_tag?post=75856"}],"curies":[{"name":"wp","href":"https:\/\/api.w.org\/{rel}","templated":true}]}}