{"id":75844,"date":"2020-01-04T22:25:31","date_gmt":"2020-01-04T21:25:31","guid":{"rendered":"https:\/\/trimakasi.eu\/?post_type=product&#038;p=75844"},"modified":"2024-03-25T19:01:18","modified_gmt":"2024-03-25T18:01:18","slug":"bracelets-pour-couples-noir-blanc","status":"publish","type":"product","link":"https:\/\/trimakasi.eu\/fr\/product\/bracelets-for-couples-black-white\/","title":{"rendered":"Bracelets pour couples - Noir &amp; Blanc"},"content":{"rendered":"<h3 dir=\"ltr\" data-placeholder=\"P\u0159eklad\">Quartz blanc<\/h3>\n<p dir=\"ltr\" data-placeholder=\"P\u0159eklad\">Le quartz est un min\u00e9ral tr\u00e8s abondant, qui appara\u00eet le plus souvent de couleur gris clair ou blanc et avec les feldspaths, c&#039;est le min\u00e9ral le plus r\u00e9pandu dans la cro\u00fbte terrestre. Nous rapportons honn\u00eatement que le quartz que nous utilisons a une couleur blanche brillante en raison de la coloration suppl\u00e9mentaire qui cr\u00e9e un beau contraste avec les autres perles.<\/p>\n<div>\u00c9l\u00e9ment: <strong>Air<\/strong><\/div>\n<div><\/div>\n<div>Signe du zodiaque: <strong>Lion et B\u00e9lier<\/strong><\/div>\n<h3>Obsidienne noire<\/h3>\n<p><span lang=\"en\" tabindex=\"0\">L&#039;obsidienne est une forme sp\u00e9ciale de verre naturel, qui est cr\u00e9\u00e9e par le refroidissement rapide de la lave chaude \u00e0 la surface de la terre. Il est utilis\u00e9 par l&#039;humanit\u00e9 depuis l&#039;\u00e2ge de pierre, lorsque les chasseurs fabriquaient la pointe de leurs armes \u00e0 partir de ses copeaux tranchants. Cette pierre \u00e9tait aussi\u00a0<\/span><span lang=\"en\" tabindex=\"0\">appr\u00e9ci\u00e9 parmi les anciens Azt\u00e8ques, qui l&#039;appelaient \u00abla pierre de Dieu\u00bb. Leur poignard sacr\u00e9, con\u00e7u pour leur tristement c\u00e9l\u00e8bre rituel d&#039;accomplissement de sacrifices humains aux dieux, \u00e9tait fait de cette pierre.<\/span><\/p>\n<p>\u00c9l\u00e9ment: <strong>Feu<\/strong><\/p>\n<p>Signe du zodiaque:\u00a0<strong>Sagittaire, Scorpion<\/strong><\/p>\n<div>\n<p><img loading=\"lazy\" decoding=\"async\" class=\"alignnone wp-image-72742 lazyloaded\" src=\"https:\/\/trimakasi.cz\/wp-content\/uploads\/2018\/08\/%C4%8Dakra1.jpg\" alt=\"Z\u00e1kladn\u00ed \u010dakra\" width=\"64\" height=\"70\" data-lazy-src=\"https:\/\/trimakasi.cz\/wp-content\/uploads\/2018\/08\/\u010dakra1.jpg\" data-was-processed=\"true\" \/><img loading=\"lazy\" decoding=\"async\" class=\"alignnone wp-image-72749 lazyloaded\" src=\"https:\/\/trimakasi.cz\/wp-content\/uploads\/2018\/07\/%C4%8Dakra7.jpg\" alt=\"Korunni \u010dakra\" width=\"64\" height=\"71\" data-lazy-src=\"https:\/\/trimakasi.cz\/wp-content\/uploads\/2018\/07\/%C4%8Dakra7.jpg\" data-was-processed=\"true\" \/><img loading=\"lazy\" decoding=\"async\" class=\"alignnone wp-image-72746 lazyloaded\" src=\"https:\/\/trimakasi.cz\/wp-content\/uploads\/2018\/07\/%C4%8Dakra4.jpg\" alt=\"Srde\u010dn\u00ed \u010dakra\" width=\"63\" height=\"75\" data-lazy-src=\"https:\/\/trimakasi.cz\/wp-content\/uploads\/2018\/07\/%C4%8Dakra4.jpg\" data-was-processed=\"true\" \/><\/p>\n<p><a href=\"https:\/\/trimakasi.eu\/fr\/vlog\/\"><u>Visitez notre blog vid\u00e9o pour d\u00e9couvrir les liens entre les pierres pr\u00e9cieuses, les signes du zodiaque, les chakras et bien plus encore.<\/u><\/a><\/p>\n<\/div>","protected":false},"excerpt":{"rendered":"<p>Deux bracelets pour couples \u2013 obsidienne noire et quartz blanc. Symbolisez votre lien avec nos bracelets pour couples noir et blanc. Parfaits pour les partenaires, ils incarnent l\u2019unit\u00e9 et le contraste, refl\u00e9tant votre connexion unique.<\/p>\n<p>Apprenez-en davantage sur les propri\u00e9t\u00e9s de ces pierres ci-dessous.<\/p>\n<p>Choisissez un bracelet en fonction de la taille de vos poignets.\u00a0<a href=\"https:\/\/trimakasi.eu\/fr\/comment-choisir-la-taille-du-bracelet\/\">Vous trouverez ici des instructions sur la fa\u00e7on de d\u00e9terminer correctement la taille.<\/a><\/p>","protected":false},"featured_media":75851,"comment_status":"open","ping_status":"closed","template":"","meta":{"_acf_changed":false,"_themeisle_gutenberg_block_has_review":false},"product_brand":[],"product_cat":[1152,1064,553],"product_tag":[],"class_list":{"0":"post-75844","1":"product","2":"type-product","3":"status-publish","4":"has-post-thumbnail","6":"product_cat-couples-bracelets","7":"product_cat-mens-jewellery","8":"product_cat-womens-jewellery","10":"first","11":"instock","12":"taxable","13":"shipping-taxable","14":"purchasable","15":"product-type-variable","16":"has-default-attributes"},"acf":[],"_links":{"self":[{"href":"https:\/\/trimakasi.eu\/fr\/wp-json\/wp\/v2\/product\/75844","targetHints":{"allow":["GET"]}}],"collection":[{"href":"https:\/\/trimakasi.eu\/fr\/wp-json\/wp\/v2\/product"}],"about":[{"href":"https:\/\/trimakasi.eu\/fr\/wp-json\/wp\/v2\/types\/product"}],"replies":[{"embeddable":true,"href":"https:\/\/trimakasi.eu\/fr\/wp-json\/wp\/v2\/comments?post=75844"}],"wp:featuredmedia":[{"embeddable":true,"href":"https:\/\/trimakasi.eu\/fr\/wp-json\/wp\/v2\/media\/75851"}],"wp:attachment":[{"href":"https:\/\/trimakasi.eu\/fr\/wp-json\/wp\/v2\/media?parent=75844"}],"wp:term":[{"taxonomy":"product_brand","embeddable":true,"href":"https:\/\/trimakasi.eu\/fr\/wp-json\/wp\/v2\/product_brand?post=75844"},{"taxonomy":"product_cat","embeddable":true,"href":"https:\/\/trimakasi.eu\/fr\/wp-json\/wp\/v2\/product_cat?post=75844"},{"taxonomy":"product_tag","embeddable":true,"href":"https:\/\/trimakasi.eu\/fr\/wp-json\/wp\/v2\/product_tag?post=75844"}],"curies":[{"name":"wp","href":"https:\/\/api.w.org\/{rel}","templated":true}]}}