{"id":75818,"date":"2020-01-04T16:49:39","date_gmt":"2020-01-04T15:49:39","guid":{"rendered":"https:\/\/trimakasi.eu\/?post_type=product&#038;p=75818"},"modified":"2024-03-25T19:01:23","modified_gmt":"2024-03-25T18:01:23","slug":"bracelets-pour-couples-obsidienne-noire","status":"publish","type":"product","link":"https:\/\/trimakasi.eu\/fr\/product\/bracelets-for-couples-black-obsidian\/","title":{"rendered":"Bracelets pour couples - Obsidienne noire"},"content":{"rendered":"<h3>Obsidienne noire<\/h3>\n<p><span lang=\"en\" tabindex=\"0\">L&#039;obsidienne est une forme sp\u00e9ciale de verre naturel, qui est cr\u00e9\u00e9e par le refroidissement rapide de la lave chaude \u00e0 la surface de la terre. Il est utilis\u00e9 par l&#039;humanit\u00e9 depuis l&#039;\u00e2ge de pierre, lorsque les chasseurs fabriquaient la pointe de leurs armes \u00e0 partir de ses copeaux tranchants. Cette pierre \u00e9tait aussi\u00a0<\/span><span lang=\"en\" tabindex=\"0\">appr\u00e9ci\u00e9 parmi les anciens Azt\u00e8ques, qui l&#039;appelaient \u00abla pierre de Dieu\u00bb. Leur poignard sacr\u00e9, con\u00e7u pour leur tristement c\u00e9l\u00e8bre rituel d&#039;accomplissement de sacrifices humains aux dieux, \u00e9tait fait de cette pierre.<\/span><\/p>\n<p>\u00c9l\u00e9ment: <strong>Feu<\/strong><\/p>\n<p>Signe du zodiaque:\u00a0<strong>Sagittaire, Scorpion<\/strong><\/p>\n<p>Bracelet harmonise le chakra racine.<\/p>\n<h3 id=\"tw-target-text\" class=\"tw-data-text tw-ta tw-text-small\" dir=\"ltr\" data-placeholder=\"P\u0159eklad\">Pierre de lave<\/h3>\n<p class=\"tw-data-text tw-ta tw-text-small\" dir=\"ltr\" data-placeholder=\"P\u0159eklad\"><span lang=\"en\" tabindex=\"0\">La pierre de lave est \u00e9galement surnomm\u00e9e \u00ab La pierre de la renaissance \u00bb car elle a la capacit\u00e9 d&#039;aider ceux qui la portent \u00e0 se d\u00e9barrasser des \u00e9motions inutiles et malsaines. La pierre de lave nous maintient mentalement stable et nous aide \u00e0 r\u00e9duire la col\u00e8re. L&#039;effet d&#039;ancrage aux pierres de lave est \u00e9galement utilis\u00e9 par exemple pour les massages.\u00a0<\/span><\/p>\n<p>\u00c9l\u00e9ment: <strong>Feu, Terre<\/strong><\/p>\n<p>Signe du zodiaque: <strong>B\u00e9n\u00e9fique pour tous les signes du zodiaque<\/strong><\/p>\n<p>La pierre de lave harmonise le chakra racine<\/p>\n<h3>Quartz rose de Madagascar<\/h3>\n<div id=\"tw-ob\" class=\"tw-src-ltr\">\n<div class=\"oSioSc\">\n<div id=\"tw-target\">\n<div id=\"kAz1tf\" class=\"g9WsWb\">\n<div id=\"tw-target-text-container\" class=\"tw-ta-container tw-nfl\">\n<p id=\"tw-target-text\" class=\"tw-data-text tw-ta tw-text-small\" dir=\"ltr\" data-placeholder=\"Translation\"><span lang=\"en\" tabindex=\"0\">Cette pierre est un symbole d&#039;amour, de beaut\u00e9 et de bonne sant\u00e9. Cette pierre nous enseigne la patience dans la r\u00e9solution des probl\u00e8mes, l&#039;amour de soi et donne la force de pardonner \u00e0 ceux qui nous ont bless\u00e9s. Il ravive la fantaisie et la pens\u00e9e cr\u00e9ative.<\/span><\/p>\n<\/div>\n<\/div>\n<\/div>\n<\/div>\n<\/div>\n<p id=\"tw-target-text\" class=\"tw-data-text tw-ta tw-text-small\" dir=\"ltr\" data-placeholder=\"Translation\"><span lang=\"en\" tabindex=\"0\">\u00c9l\u00e9ment:<strong> Terre<\/strong><\/span><\/p>\n<p class=\"tw-data-text tw-ta tw-text-small\" dir=\"ltr\" data-placeholder=\"Translation\"><span lang=\"en\" tabindex=\"0\">Signes du zodiaque: <strong>Lion, Scorpion, B\u00e9lier, Cancer, Taureau, Capricorne<\/strong><\/span><\/p>\n<p>Le bracelet harmonise le chakra du coeur.<\/p>\n<p><a href=\"https:\/\/trimakasi.eu\/wp-content\/uploads\/\u010dakra1.jpg\"><img loading=\"lazy\" decoding=\"async\" class=\"alignnone size-full wp-image-138513\" src=\"https:\/\/trimakasi.eu\/wp-content\/uploads\/\u010dakra1.jpg\" alt=\"Chakra racine\" width=\"81\" height=\"88\" srcset=\"https:\/\/trimakasi.eu\/wp-content\/uploads\/\u010dakra1.jpg 81w, https:\/\/trimakasi.eu\/wp-content\/uploads\/\u010dakra1-11x12.jpg 11w\" sizes=\"auto, (max-width: 81px) 100vw, 81px\" \/><\/a><a href=\"https:\/\/trimakasi.eu\/wp-content\/uploads\/2020\/07\/\u010dakra4.jpg\"><img loading=\"lazy\" decoding=\"async\" class=\"alignnone size-full wp-image-83566\" src=\"https:\/\/trimakasi.eu\/wp-content\/uploads\/2020\/07\/\u010dakra4.jpg\" alt=\"Chakra du coeur\" width=\"79\" height=\"93\" srcset=\"https:\/\/trimakasi.eu\/wp-content\/uploads\/2020\/07\/\u010dakra4.jpg 79w, https:\/\/trimakasi.eu\/wp-content\/uploads\/2020\/07\/\u010dakra4-10x12.jpg 10w\" sizes=\"auto, (max-width: 79px) 100vw, 79px\" \/><\/a><\/p>\n<p><a href=\"https:\/\/trimakasi.eu\/fr\/vlog\/\"><u>Visitez notre blog vid\u00e9o pour d\u00e9couvrir les liens entre les pierres pr\u00e9cieuses, les signes du zodiaque, les chakras et bien plus encore.<\/u><\/a><\/p>","protected":false},"excerpt":{"rendered":"<p>Offrez-vous la sophistication avec nos bracelets pour couples en obsidienne noire. Pour elle, le bracelet pr\u00e9sente l&#039;\u00e9l\u00e9gance du Quartz Rose associ\u00e9e \u00e0 des composants d\u00e9licats. Pour lui, le bracelet poss\u00e8de la force de la pierre de lave, compl\u00e9t\u00e9e par une obsidienne noire robuste. Ensemble, ils symbolisent l&#039;unit\u00e9 et la force, parfaits pour les couples en qu\u00eate d&#039;harmonie dans le style. Apprenez-en davantage sur les propri\u00e9t\u00e9s de cette pierre ci-dessous.<\/p>\n<p>Choisissez un bracelet en fonction de la taille de vos poignets.\u00a0<a href=\"https:\/\/trimakasi.eu\/fr\/comment-choisir-la-taille-du-bracelet\/\">Vous trouverez ici des instructions sur la fa\u00e7on de d\u00e9terminer correctement la taille.<\/a><\/p>","protected":false},"featured_media":75825,"comment_status":"open","ping_status":"closed","template":"","meta":{"_acf_changed":false,"_themeisle_gutenberg_block_has_review":false},"product_brand":[],"product_cat":[1152,1064,553],"product_tag":[],"class_list":{"0":"post-75818","1":"product","2":"type-product","3":"status-publish","4":"has-post-thumbnail","6":"product_cat-couples-bracelets","7":"product_cat-mens-jewellery","8":"product_cat-womens-jewellery","10":"first","11":"instock","12":"taxable","13":"shipping-taxable","14":"purchasable","15":"product-type-variable","16":"has-default-attributes"},"acf":[],"_links":{"self":[{"href":"https:\/\/trimakasi.eu\/fr\/wp-json\/wp\/v2\/product\/75818","targetHints":{"allow":["GET"]}}],"collection":[{"href":"https:\/\/trimakasi.eu\/fr\/wp-json\/wp\/v2\/product"}],"about":[{"href":"https:\/\/trimakasi.eu\/fr\/wp-json\/wp\/v2\/types\/product"}],"replies":[{"embeddable":true,"href":"https:\/\/trimakasi.eu\/fr\/wp-json\/wp\/v2\/comments?post=75818"}],"wp:featuredmedia":[{"embeddable":true,"href":"https:\/\/trimakasi.eu\/fr\/wp-json\/wp\/v2\/media\/75825"}],"wp:attachment":[{"href":"https:\/\/trimakasi.eu\/fr\/wp-json\/wp\/v2\/media?parent=75818"}],"wp:term":[{"taxonomy":"product_brand","embeddable":true,"href":"https:\/\/trimakasi.eu\/fr\/wp-json\/wp\/v2\/product_brand?post=75818"},{"taxonomy":"product_cat","embeddable":true,"href":"https:\/\/trimakasi.eu\/fr\/wp-json\/wp\/v2\/product_cat?post=75818"},{"taxonomy":"product_tag","embeddable":true,"href":"https:\/\/trimakasi.eu\/fr\/wp-json\/wp\/v2\/product_tag?post=75818"}],"curies":[{"name":"wp","href":"https:\/\/api.w.org\/{rel}","templated":true}]}}