{"id":75711,"date":"2019-12-15T15:35:02","date_gmt":"2019-12-15T14:35:02","guid":{"rendered":"https:\/\/trimakasi.eu\/?post_type=product&#038;p=75711"},"modified":"2025-03-04T10:49:32","modified_gmt":"2025-03-04T09:49:32","slug":"tourmaline","status":"publish","type":"product","link":"https:\/\/trimakasi.eu\/fr\/product\/tourmaline\/","title":{"rendered":"Bracelet tourmaline arc-en-ciel"},"content":{"rendered":"<h3>Tourmaline arc-en-ciel \u2013 propri\u00e9t\u00e9s<\/h3>\n<p>La tourmaline est un min\u00e9ral typique qui provient des temp\u00e9ratures et des pressions \u00e9lev\u00e9es dans le noyau terrestre, et qui remonte \u00e0 la surface par l&#039;activit\u00e9 volcanique. Une ancienne l\u00e9gende \u00e9gyptienne mentionne combien de temps la tourmaline a d\u00fb voyager du c\u0153ur de la terre pour atteindre sa surface. Il est \u00e9galement \u00e9crit dans cette l\u00e9gende que la tourmaline a travers\u00e9 l&#039;arc-en-ciel et appara\u00eet ainsi sous de nombreuses couleurs. Ce n&#039;est pas du tout loin de la v\u00e9rit\u00e9, car ce joyau peut se produire dans une multitude de couleurs et de nuances.<\/p>\n<p>Une tourmaline rose appel\u00e9e Rubelit est un cristal exceptionnel pour purifier les vieilles cicatrices de l&#039;\u00e2me qui se sont accumul\u00e9es au fil du temps. Il d\u00e9tend la culpabilit\u00e9, la d\u00e9pression et l&#039;anxi\u00e9t\u00e9.<\/p>\n<p>Les vibrations positives de la tourmaline dans les tons verts, Vendelit, apportent de la joie de vivre. Il enflamme la compassion, la patience et supprime la peur du changement.<\/p>\n<p>La tourmaline noire est une pierre protectrice traditionnelle qui prot\u00e8ge contre la n\u00e9gativit\u00e9 et la peur en g\u00e9n\u00e9ral.<\/p>\n<p>\u00c9l\u00e9ment: <strong>Eau, Terre<\/strong><\/p>\n<p>Signes du zodiaque: <strong>Capricorne, G\u00e9meaux, Scorpion et Balance<\/strong><\/p>\n<p>Ce bracelet harmonise chakra racine, chakra du c\u0153ur, chakra du troisi\u00e8me \u0153il, chakra de la couronne<\/p>\n<p><a href=\"https:\/\/trimakasi.eu\/wp-content\/uploads\/\u010dakra1.jpg\"><img loading=\"lazy\" decoding=\"async\" class=\"alignnone size-full wp-image-138513\" src=\"https:\/\/trimakasi.eu\/wp-content\/uploads\/\u010dakra1.jpg\" alt=\"Chakra racine\" width=\"81\" height=\"88\" srcset=\"https:\/\/trimakasi.eu\/wp-content\/uploads\/\u010dakra1.jpg 81w, https:\/\/trimakasi.eu\/wp-content\/uploads\/\u010dakra1-11x12.jpg 11w\" sizes=\"auto, (max-width: 81px) 100vw, 81px\" \/><\/a><a href=\"https:\/\/trimakasi.eu\/wp-content\/uploads\/2020\/07\/\u010dakra4.jpg\"><img loading=\"lazy\" decoding=\"async\" class=\"alignnone size-full wp-image-83566\" src=\"https:\/\/trimakasi.eu\/wp-content\/uploads\/2020\/07\/\u010dakra4.jpg\" alt=\"Chakra du coeur\" width=\"79\" height=\"93\" srcset=\"https:\/\/trimakasi.eu\/wp-content\/uploads\/2020\/07\/\u010dakra4.jpg 79w, https:\/\/trimakasi.eu\/wp-content\/uploads\/2020\/07\/\u010dakra4-10x12.jpg 10w\" sizes=\"auto, (max-width: 79px) 100vw, 79px\" \/><\/a><a href=\"https:\/\/trimakasi.eu\/wp-content\/uploads\/\u010dakra6.jpg\"><img loading=\"lazy\" decoding=\"async\" class=\"alignnone size-full wp-image-138516\" src=\"https:\/\/trimakasi.eu\/wp-content\/uploads\/\u010dakra6.jpg\" alt=\"Chakra du troisi\u00e8me \u0153il\" width=\"103\" height=\"98\" srcset=\"https:\/\/trimakasi.eu\/wp-content\/uploads\/\u010dakra6.jpg 103w, https:\/\/trimakasi.eu\/wp-content\/uploads\/\u010dakra6-13x12.jpg 13w\" sizes=\"auto, (max-width: 103px) 100vw, 103px\" \/><\/a><a href=\"https:\/\/trimakasi.eu\/wp-content\/uploads\/crown-chakra.jpg\"><img loading=\"lazy\" decoding=\"async\" class=\"alignnone size-full wp-image-132743\" src=\"https:\/\/trimakasi.eu\/wp-content\/uploads\/crown-chakra.jpg\" alt=\"\" width=\"92\" height=\"102\" srcset=\"https:\/\/trimakasi.eu\/wp-content\/uploads\/crown-chakra.jpg 92w, https:\/\/trimakasi.eu\/wp-content\/uploads\/crown-chakra-11x12.jpg 11w\" sizes=\"auto, (max-width: 92px) 100vw, 92px\" \/><\/a><\/p>\n<p><a href=\"https:\/\/trimakasi.eu\/fr\/vlog\/\"><u>Visitez notre blog vid\u00e9o pour d\u00e9couvrir les liens entre les pierres pr\u00e9cieuses, les signes du zodiaque, les chakras et bien plus encore.<\/u><\/a><\/p>","protected":false},"excerpt":{"rendered":"<p>La tourmaline est une pierre pr\u00e9cieuse envo\u00fbtante, disponible dans une incroyable palette de couleurs et de nuances, chacune \u00e9mettant sa propre \u00e9nergie unique. Qu\u2019elle soit vive ou douce, sa beaut\u00e9 captivante \u00e9veillera votre esprit et illuminera votre visage d\u2019un sourire ! D\u00e9couvrez ci-dessous les propri\u00e9t\u00e9s de cette pierre fascinante.<\/p>\n<p>Choisissez un bracelet par sa taille et par la couleur de la derni\u00e8re perle.\u00a0<a href=\"https:\/\/trimakasi.eu\/fr\/comment-choisir-la-taille-du-bracelet\/\">Vous trouverez ici des instructions sur la fa\u00e7on de d\u00e9terminer correctement la taille.<\/a><\/p>","protected":false},"featured_media":75789,"comment_status":"open","ping_status":"closed","template":"","meta":{"_acf_changed":false,"_themeisle_gutenberg_block_has_review":false},"product_brand":[],"product_cat":[1687,554,553],"product_tag":[],"class_list":{"0":"post-75711","1":"product","2":"type-product","3":"status-publish","4":"has-post-thumbnail","6":"product_cat-elastic-bracelets","7":"product_cat-natural-gemstone-bracelets","8":"product_cat-womens-jewellery","10":"first","11":"instock","12":"taxable","13":"shipping-taxable","14":"purchasable","15":"product-type-variable","16":"has-default-attributes"},"acf":[],"_links":{"self":[{"href":"https:\/\/trimakasi.eu\/fr\/wp-json\/wp\/v2\/product\/75711","targetHints":{"allow":["GET"]}}],"collection":[{"href":"https:\/\/trimakasi.eu\/fr\/wp-json\/wp\/v2\/product"}],"about":[{"href":"https:\/\/trimakasi.eu\/fr\/wp-json\/wp\/v2\/types\/product"}],"replies":[{"embeddable":true,"href":"https:\/\/trimakasi.eu\/fr\/wp-json\/wp\/v2\/comments?post=75711"}],"wp:featuredmedia":[{"embeddable":true,"href":"https:\/\/trimakasi.eu\/fr\/wp-json\/wp\/v2\/media\/75789"}],"wp:attachment":[{"href":"https:\/\/trimakasi.eu\/fr\/wp-json\/wp\/v2\/media?parent=75711"}],"wp:term":[{"taxonomy":"product_brand","embeddable":true,"href":"https:\/\/trimakasi.eu\/fr\/wp-json\/wp\/v2\/product_brand?post=75711"},{"taxonomy":"product_cat","embeddable":true,"href":"https:\/\/trimakasi.eu\/fr\/wp-json\/wp\/v2\/product_cat?post=75711"},{"taxonomy":"product_tag","embeddable":true,"href":"https:\/\/trimakasi.eu\/fr\/wp-json\/wp\/v2\/product_tag?post=75711"}],"curies":[{"name":"wp","href":"https:\/\/api.w.org\/{rel}","templated":true}]}}