{"id":75186,"date":"2022-11-09T10:59:34","date_gmt":"2022-11-09T09:59:34","guid":{"rendered":"https:\/\/trimakasi.eu\/?post_type=product&#038;p=75186"},"modified":"2025-06-28T21:42:54","modified_gmt":"2025-06-28T19:42:54","slug":"bracelet-homme-tempest","status":"publish","type":"product","link":"https:\/\/trimakasi.eu\/fr\/product\/tempest-mens-bracelet\/","title":{"rendered":"Bracelet homme Tempest"},"content":{"rendered":"<h3>Acier inoxydable rev\u00eatu de PVD noir<\/h3>\n<h3>Lapis lazuli<\/h3>\n<p>Cette myst\u00e9rieuse pierre bleu profond dans la version mate est parfois appel\u00e9e la \u00abpierre des magiciens\u00bb. C&#039;est un symbole de v\u00e9rit\u00e9 et de sagesse qui aide \u00e0 harmoniser son environnement.<\/p>\n<h3>Pierre de lave<\/h3>\n<p>La pierre de lave est \u00e9galement surnomm\u00e9e \u00ab La pierre de la renaissance \u00bb car elle a la capacit\u00e9 d&#039;aider ceux qui la portent \u00e0 se d\u00e9barrasser des \u00e9motions inutiles et malsaines. La pierre de lave nous maintient mentalement stable et nous aide \u00e0 r\u00e9duire la col\u00e8re.<\/p>\n<p>\u00c9l\u00e9ment: <strong>Eau, Feu, Terre<\/strong><\/p>\n<p>Signes du zodiaque: <strong>Chaque signe peut b\u00e9n\u00e9ficier de l&#039;effet de mise \u00e0 la terre de la pierre de lave<\/strong><\/p>\n<p>Le bracelet harmonise le chakra racine, le chakra de la gorge et le chakra du troisi\u00e8me \u0153il<\/p>\n<p><a href=\"https:\/\/trimakasi.eu\/wp-content\/uploads\/\u010dakra1.jpg\"><img loading=\"lazy\" decoding=\"async\" class=\"alignnone size-full wp-image-138513\" src=\"https:\/\/trimakasi.eu\/wp-content\/uploads\/\u010dakra1.jpg\" alt=\"Chakra racine\" width=\"81\" height=\"88\" srcset=\"https:\/\/trimakasi.eu\/wp-content\/uploads\/\u010dakra1.jpg 81w, https:\/\/trimakasi.eu\/wp-content\/uploads\/\u010dakra1-11x12.jpg 11w\" sizes=\"auto, (max-width: 81px) 100vw, 81px\" \/><\/a><a href=\"https:\/\/trimakasi.eu\/wp-content\/uploads\/\u010dakra5.jpg\"><img loading=\"lazy\" decoding=\"async\" class=\"alignnone size-full wp-image-138515\" src=\"https:\/\/trimakasi.eu\/wp-content\/uploads\/\u010dakra5.jpg\" alt=\"Chakra de la gorge\" width=\"81\" height=\"87\" srcset=\"https:\/\/trimakasi.eu\/wp-content\/uploads\/\u010dakra5.jpg 81w, https:\/\/trimakasi.eu\/wp-content\/uploads\/\u010dakra5-11x12.jpg 11w\" sizes=\"auto, (max-width: 81px) 100vw, 81px\" \/><\/a><a href=\"https:\/\/trimakasi.eu\/wp-content\/uploads\/\u010dakra6.jpg\"><img loading=\"lazy\" decoding=\"async\" class=\"alignnone size-full wp-image-138516\" src=\"https:\/\/trimakasi.eu\/wp-content\/uploads\/\u010dakra6.jpg\" alt=\"Chakra du troisi\u00e8me \u0153il\" width=\"103\" height=\"98\" srcset=\"https:\/\/trimakasi.eu\/wp-content\/uploads\/\u010dakra6.jpg 103w, https:\/\/trimakasi.eu\/wp-content\/uploads\/\u010dakra6-13x12.jpg 13w\" sizes=\"auto, (max-width: 103px) 100vw, 103px\" \/><\/a><\/p>\n<p><a href=\"https:\/\/trimakasi.eu\/fr\/vlog\/\"><u>Visitez notre blog vid\u00e9o pour d\u00e9couvrir les liens entre les pierres pr\u00e9cieuses, les signes du zodiaque, les chakras et bien plus encore.<\/u><\/a><\/p>","protected":false},"excerpt":{"rendered":"<p>Le bracelet Temp\u00eate r\u00e9unit trois pierres pr\u00e9cieuses mates\u00a0: l&#039;onyx noir, la pierre de lave et le lapis-lazuli, chacune reconnue pour ses propri\u00e9t\u00e9s \u00e9nergisantes et apaisantes. Associ\u00e9 \u00e0 de l&#039;acier inoxydable de haute qualit\u00e9 et dot\u00e9 d&#039;un rev\u00eatement PVD noir r\u00e9sistant, ce bracelet est con\u00e7u pour les hommes qui appr\u00e9cient la sobri\u00e9t\u00e9 et le style intemporel.<\/p>\n<p>Choisissez un bracelet par la taille.\u00a0<a href=\"https:\/\/trimakasi.eu\/fr\/comment-choisir-la-taille-du-bracelet\/\">Vous trouverez ici des instructions sur la fa\u00e7on de d\u00e9terminer correctement la taille.<\/a>\u00a0Coffret cadeau noir de luxe gratuit!<\/p>","protected":false},"featured_media":75266,"comment_status":"open","ping_status":"closed","template":"","meta":{"_acf_changed":false,"_themeisle_gutenberg_block_has_review":false},"product_brand":[],"product_cat":[1687,1064,1067],"product_tag":[],"class_list":{"0":"post-75186","1":"product","2":"type-product","3":"status-publish","4":"has-post-thumbnail","6":"product_cat-elastic-bracelets","7":"product_cat-mens-jewellery","8":"product_cat-premium-bracelets-for-men","10":"first","11":"instock","12":"taxable","13":"shipping-taxable","14":"purchasable","15":"product-type-variable","16":"has-default-attributes"},"acf":[],"_links":{"self":[{"href":"https:\/\/trimakasi.eu\/fr\/wp-json\/wp\/v2\/product\/75186","targetHints":{"allow":["GET"]}}],"collection":[{"href":"https:\/\/trimakasi.eu\/fr\/wp-json\/wp\/v2\/product"}],"about":[{"href":"https:\/\/trimakasi.eu\/fr\/wp-json\/wp\/v2\/types\/product"}],"replies":[{"embeddable":true,"href":"https:\/\/trimakasi.eu\/fr\/wp-json\/wp\/v2\/comments?post=75186"}],"wp:featuredmedia":[{"embeddable":true,"href":"https:\/\/trimakasi.eu\/fr\/wp-json\/wp\/v2\/media\/75266"}],"wp:attachment":[{"href":"https:\/\/trimakasi.eu\/fr\/wp-json\/wp\/v2\/media?parent=75186"}],"wp:term":[{"taxonomy":"product_brand","embeddable":true,"href":"https:\/\/trimakasi.eu\/fr\/wp-json\/wp\/v2\/product_brand?post=75186"},{"taxonomy":"product_cat","embeddable":true,"href":"https:\/\/trimakasi.eu\/fr\/wp-json\/wp\/v2\/product_cat?post=75186"},{"taxonomy":"product_tag","embeddable":true,"href":"https:\/\/trimakasi.eu\/fr\/wp-json\/wp\/v2\/product_tag?post=75186"}],"curies":[{"name":"wp","href":"https:\/\/api.w.org\/{rel}","templated":true}]}}