{"id":75028,"date":"2019-11-05T18:07:05","date_gmt":"2019-11-05T17:07:05","guid":{"rendered":"https:\/\/trimakasi.eu\/?post_type=product&#038;p=75028"},"modified":"2025-06-15T11:27:54","modified_gmt":"2025-06-15T09:27:54","slug":"noir-mat-agate","status":"publish","type":"product","link":"https:\/\/trimakasi.eu\/fr\/product\/black-matte-onyx\/","title":{"rendered":"Bracelet onyx noir mat"},"content":{"rendered":"<h3>Onyx noir \u2013 propri\u00e9t\u00e9s<\/h3>\n<p>Onyx favorise g\u00e9n\u00e9ralement la stabilit\u00e9 int\u00e9rieure, le calme et la maturit\u00e9 mentale. Ses vibrations agr\u00e9ables ont des propri\u00e9t\u00e9s protectrices et favorisent la confiance en soi et donnent \u00e9galement un sentiment de s\u00e9curit\u00e9.<\/p>\n<p>L&#039;onyx noir a la capacit\u00e9 d&#039;augmenter la volont\u00e9 de son propri\u00e9taire et l&#039;aide \u00e0 affronter les probl\u00e8mes avec courage. Cela nous aide \u00e0 trouver des solutions au lieu de trouver des probl\u00e8mes et de chasser l&#039;id\u00e9e d&#039;abandonner. L&#039;onyx noir est une pierre universelle adapt\u00e9e \u00e0 presque tous les signes du zodiaque.<\/p>\n<p>\u00c9l\u00e9ment: <strong>Feu<\/strong><\/p>\n<p>Signe du zodiaque: <strong>Vierge, G\u00e9meaux, Scorpion, Poissons, Verseau, Capricorne, Cancer, Taureau, B\u00e9lier<\/strong><\/p>\n<p>Le bracelet harmonise le chakra racine<\/p>\n<p><a href=\"https:\/\/trimakasi.eu\/wp-content\/uploads\/\u010dakra1.jpg\"><img loading=\"lazy\" decoding=\"async\" class=\"alignnone size-full wp-image-138513\" src=\"https:\/\/trimakasi.eu\/wp-content\/uploads\/\u010dakra1.jpg\" alt=\"Chakra racine\" width=\"81\" height=\"88\" srcset=\"https:\/\/trimakasi.eu\/wp-content\/uploads\/\u010dakra1.jpg 81w, https:\/\/trimakasi.eu\/wp-content\/uploads\/\u010dakra1-11x12.jpg 11w\" sizes=\"auto, (max-width: 81px) 100vw, 81px\" \/><\/a><\/p>\n<p><a href=\"https:\/\/trimakasi.eu\/fr\/vlog\/\"><u>Visitez notre blog vid\u00e9o pour d\u00e9couvrir les liens entre les pierres pr\u00e9cieuses, les signes du zodiaque, les chakras et bien plus encore.<\/u><\/a><\/p>","protected":false},"excerpt":{"rendered":"<p>\u00c9l\u00e9gant, mat, l&#039;onyx noir est un excellent accessoire de mode, r\u00e9cemment populaire surtout chez les hommes. En savoir plus sur les propri\u00e9t\u00e9s de cette pierre ci-dessous.<\/p>\n<p>Choisissez un bracelet par sa taille et par la couleur de la derni\u00e8re perle.\u00a0<a href=\"https:\/\/trimakasi.eu\/fr\/comment-choisir-la-taille-du-bracelet\/\">Vous trouverez ici des instructions sur la fa\u00e7on de d\u00e9terminer correctement la taille.<\/a><\/p>","protected":false},"featured_media":105129,"comment_status":"open","ping_status":"closed","template":"","meta":{"_acf_changed":false,"_themeisle_gutenberg_block_has_review":false},"product_brand":[],"product_cat":[1687,1064,554,1068,553],"product_tag":[],"class_list":{"0":"post-75028","1":"product","2":"type-product","3":"status-publish","4":"has-post-thumbnail","6":"product_cat-elastic-bracelets","7":"product_cat-mens-jewellery","8":"product_cat-natural-gemstone-bracelets","9":"product_cat-natural-gemstone-bracelets-for-men","10":"product_cat-womens-jewellery","12":"first","13":"instock","14":"taxable","15":"shipping-taxable","16":"purchasable","17":"product-type-variable","18":"has-default-attributes"},"acf":[],"_links":{"self":[{"href":"https:\/\/trimakasi.eu\/fr\/wp-json\/wp\/v2\/product\/75028","targetHints":{"allow":["GET"]}}],"collection":[{"href":"https:\/\/trimakasi.eu\/fr\/wp-json\/wp\/v2\/product"}],"about":[{"href":"https:\/\/trimakasi.eu\/fr\/wp-json\/wp\/v2\/types\/product"}],"replies":[{"embeddable":true,"href":"https:\/\/trimakasi.eu\/fr\/wp-json\/wp\/v2\/comments?post=75028"}],"wp:featuredmedia":[{"embeddable":true,"href":"https:\/\/trimakasi.eu\/fr\/wp-json\/wp\/v2\/media\/105129"}],"wp:attachment":[{"href":"https:\/\/trimakasi.eu\/fr\/wp-json\/wp\/v2\/media?parent=75028"}],"wp:term":[{"taxonomy":"product_brand","embeddable":true,"href":"https:\/\/trimakasi.eu\/fr\/wp-json\/wp\/v2\/product_brand?post=75028"},{"taxonomy":"product_cat","embeddable":true,"href":"https:\/\/trimakasi.eu\/fr\/wp-json\/wp\/v2\/product_cat?post=75028"},{"taxonomy":"product_tag","embeddable":true,"href":"https:\/\/trimakasi.eu\/fr\/wp-json\/wp\/v2\/product_tag?post=75028"}],"curies":[{"name":"wp","href":"https:\/\/api.w.org\/{rel}","templated":true}]}}