{"id":74584,"date":"2019-05-23T13:44:36","date_gmt":"2019-05-23T11:44:36","guid":{"rendered":"https:\/\/trimakasi.eu\/product\/lavovy-kamen-naramek\/"},"modified":"2025-08-05T20:45:58","modified_gmt":"2025-08-05T18:45:58","slug":"pierre-de-lave","status":"publish","type":"product","link":"https:\/\/trimakasi.eu\/fr\/product\/lava-stone\/","title":{"rendered":"Bracelet en pierre de lave"},"content":{"rendered":"<h3>Pierre de lave \u2013 propri\u00e9t\u00e9s<\/h3>\n<p>Gr\u00e2ce \u00e0 la structure poreuse naturelle de ces pierres, parfois appel\u00e9es Vulkanite, vous ne trouverez jamais deux perles identiques. La lave provient directement du c\u0153ur de la terre et sa signification spirituelle concerne la mise \u00e0 la terre et la connexion avec la nature. Les Am\u00e9rindiens portaient un morceau de pierre de lave dans les batailles parce qu&#039;ils croyaient que sa puissance leur apporterait courage et force.<\/p>\n<p>La pierre de lave est \u00e9galement surnomm\u00e9e \u00abla pierre de renaissance\u00bb car elle a la capacit\u00e9 d&#039;aider ceux qui la portent \u00e0 se d\u00e9barrasser des \u00e9motions inutiles et malsaines. La pierre de lave nous maintient mentalement stables et nous aide \u00e0 r\u00e9duire la col\u00e8re. L&#039;effet de mise \u00e0 la terre de pierre de lave est \u00e9galement utilis\u00e9 par exemple pour les massages.<\/p>\n<p>\u00c9l\u00e9ment:<strong> Feu, Terre<\/strong><\/p>\n<p>Signe du zodiaque:<strong> B\u00e9n\u00e9fique pour tous les signes du zodiaque<\/strong><\/p>\n<p>La pierre de lave harmonise le chakra racine :<\/p>\n<p><a href=\"https:\/\/trimakasi.eu\/wp-content\/uploads\/\u010dakra1.jpg\"><img loading=\"lazy\" decoding=\"async\" class=\"alignnone size-full wp-image-138513\" src=\"https:\/\/trimakasi.eu\/wp-content\/uploads\/\u010dakra1.jpg\" alt=\"Chakra racine\" width=\"81\" height=\"88\" srcset=\"https:\/\/trimakasi.eu\/wp-content\/uploads\/\u010dakra1.jpg 81w, https:\/\/trimakasi.eu\/wp-content\/uploads\/\u010dakra1-11x12.jpg 11w\" sizes=\"auto, (max-width: 81px) 100vw, 81px\" \/><\/a><\/p>\n<p><a href=\"https:\/\/trimakasi.eu\/fr\/vlog\/\"><u>Visitez notre blog vid\u00e9o pour d\u00e9couvrir les liens entre les pierres pr\u00e9cieuses, les signes du zodiaque, les chakras et bien plus encore.<\/u><\/a><\/p>\n<p>&nbsp;<\/p>","protected":false},"excerpt":{"rendered":"<p>Sublimez votre style quotidien avec ce remarquable bracelet en pierre volcanique. Issu de roche volcanique, chaque perle symbolise l'ancrage et le renouveau, vous rappelant de rester enracin\u00e9 tout en accueillant de nouveaux d\u00e9parts. D\u00e9couvrez ses propri\u00e9t\u00e9s uniques ci-dessous.<\/p>\n<p>Choisissez un bracelet par sa taille et par la couleur de la derni\u00e8re perle.\u00a0<a href=\"https:\/\/trimakasi.eu\/fr\/comment-choisir-la-taille-du-bracelet\/\">Vous trouverez ici des instructions sur la fa\u00e7on de d\u00e9terminer correctement la taille.<\/a><\/p>","protected":false},"featured_media":74833,"comment_status":"open","ping_status":"closed","template":"","meta":{"_acf_changed":false,"_themeisle_gutenberg_block_has_review":false},"product_brand":[],"product_cat":[1687,1064,554,1068,553],"product_tag":[],"class_list":{"0":"post-74584","1":"product","2":"type-product","3":"status-publish","4":"has-post-thumbnail","6":"product_cat-elastic-bracelets","7":"product_cat-mens-jewellery","8":"product_cat-natural-gemstone-bracelets","9":"product_cat-natural-gemstone-bracelets-for-men","10":"product_cat-womens-jewellery","12":"first","13":"instock","14":"taxable","15":"shipping-taxable","16":"purchasable","17":"product-type-variable","18":"has-default-attributes"},"acf":[],"_links":{"self":[{"href":"https:\/\/trimakasi.eu\/fr\/wp-json\/wp\/v2\/product\/74584","targetHints":{"allow":["GET"]}}],"collection":[{"href":"https:\/\/trimakasi.eu\/fr\/wp-json\/wp\/v2\/product"}],"about":[{"href":"https:\/\/trimakasi.eu\/fr\/wp-json\/wp\/v2\/types\/product"}],"replies":[{"embeddable":true,"href":"https:\/\/trimakasi.eu\/fr\/wp-json\/wp\/v2\/comments?post=74584"}],"wp:featuredmedia":[{"embeddable":true,"href":"https:\/\/trimakasi.eu\/fr\/wp-json\/wp\/v2\/media\/74833"}],"wp:attachment":[{"href":"https:\/\/trimakasi.eu\/fr\/wp-json\/wp\/v2\/media?parent=74584"}],"wp:term":[{"taxonomy":"product_brand","embeddable":true,"href":"https:\/\/trimakasi.eu\/fr\/wp-json\/wp\/v2\/product_brand?post=74584"},{"taxonomy":"product_cat","embeddable":true,"href":"https:\/\/trimakasi.eu\/fr\/wp-json\/wp\/v2\/product_cat?post=74584"},{"taxonomy":"product_tag","embeddable":true,"href":"https:\/\/trimakasi.eu\/fr\/wp-json\/wp\/v2\/product_tag?post=74584"}],"curies":[{"name":"wp","href":"https:\/\/api.w.org\/{rel}","templated":true}]}}