{"id":74554,"date":"2018-05-23T13:43:58","date_gmt":"2018-05-23T11:43:58","guid":{"rendered":"https:\/\/trimakasi.eu\/product\/Trimakasi-naramek-grey-joy\/"},"modified":"2024-03-25T19:13:43","modified_gmt":"2024-03-25T18:13:43","slug":"bracelet-tresse-joy-gris","status":"publish","type":"product","link":"https:\/\/trimakasi.eu\/fr\/product\/grey-joy-braided-bracelet\/","title":{"rendered":"Bracelet tress\u00e9 Joy Gris"},"content":{"rendered":"<h3>Bracelets tress\u00e9s Trimakasi<\/h3>\n<p>Bracelets de luxe fabriqu\u00e9s \u00e0 la main qui allient spiritualit\u00e9 et modernit\u00e9. Les bracelets Trimakasi sont des talismans de gratitude, d&#039;\u00e9quilibre et d&#039;espoir, qui vous rechargeront d&#039;\u00e9nergie positive m\u00eame pendant les jours les plus sombres.<\/p>\n<p>Les bracelets tress\u00e9s Trimakasi sont faits d&#039;un cordon en nylon de la plus haute qualit\u00e9 attach\u00e9 avec des clins d&#039;\u0153il sp\u00e9ciaux. Ils contiennent le pouvoir cach\u00e9 de la nature dans les perles en pierres pr\u00e9cieuses naturelles.<\/p>\n<h3>Cristal de quartz<\/h3>\n<p id=\"tw-target-text\" class=\"tw-data-text tw-ta tw-text-small\" dir=\"ltr\" data-placeholder=\"P\u0159eklad\"><span lang=\"en\" tabindex=\"0\">Le cristal de quartz fissur\u00e9 est d&#039;origine naturelle, uniquement trait\u00e9 thermiquement pour obtenir une structure interne fissur\u00e9e. Il prot\u00e8ge la puret\u00e9 de l&#039;\u00e2me, am\u00e9liore la concentration, prot\u00e8ge contre la n\u00e9gativit\u00e9 et est tr\u00e8s appropri\u00e9 pour la m\u00e9ditation et l&#039;augmentation globale de la force mentale.<\/span><\/p>\n<h3 id=\"tw-target-text\" class=\"tw-data-text tw-text-large XcVN5d tw-ta\" dir=\"ltr\" data-placeholder=\"P\u0159eklad\"><a href=\"https:\/\/trimakasi.eu\/fr\/product\/selenite\/\"><span class=\"Y2IQFc\" lang=\"en\">S\u00e9l\u00e9nite marocaine<\/span><\/a><\/h3>\n<p id=\"tw-target-text\" class=\"tw-data-text tw-ta tw-text-small\" dir=\"ltr\" data-placeholder=\"P\u0159eklad\"><span lang=\"en\" tabindex=\"0\">Le s\u00e9l\u00e9nite blanc nous influence par sa puret\u00e9 dans le d\u00e9veloppement mental. Il illumine et apaise l&#039;esprit, soulage le stress et renforce la m\u00e9moire et l&#039;intuition. Il nettoie \u00e9galement l&#039;\u00e9nergie n\u00e9gative, augmente la pr\u00e9sence de vibrations positives et nous aide \u00e0 combattre la paresse. La s\u00e9l\u00e9nite absorbe l&#039;\u00e9nergie et la renvoie \u00e0 l&#039;\u00e9metteur transmut\u00e9e et amplifi\u00e9e. Les anciens \u00c9gyptiens l&#039;utilisaient pour \u00e9liminer les blocs d&#039;\u00e9nergie dans le corps.<\/span><\/p>\n<h3>Howlite<\/h3>\n<p>Il apporte paix profonde, d\u00e9tente, harmonie, apaise l&#039;esprit et nous rend plus r\u00e9sistants au stress. Howlit est \u00e9galement connu sous le nom de Lapis Howlit, White Turquoise et Kaolinite.<\/p>\n<p id=\"tw-target-text\" class=\"tw-data-text tw-ta tw-text-medium\" dir=\"ltr\" data-placeholder=\"P\u0159eklad\"><span lang=\"en\" tabindex=\"0\">\u00c9l\u00e9ment: <strong>Terre, Feu, Eau, Air<\/strong><\/span><\/p>\n<p>Signe du zodiaque: <strong>Convient \u00e0 tous les signes.<\/strong><\/p>\n<p>Le bracelet harmonise tous les chakras mais principalement le chakra du C\u0153ur et de la Couronne:<\/p>\n<p><a href=\"https:\/\/trimakasi.eu\/wp-content\/uploads\/2020\/07\/\u010dakra4.jpg\"><img loading=\"lazy\" decoding=\"async\" class=\"alignnone size-full wp-image-83566\" src=\"https:\/\/trimakasi.eu\/wp-content\/uploads\/2020\/07\/\u010dakra4.jpg\" alt=\"Chakra du coeur\" width=\"79\" height=\"93\" srcset=\"https:\/\/trimakasi.eu\/wp-content\/uploads\/2020\/07\/\u010dakra4.jpg 79w, https:\/\/trimakasi.eu\/wp-content\/uploads\/2020\/07\/\u010dakra4-10x12.jpg 10w\" sizes=\"auto, (max-width: 79px) 100vw, 79px\" \/><\/a><a href=\"https:\/\/trimakasi.eu\/wp-content\/uploads\/crown-chakra.jpg\"><img loading=\"lazy\" decoding=\"async\" class=\"alignnone size-full wp-image-132743\" src=\"https:\/\/trimakasi.eu\/wp-content\/uploads\/crown-chakra.jpg\" alt=\"\" width=\"92\" height=\"102\" srcset=\"https:\/\/trimakasi.eu\/wp-content\/uploads\/crown-chakra.jpg 92w, https:\/\/trimakasi.eu\/wp-content\/uploads\/crown-chakra-11x12.jpg 11w\" sizes=\"auto, (max-width: 92px) 100vw, 92px\" \/><\/a><\/p>\n<p><a href=\"https:\/\/trimakasi.eu\/fr\/vlog\/\"><u>Visitez notre blog vid\u00e9o pour d\u00e9couvrir les liens entre les pierres pr\u00e9cieuses, les signes du zodiaque, les chakras et bien plus encore.<\/u><\/a><\/p>","protected":false},"excerpt":{"rendered":"<p>Bracelet Trimakasi gris \u2013 palette de perles ombr\u00e9es grises combin\u00e9es \u00e0 un cordon de s\u00e9l\u00e9nite blanc et d&#039;argent. AVERTISSEMENT : la s\u00e9l\u00e9nite est une pierre pr\u00e9cieuse naturelle tr\u00e8s douce qui peut \u00eatre facilement endommag\u00e9e par une utilisation n\u00e9gligente ou par l&#039;exposition \u00e0 certains liquides ! En savoir plus sur ce bracelet ci-dessous.<\/p>\n<p>Bracelet tress\u00e9 ajustable selon la taille, mais nous vous recommandons de le choisir en fonction de la taille de votre tour de poignet.\u00a0<u><a href=\"https:\/\/trimakasi.eu\/fr\/comment-choisir-la-taille-du-bracelet\/\">Instructions sur la fa\u00e7on de d\u00e9terminer correctement t<\/a><\/u><u><\/u><a href=\"https:\/\/trimakasi.eu\/fr\/comment-choisir-la-taille-du-bracelet\/\"><u>la taille peut \u00eatre trouv\u00e9e ici<\/u><\/a><\/p>","protected":false},"featured_media":85406,"comment_status":"open","ping_status":"closed","template":"","meta":{"_acf_changed":false,"_themeisle_gutenberg_block_has_review":false},"product_brand":[],"product_cat":[1688,570,553],"product_tag":[],"class_list":{"0":"post-74554","1":"product","2":"type-product","3":"status-publish","4":"has-post-thumbnail","6":"product_cat-braided-bracelets","7":"product_cat-braided-bracelets-for-women","8":"product_cat-womens-jewellery","10":"first","11":"instock","12":"taxable","13":"shipping-taxable","14":"purchasable","15":"product-type-variable","16":"has-default-attributes"},"acf":[],"_links":{"self":[{"href":"https:\/\/trimakasi.eu\/fr\/wp-json\/wp\/v2\/product\/74554","targetHints":{"allow":["GET"]}}],"collection":[{"href":"https:\/\/trimakasi.eu\/fr\/wp-json\/wp\/v2\/product"}],"about":[{"href":"https:\/\/trimakasi.eu\/fr\/wp-json\/wp\/v2\/types\/product"}],"replies":[{"embeddable":true,"href":"https:\/\/trimakasi.eu\/fr\/wp-json\/wp\/v2\/comments?post=74554"}],"wp:featuredmedia":[{"embeddable":true,"href":"https:\/\/trimakasi.eu\/fr\/wp-json\/wp\/v2\/media\/85406"}],"wp:attachment":[{"href":"https:\/\/trimakasi.eu\/fr\/wp-json\/wp\/v2\/media?parent=74554"}],"wp:term":[{"taxonomy":"product_brand","embeddable":true,"href":"https:\/\/trimakasi.eu\/fr\/wp-json\/wp\/v2\/product_brand?post=74554"},{"taxonomy":"product_cat","embeddable":true,"href":"https:\/\/trimakasi.eu\/fr\/wp-json\/wp\/v2\/product_cat?post=74554"},{"taxonomy":"product_tag","embeddable":true,"href":"https:\/\/trimakasi.eu\/fr\/wp-json\/wp\/v2\/product_tag?post=74554"}],"curies":[{"name":"wp","href":"https:\/\/api.w.org\/{rel}","templated":true}]}}