{"id":74544,"date":"2019-05-23T13:43:48","date_gmt":"2019-05-23T11:43:48","guid":{"rendered":"https:\/\/trimakasi.eu\/product\/Trimakasi-naramek-white-lady\/"},"modified":"2025-03-16T13:22:50","modified_gmt":"2025-03-16T12:22:50","slug":"bracelet-tresse-dame-blanche","status":"publish","type":"product","link":"https:\/\/trimakasi.eu\/fr\/product\/white-lady-braided-bracelet\/","title":{"rendered":"Bracelet tress\u00e9 White lady"},"content":{"rendered":"<h3>Trimakasi<\/h3>\n<p>Les bracelets Trimakasi sont fabriqu\u00e9s avec un cordon en nylon de la plus haute qualit\u00e9. Ils contiennent le pouvoir cach\u00e9 de la nature dans les perles faites de pierres pr\u00e9cieuses, de bois et de m\u00e9taux.<\/p>\n<p>Le sens du mot Trimakasi vient de la culture bouddhiste et signifie litt\u00e9ralement \u00ab lieu de paix \u00bb. Les bouddhistes tib\u00e9tains croient en l&#039;existence de l&#039;empire mystique appel\u00e9 &quot;Trimakasi&quot;, qui doit \u00eatre situ\u00e9, selon les l\u00e9gendes, haut dans l&#039;Himalaya sup\u00e9rieur, cach\u00e9 \u00e0 ceux qui n&#039;en sont pas dignes. C&#039;est un sanctuaire spirituel plein d&#039;amour, de puret\u00e9, d&#039;illumination et de paix, o\u00f9 les gens sont immunis\u00e9s contre la peur et la souffrance.<\/p>\n<h3>Cristal de quartz<\/h3>\n<p id=\"tw-target-text\" class=\"tw-data-text tw-ta tw-text-small\" dir=\"ltr\" data-placeholder=\"P\u0159eklad\"><span lang=\"en\" tabindex=\"0\">Il prot\u00e8ge la puret\u00e9 de l&#039;\u00e2me, am\u00e9liore la concentration, prot\u00e8ge contre la n\u00e9gativit\u00e9, il convient \u00e0 la m\u00e9ditation et augmente globalement la force mentale.<\/span><\/p>\n<p class=\"tw-data-text tw-ta tw-text-small\" dir=\"ltr\" data-placeholder=\"P\u0159eklad\"><span lang=\"en\" tabindex=\"0\">Les noms historiques de cette pierre incluent des expressions telles que \u00ablumi\u00e8re gel\u00e9e\u00bb, \u00abeau sacr\u00e9e\u00bb ou \u00abessence de dragon\u00bb, comme on l&#039;appelle dans les traditions chinoises et japonaises. Les bouddhistes l&#039;appelaient \u00abn\u00e9ant visible\u00bb, et les aborig\u00e8nes australiens l&#039;appelaient \u00ablumi\u00e8re fossilis\u00e9e\u00bb et croyaient qu&#039;elle contenait l&#039;essence du Grand Esprit. Dans la tradition grecque, on l&#039;appelait \u00abglace pure\u00bb, c&#039;est-\u00e0-dire, selon les l\u00e9gendes, bris\u00e9e en milliers de morceaux apr\u00e8s qu&#039;Hercule l&#039;ait fait tomber du mont sacr\u00e9 Olympe.<\/span><\/p>\n<h3 id=\"tw-target-text\" class=\"tw-data-text tw-text-large XcVN5d tw-ta\" dir=\"ltr\" data-placeholder=\"P\u0159eklad\"><span class=\"Y2IQFc\" lang=\"en\">S\u00e9l\u00e9nite marocaine<\/span><\/h3>\n<p id=\"tw-target-text\" class=\"tw-data-text tw-ta tw-text-small\" dir=\"ltr\" data-placeholder=\"P\u0159eklad\"><span lang=\"en\" tabindex=\"0\">Le s\u00e9l\u00e9nite blanc nous influence par sa puret\u00e9 dans le d\u00e9veloppement mental. Il illumine et apaise l&#039;esprit, soulage le stress et renforce la m\u00e9moire et l&#039;intuition. Il nettoie \u00e9galement l&#039;\u00e9nergie n\u00e9gative, augmente la pr\u00e9sence de vibrations positives et nous aide \u00e0 combattre la paresse. La s\u00e9l\u00e9nite absorbe l&#039;\u00e9nergie et la renvoie \u00e0 l&#039;\u00e9metteur transmut\u00e9e et amplifi\u00e9e. Les anciens \u00c9gyptiens l&#039;utilisaient pour \u00e9liminer les blocs d&#039;\u00e9nergie dans le corps.<\/span><\/p>\n<p>\u00c9l\u00e9ment: <strong>Terre, Feu, Eau, Air<\/strong><\/p>\n<p>Signe du zodiaque: <strong>Convient \u00e0 tous les signes.<\/strong><\/p>\n<p>Le bracelet harmonise tous les chakras mais principalement le chakra du C\u0153ur et de la Couronne:<\/p>\n<p><a href=\"https:\/\/trimakasi.eu\/wp-content\/uploads\/2020\/07\/\u010dakra4.jpg\"><img loading=\"lazy\" decoding=\"async\" class=\"alignnone size-full wp-image-83566\" src=\"https:\/\/trimakasi.eu\/wp-content\/uploads\/2020\/07\/\u010dakra4.jpg\" alt=\"Chakra du coeur\" width=\"79\" height=\"93\" srcset=\"https:\/\/trimakasi.eu\/wp-content\/uploads\/2020\/07\/\u010dakra4.jpg 79w, https:\/\/trimakasi.eu\/wp-content\/uploads\/2020\/07\/\u010dakra4-10x12.jpg 10w\" sizes=\"auto, (max-width: 79px) 100vw, 79px\" \/><\/a><a href=\"https:\/\/trimakasi.eu\/wp-content\/uploads\/crown-chakra.jpg\"><img loading=\"lazy\" decoding=\"async\" class=\"alignnone size-full wp-image-132743\" src=\"https:\/\/trimakasi.eu\/wp-content\/uploads\/crown-chakra.jpg\" alt=\"\" width=\"92\" height=\"102\" srcset=\"https:\/\/trimakasi.eu\/wp-content\/uploads\/crown-chakra.jpg 92w, https:\/\/trimakasi.eu\/wp-content\/uploads\/crown-chakra-11x12.jpg 11w\" sizes=\"auto, (max-width: 92px) 100vw, 92px\" \/><\/a><\/p>\n<p><a href=\"https:\/\/trimakasi.eu\/fr\/vlog\/\"><u>Visitez notre blog vid\u00e9o pour d\u00e9couvrir les liens entre les pierres pr\u00e9cieuses, les signes du zodiaque, les chakras et bien plus encore.<\/u><\/a><\/p>","protected":false},"excerpt":{"rendered":"<p>L&#039;\u00e9clat blanc comme neige de la s\u00e9l\u00e9nite blanche et l&#039;\u00e9clat du cristal craquel\u00e9 font de ce bracelet un bijou unique pour femme. AVERTISSEMENT : la s\u00e9l\u00e9nite est une pierre pr\u00e9cieuse naturelle tr\u00e8s douce qui peut \u00eatre facilement endommag\u00e9e par une utilisation n\u00e9gligente ou par l&#039;exposition \u00e0 certains liquides ! En savoir plus sur ce bracelet ci-dessous.<\/p>\n<p>Bracelet tress\u00e9 ajustable selon la taille, mais nous vous recommandons de le choisir en fonction de la taille de votre tour de poignet.\u00a0<u><a href=\"https:\/\/trimakasi.eu\/fr\/comment-choisir-la-taille-du-bracelet\/\">Instructions sur la fa\u00e7on de d\u00e9terminer correctement t<\/a><\/u><u><\/u><a href=\"https:\/\/trimakasi.eu\/fr\/comment-choisir-la-taille-du-bracelet\/\"><u>la taille peut \u00eatre trouv\u00e9e ici<\/u><\/a><\/p>","protected":false},"featured_media":85407,"comment_status":"open","ping_status":"closed","template":"","meta":{"_acf_changed":false,"_themeisle_gutenberg_block_has_review":false},"product_brand":[],"product_cat":[1688,570,553],"product_tag":[],"class_list":{"0":"post-74544","1":"product","2":"type-product","3":"status-publish","4":"has-post-thumbnail","6":"product_cat-braided-bracelets","7":"product_cat-braided-bracelets-for-women","8":"product_cat-womens-jewellery","10":"first","11":"instock","12":"taxable","13":"shipping-taxable","14":"purchasable","15":"product-type-variable","16":"has-default-attributes"},"acf":[],"_links":{"self":[{"href":"https:\/\/trimakasi.eu\/fr\/wp-json\/wp\/v2\/product\/74544","targetHints":{"allow":["GET"]}}],"collection":[{"href":"https:\/\/trimakasi.eu\/fr\/wp-json\/wp\/v2\/product"}],"about":[{"href":"https:\/\/trimakasi.eu\/fr\/wp-json\/wp\/v2\/types\/product"}],"replies":[{"embeddable":true,"href":"https:\/\/trimakasi.eu\/fr\/wp-json\/wp\/v2\/comments?post=74544"}],"wp:featuredmedia":[{"embeddable":true,"href":"https:\/\/trimakasi.eu\/fr\/wp-json\/wp\/v2\/media\/85407"}],"wp:attachment":[{"href":"https:\/\/trimakasi.eu\/fr\/wp-json\/wp\/v2\/media?parent=74544"}],"wp:term":[{"taxonomy":"product_brand","embeddable":true,"href":"https:\/\/trimakasi.eu\/fr\/wp-json\/wp\/v2\/product_brand?post=74544"},{"taxonomy":"product_cat","embeddable":true,"href":"https:\/\/trimakasi.eu\/fr\/wp-json\/wp\/v2\/product_cat?post=74544"},{"taxonomy":"product_tag","embeddable":true,"href":"https:\/\/trimakasi.eu\/fr\/wp-json\/wp\/v2\/product_tag?post=74544"}],"curies":[{"name":"wp","href":"https:\/\/api.w.org\/{rel}","templated":true}]}}