{"id":74262,"date":"2019-05-23T13:37:47","date_gmt":"2019-05-23T11:37:47","guid":{"rendered":"https:\/\/trimakasi.eu\/product\/kunzit-naramek\/"},"modified":"2025-08-04T12:01:48","modified_gmt":"2025-08-04T10:01:48","slug":"kunzite","status":"publish","type":"product","link":"https:\/\/trimakasi.eu\/fr\/product\/kunzite\/","title":{"rendered":"Bracelet en kunzite"},"content":{"rendered":"<h3>Kunzite \u2013 propri\u00e9t\u00e9s<\/h3>\n<p id=\"tw-target-text\" class=\"tw-data-text tw-ta tw-text-small\" dir=\"ltr\" data-placeholder=\"P\u0159eklad\"><span lang=\"en\" tabindex=\"0\">Kunzite ouvre les c\u0153urs humains aux \u00e9nergies de l&#039;amour. Amour pour soi, pour les autres, pour l&#039;humanit\u00e9, les plantes, les animaux, et principalement pour la Terre. Ces \u00e9nergies peuvent remplir le corps et l&#039;esprit d&#039;un sentiment positif de pl\u00e9nitude et de bonheur. Ce min\u00e9ral a \u00e9galement un effet calmant sur le stress et peut dissiper la n\u00e9gativit\u00e9. <\/span><\/p>\n<p class=\"tw-data-text tw-ta tw-text-small\" dir=\"ltr\" data-placeholder=\"P\u0159eklad\"><span lang=\"en\" tabindex=\"0\">Il favorise la confiance en soi et apporte une grande empathie envers les autres. Ce min\u00e9ral a \u00e9galement un effet calmant sur le stress et peut dissiper la n\u00e9gativit\u00e9. Cela peut \u00e9galement apporter une grande empathie pour les autres. Kunzite peut gu\u00e9rir le c\u0153ur bris\u00e9 et apporter un soulagement. Selon les l\u00e9gendes cette pierre peut \u00eatre utilis\u00e9e par les femmes pour s\u00e9duire tous les hommes qu&#039;elles veulent,<\/span><\/p>\n<p>Pays d&#039;origine: <strong>Madagascar<\/strong><\/p>\n<p>\u00c9l\u00e9ment: <strong>L&#039;eau<\/strong><\/p>\n<p>Signes du zodiaque: <strong>Poissons, Taureau, Lion, Scorpion<\/strong><\/p>\n<p>Ce bracelet harmonise le chakra du c\u0153ur, le chakra du troisi\u00e8me \u0153il et le chakra de la couronne,<\/p>\n<p><a href=\"https:\/\/trimakasi.eu\/wp-content\/uploads\/2020\/07\/\u010dakra4.jpg\"><img loading=\"lazy\" decoding=\"async\" class=\"alignnone size-full wp-image-83566\" src=\"https:\/\/trimakasi.eu\/wp-content\/uploads\/2020\/07\/\u010dakra4.jpg\" alt=\"Chakra du coeur\" width=\"79\" height=\"93\" srcset=\"https:\/\/trimakasi.eu\/wp-content\/uploads\/2020\/07\/\u010dakra4.jpg 79w, https:\/\/trimakasi.eu\/wp-content\/uploads\/2020\/07\/\u010dakra4-10x12.jpg 10w\" sizes=\"auto, (max-width: 79px) 100vw, 79px\" \/><\/a><a href=\"https:\/\/trimakasi.eu\/wp-content\/uploads\/\u010dakra6.jpg\"><img loading=\"lazy\" decoding=\"async\" class=\"alignnone size-full wp-image-138516\" src=\"https:\/\/trimakasi.eu\/wp-content\/uploads\/\u010dakra6.jpg\" alt=\"Chakra du troisi\u00e8me \u0153il\" width=\"103\" height=\"98\" srcset=\"https:\/\/trimakasi.eu\/wp-content\/uploads\/\u010dakra6.jpg 103w, https:\/\/trimakasi.eu\/wp-content\/uploads\/\u010dakra6-13x12.jpg 13w\" sizes=\"auto, (max-width: 103px) 100vw, 103px\" \/><\/a><a href=\"https:\/\/trimakasi.eu\/wp-content\/uploads\/crown-chakra.jpg\"><img loading=\"lazy\" decoding=\"async\" class=\"alignnone size-full wp-image-132743\" src=\"https:\/\/trimakasi.eu\/wp-content\/uploads\/crown-chakra.jpg\" alt=\"\" width=\"92\" height=\"102\" srcset=\"https:\/\/trimakasi.eu\/wp-content\/uploads\/crown-chakra.jpg 92w, https:\/\/trimakasi.eu\/wp-content\/uploads\/crown-chakra-11x12.jpg 11w\" sizes=\"auto, (max-width: 92px) 100vw, 92px\" \/><\/a><\/p>\n<p><a href=\"https:\/\/trimakasi.eu\/fr\/vlog\/\"><u>Visitez notre blog vid\u00e9o pour d\u00e9couvrir les liens entre les pierres pr\u00e9cieuses, les signes du zodiaque, les chakras et bien plus encore.<\/u><\/a><\/p>","protected":false},"excerpt":{"rendered":"<p>La Kunzite est \u00e9tiquet\u00e9e \u00ab La pierre des \u00e9motions \u00bb en raison de sa capacit\u00e9 \u00e0 connecter l&#039;esprit et le c\u0153ur. Sa couleur rose avec une myst\u00e9rieuse teinte lavande en fait le parfait bijou f\u00e9minin. Apprenez-en plus sur les propri\u00e9t\u00e9s de cette pierre ci-dessous.<\/p>\n<p>Choisissez un bracelet par sa taille et par la couleur de la derni\u00e8re perle.\u00a0<a href=\"https:\/\/trimakasi.eu\/fr\/comment-choisir-la-taille-du-bracelet\/\">Vous trouverez ici des instructions sur la fa\u00e7on de d\u00e9terminer correctement la taille.<\/a><\/p>","protected":false},"featured_media":104832,"comment_status":"open","ping_status":"closed","template":"","meta":{"_acf_changed":false,"_themeisle_gutenberg_block_has_review":false},"product_brand":[],"product_cat":[1687,554,1316,553],"product_tag":[],"class_list":{"0":"post-74262","1":"product","2":"type-product","3":"status-publish","4":"has-post-thumbnail","6":"product_cat-elastic-bracelets","7":"product_cat-natural-gemstone-bracelets","8":"product_cat-rare-gemstone-bracelets","9":"product_cat-womens-jewellery","11":"first","12":"instock","13":"taxable","14":"shipping-taxable","15":"purchasable","16":"product-type-variable","17":"has-default-attributes"},"acf":[],"_links":{"self":[{"href":"https:\/\/trimakasi.eu\/fr\/wp-json\/wp\/v2\/product\/74262","targetHints":{"allow":["GET"]}}],"collection":[{"href":"https:\/\/trimakasi.eu\/fr\/wp-json\/wp\/v2\/product"}],"about":[{"href":"https:\/\/trimakasi.eu\/fr\/wp-json\/wp\/v2\/types\/product"}],"replies":[{"embeddable":true,"href":"https:\/\/trimakasi.eu\/fr\/wp-json\/wp\/v2\/comments?post=74262"}],"wp:featuredmedia":[{"embeddable":true,"href":"https:\/\/trimakasi.eu\/fr\/wp-json\/wp\/v2\/media\/104832"}],"wp:attachment":[{"href":"https:\/\/trimakasi.eu\/fr\/wp-json\/wp\/v2\/media?parent=74262"}],"wp:term":[{"taxonomy":"product_brand","embeddable":true,"href":"https:\/\/trimakasi.eu\/fr\/wp-json\/wp\/v2\/product_brand?post=74262"},{"taxonomy":"product_cat","embeddable":true,"href":"https:\/\/trimakasi.eu\/fr\/wp-json\/wp\/v2\/product_cat?post=74262"},{"taxonomy":"product_tag","embeddable":true,"href":"https:\/\/trimakasi.eu\/fr\/wp-json\/wp\/v2\/product_tag?post=74262"}],"curies":[{"name":"wp","href":"https:\/\/api.w.org\/{rel}","templated":true}]}}