{"id":74167,"date":"2019-05-23T13:36:44","date_gmt":"2019-05-23T11:36:44","guid":{"rendered":"https:\/\/trimakasi.eu\/product\/Trimakasi-naramek-malachit\/"},"modified":"2024-08-04T18:13:56","modified_gmt":"2024-08-04T16:13:56","slug":"bracelet-tresse-en-malachite","status":"publish","type":"product","link":"https:\/\/trimakasi.eu\/fr\/product\/malachite-braided-bracelet\/","title":{"rendered":"Bracelet tress\u00e9 en malachite"},"content":{"rendered":"<h3>Bracelets tress\u00e9s Trimakasi<\/h3>\n<p>Bracelets de luxe fabriqu\u00e9s \u00e0 la main qui allient spiritualit\u00e9 et modernit\u00e9. Les bracelets Trimakasi sont des talismans de gratitude, d&#039;\u00e9quilibre et d&#039;espoir, qui vous rechargeront d&#039;\u00e9nergie positive m\u00eame pendant les jours les plus sombres.<\/p>\n<p>Les bracelets tress\u00e9s Trimakasi sont faits d&#039;un cordon en nylon de la plus haute qualit\u00e9 attach\u00e9 avec des clins d&#039;\u0153il sp\u00e9ciaux. Ils contiennent le pouvoir cach\u00e9 de la nature dans les perles en pierres pr\u00e9cieuses naturelles.<\/p>\n<h3>Malachite<\/h3>\n<p class=\"tw-data-text tw-ta tw-text-small\" dir=\"ltr\" data-placeholder=\"P\u0159eklad\">La malachite est id\u00e9ale pour am\u00e9liorer la concentration et peut aider \u00e0 trouver un \u00e9quilibre entre les souhaits et la volont\u00e9 de l&#039;ego. Il aide \u00e0 \u00e9liminer les blocages \u00e9motionnels, apaise l&#039;\u00e2me, soulage le stress et peut nous aider \u00e0 d\u00e9marrer de nouveaux \u00e9pizodes dans nos vies. C&#039;est aussi une pierre tr\u00e8s inspirante qui stimule la cr\u00e9ativit\u00e9 et les id\u00e9es fra\u00eeches.\u00a0<span lang=\"en\">La malachite symbolise \u00e9galement les nuances fra\u00eeches et vertes de la nature, ce qui en fait une pierre id\u00e9ale pour les habitants de la ville, qui admirent et manquent aussi la beaut\u00e9 de la nature. Albert Einstein a d\u00e9clar\u00e9: \u00abRegardez au plus profond de la nature et vous comprendrez tout mieux.\u00bb<\/span><\/p>\n<p id=\"tw-target-text\" class=\"tw-data-text tw-ta tw-text-small\" dir=\"ltr\" data-placeholder=\"P\u0159eklad\">La malachite est l&#039;une des plus anciennes pierres pr\u00e9cieuses connues, utilis\u00e9e depuis des milliers d&#039;ann\u00e9es pour ses propri\u00e9t\u00e9s curatives et de transformation. Dans l&#039;\u00c9gypte ancienne, la malachite \u00e9tait utilis\u00e9e par l&#039;\u00e9lite dirigeante comme l&#039;une de leurs principales pierres de gu\u00e9rison. Ils ont cru que cette pierre pouvait aider \u00e0 transmettre les \u00e9nergies sup\u00e9rieures de l&#039;univers \u00e0 la plan\u00e8te Terre. Tout comme les plantes captent l&#039;\u00e9nergie de la lumi\u00e8re (Soleil) gr\u00e2ce \u00e0 la photosynth\u00e8se, les \u00c9gyptiens croyaient que la malachite, gr\u00e2ce \u00e0 sa vibration interne, pouvait capter et collecter l&#039;\u00e9nergie cosmique. La vieille l\u00e9gende russe sur cette pierre pr\u00e9tend que la malachite, gr\u00e2ce \u00e0 son lien avec la nature, permet aux hommes de comprendre la langue des animaux.<\/p>\n<p>\u00c9l\u00e9ment: <strong>Terre<\/strong><\/p>\n<p>Signe du zodiaque: <strong>Capricorne, Scorpion, Balance, Cancer, Taureau<\/strong><\/p>\n<p>Brcelet harmonise le chakra du Foyer.<\/p>\n<p><img loading=\"lazy\" decoding=\"async\" class=\"alignnone wp-image-72746\" src=\"https:\/\/trimakasi.cz\/wp-content\/uploads\/2018\/07\/%C4%8Dakra4.jpg\" alt=\"\" width=\"66\" height=\"77\" \/><u><\/u><\/p>\n<p><a href=\"https:\/\/trimakasi.eu\/fr\/vlog\/\"><u>Visitez notre blog vid\u00e9o pour d\u00e9couvrir les liens entre les pierres pr\u00e9cieuses, les signes du zodiaque, les chakras et bien plus encore.<\/u><\/a><\/p>","protected":false},"excerpt":{"rendered":"<p>La combinaison de rayures vert clair et vert fonc\u00e9 vous rappellera une for\u00eat profonde et intensifiera votre connexion avec la nature. En savoir plus sur ce bracelet ci-dessous.<\/p>\n<p>Bracelet tress\u00e9 ajustable selon la taille, mais nous vous recommandons de le choisir en fonction de la taille de votre tour de poignet.\u00a0<u><a href=\"https:\/\/trimakasi.eu\/fr\/comment-choisir-la-taille-du-bracelet\/\">Instructions sur la fa\u00e7on de d\u00e9terminer correctement t<\/a><\/u><u><\/u><a href=\"https:\/\/trimakasi.eu\/fr\/comment-choisir-la-taille-du-bracelet\/\"><u>la taille peut \u00eatre trouv\u00e9e ici<\/u><\/a><\/p>","protected":false},"featured_media":74950,"comment_status":"open","ping_status":"closed","template":"","meta":{"_acf_changed":false,"_themeisle_gutenberg_block_has_review":false},"product_brand":[],"product_cat":[1688,1069,570,1064,1316,553],"product_tag":[],"class_list":{"0":"post-74167","1":"product","2":"type-product","3":"status-publish","4":"has-post-thumbnail","6":"product_cat-braided-bracelets","7":"product_cat-braided-bracelets-for-men","8":"product_cat-braided-bracelets-for-women","9":"product_cat-mens-jewellery","10":"product_cat-rare-gemstone-bracelets","11":"product_cat-womens-jewellery","13":"first","14":"instock","15":"taxable","16":"shipping-taxable","17":"purchasable","18":"product-type-variable","19":"has-default-attributes"},"acf":[],"_links":{"self":[{"href":"https:\/\/trimakasi.eu\/fr\/wp-json\/wp\/v2\/product\/74167","targetHints":{"allow":["GET"]}}],"collection":[{"href":"https:\/\/trimakasi.eu\/fr\/wp-json\/wp\/v2\/product"}],"about":[{"href":"https:\/\/trimakasi.eu\/fr\/wp-json\/wp\/v2\/types\/product"}],"replies":[{"embeddable":true,"href":"https:\/\/trimakasi.eu\/fr\/wp-json\/wp\/v2\/comments?post=74167"}],"wp:featuredmedia":[{"embeddable":true,"href":"https:\/\/trimakasi.eu\/fr\/wp-json\/wp\/v2\/media\/74950"}],"wp:attachment":[{"href":"https:\/\/trimakasi.eu\/fr\/wp-json\/wp\/v2\/media?parent=74167"}],"wp:term":[{"taxonomy":"product_brand","embeddable":true,"href":"https:\/\/trimakasi.eu\/fr\/wp-json\/wp\/v2\/product_brand?post=74167"},{"taxonomy":"product_cat","embeddable":true,"href":"https:\/\/trimakasi.eu\/fr\/wp-json\/wp\/v2\/product_cat?post=74167"},{"taxonomy":"product_tag","embeddable":true,"href":"https:\/\/trimakasi.eu\/fr\/wp-json\/wp\/v2\/product_tag?post=74167"}],"curies":[{"name":"wp","href":"https:\/\/api.w.org\/{rel}","templated":true}]}}