{"id":73964,"date":"2020-05-23T13:16:10","date_gmt":"2020-05-23T11:16:10","guid":{"rendered":"https:\/\/trimakasi.eu\/product\/charoit-naramek\/"},"modified":"2025-10-20T13:59:16","modified_gmt":"2025-10-20T11:59:16","slug":"charoite","status":"publish","type":"product","link":"https:\/\/trimakasi.eu\/fr\/product\/charoite\/","title":{"rendered":"Bracelet charo\u00efte"},"content":{"rendered":"<h3>Charo\u00efte \u2013 propri\u00e9t\u00e9s<\/h3>\n<p>La charo\u00efte est une d\u00e9couverte g\u00e9ologique relativement nouvelle - d\u00e9couverte pour la premi\u00e8re fois en 1940 en Russie pr\u00e8s de la rivi\u00e8re Chara. Le mot \u00abchary\u00bb signifie en russe la magie et les sorts. C&#039;est une pierre d&#039;un nouvel \u00e2ge et il n&#039;y a pas encore beaucoup d&#039;informations publi\u00e9es sur ses propri\u00e9t\u00e9s.<\/p>\n<p>La charo\u00efte est \u00e9galement connue sous le nom de \u00abpierre de transformation\u00bb car c&#039;est une pierre fortement spirituelle qui aide \u00e0 purifier l&#039;esprit de la peur et de la n\u00e9gativit\u00e9.<\/p>\n<p>\u00c9l\u00e9ment: <strong>Air<\/strong><\/p>\n<p>Signe du zodiaque: <strong>Scorpion, Sagittaire, Vierge<\/strong><\/p>\n<p>Cette pierre incarne la synth\u00e8se unique entre la couronne et le chakra du c\u0153ur, apportant ensemble une \u00e9nergie spirituelle \u00e9lev\u00e9e et l&#039;amour inconditionnel. Harmonise \u00e9galement le chakra du troisi\u00e8me \u0153il.<\/p>\n<p><a href=\"https:\/\/trimakasi.eu\/wp-content\/uploads\/2020\/07\/\u010dakra4.jpg\"><img loading=\"lazy\" decoding=\"async\" class=\"alignnone size-full wp-image-83566\" src=\"https:\/\/trimakasi.eu\/wp-content\/uploads\/2020\/07\/\u010dakra4.jpg\" alt=\"Chakra du coeur\" width=\"79\" height=\"93\" srcset=\"https:\/\/trimakasi.eu\/wp-content\/uploads\/2020\/07\/\u010dakra4.jpg 79w, https:\/\/trimakasi.eu\/wp-content\/uploads\/2020\/07\/\u010dakra4-10x12.jpg 10w\" sizes=\"auto, (max-width: 79px) 100vw, 79px\" \/><\/a><a href=\"https:\/\/trimakasi.eu\/wp-content\/uploads\/\u010dakra6.jpg\"><img loading=\"lazy\" decoding=\"async\" class=\"alignnone size-full wp-image-138516\" src=\"https:\/\/trimakasi.eu\/wp-content\/uploads\/\u010dakra6.jpg\" alt=\"Chakra du troisi\u00e8me \u0153il\" width=\"103\" height=\"98\" srcset=\"https:\/\/trimakasi.eu\/wp-content\/uploads\/\u010dakra6.jpg 103w, https:\/\/trimakasi.eu\/wp-content\/uploads\/\u010dakra6-13x12.jpg 13w\" sizes=\"auto, (max-width: 103px) 100vw, 103px\" \/><\/a><a href=\"https:\/\/trimakasi.eu\/wp-content\/uploads\/crown-chakra.jpg\"><img loading=\"lazy\" decoding=\"async\" class=\"alignnone size-full wp-image-132743\" src=\"https:\/\/trimakasi.eu\/wp-content\/uploads\/crown-chakra.jpg\" alt=\"\" width=\"92\" height=\"102\" srcset=\"https:\/\/trimakasi.eu\/wp-content\/uploads\/crown-chakra.jpg 92w, https:\/\/trimakasi.eu\/wp-content\/uploads\/crown-chakra-11x12.jpg 11w\" sizes=\"auto, (max-width: 92px) 100vw, 92px\" \/><\/a><\/p>\n<p><a href=\"https:\/\/trimakasi.eu\/fr\/vlog\/\"><u>Visitez notre blog vid\u00e9o pour d\u00e9couvrir les liens entre les pierres pr\u00e9cieuses, les signes du zodiaque, les chakras et bien plus encore.<\/u><\/a><\/p>","protected":false},"excerpt":{"rendered":"<p>La charo\u00efte est une pierre naturelle magique qui ressemble \u00e0 une \u00e9nergie tourbillonnante fossilis\u00e9e. C&#039;est une pierre hautement spirituelle avec des vibrations uniques. Laissez cette \u00ab Pierre de Transformation \u00bb vous guider vers la paix et la croissance personnelle, faisant de chaque instant un pas vers un moi plus \u00e9clair\u00e9. Apprenez-en davantage sur les propri\u00e9t\u00e9s de cette pierre ci-dessous.<\/p>\n<p>Choisissez un bracelet par sa taille et par la couleur de la derni\u00e8re perle.\u00a0<a href=\"https:\/\/trimakasi.eu\/fr\/comment-choisir-la-taille-du-bracelet\/\">Vous trouverez ici des instructions sur la fa\u00e7on de d\u00e9terminer correctement la taille.<\/a><\/p>","protected":false},"featured_media":105289,"comment_status":"open","ping_status":"closed","template":"","meta":{"_acf_changed":false,"_themeisle_gutenberg_block_has_review":false},"product_brand":[],"product_cat":[1687,554,1316,553],"product_tag":[],"class_list":{"0":"post-73964","1":"product","2":"type-product","3":"status-publish","4":"has-post-thumbnail","6":"product_cat-elastic-bracelets","7":"product_cat-natural-gemstone-bracelets","8":"product_cat-rare-gemstone-bracelets","9":"product_cat-womens-jewellery","11":"first","12":"instock","13":"taxable","14":"shipping-taxable","15":"purchasable","16":"product-type-variable","17":"has-default-attributes"},"acf":[],"_links":{"self":[{"href":"https:\/\/trimakasi.eu\/fr\/wp-json\/wp\/v2\/product\/73964","targetHints":{"allow":["GET"]}}],"collection":[{"href":"https:\/\/trimakasi.eu\/fr\/wp-json\/wp\/v2\/product"}],"about":[{"href":"https:\/\/trimakasi.eu\/fr\/wp-json\/wp\/v2\/types\/product"}],"replies":[{"embeddable":true,"href":"https:\/\/trimakasi.eu\/fr\/wp-json\/wp\/v2\/comments?post=73964"}],"wp:featuredmedia":[{"embeddable":true,"href":"https:\/\/trimakasi.eu\/fr\/wp-json\/wp\/v2\/media\/105289"}],"wp:attachment":[{"href":"https:\/\/trimakasi.eu\/fr\/wp-json\/wp\/v2\/media?parent=73964"}],"wp:term":[{"taxonomy":"product_brand","embeddable":true,"href":"https:\/\/trimakasi.eu\/fr\/wp-json\/wp\/v2\/product_brand?post=73964"},{"taxonomy":"product_cat","embeddable":true,"href":"https:\/\/trimakasi.eu\/fr\/wp-json\/wp\/v2\/product_cat?post=73964"},{"taxonomy":"product_tag","embeddable":true,"href":"https:\/\/trimakasi.eu\/fr\/wp-json\/wp\/v2\/product_tag?post=73964"}],"curies":[{"name":"wp","href":"https:\/\/api.w.org\/{rel}","templated":true}]}}