{"id":73376,"date":"2018-10-23T22:43:05","date_gmt":"2018-10-23T20:43:05","guid":{"rendered":"https:\/\/trimakasi.eu\/product\/import-placeholder-for-73206\/"},"modified":"2025-09-24T20:27:23","modified_gmt":"2025-09-24T18:27:23","slug":"fraise-quartz","status":"publish","type":"product","link":"https:\/\/trimakasi.eu\/fr\/product\/strawberry-quartz\/","title":{"rendered":"Bracelet quartz fraise"},"content":{"rendered":"<h3>Quartz fraise \u2013 propri\u00e9t\u00e9s<\/h3>\n<p>Gr\u00e2ce \u00e0 ses belles nuances de rose, ce min\u00e9ral est associ\u00e9 \u00e0 la beaut\u00e9 et \u00e0 l&#039;amour romantique. Strawberry Quartz est aussi parfois appel\u00e9 &quot;Pierre de l&#039;amour int\u00e9rieur&quot;, car il peut approfondir l&#039;amour dans de nouvelles dimensions. Parfois, il est m\u00eame port\u00e9 pour attirer une \u00e2me s\u0153ur dans une vie.<\/p>\n<p>Le quartz fraise est une pierre de gu\u00e9rison universelle qui peut \u00e9galement am\u00e9liorer les effets curatifs d&#039;autres min\u00e9raux. Il r\u00e9sonne avec une \u00e9nergie forte et vibrante qui peut soulager l&#039;anxi\u00e9t\u00e9, la d\u00e9ception ou la faiblesse psychique.<\/p>\n<p>D&#039;un point de vue g\u00e9ologique, il s&#039;agit d&#039;une masse de quartz avec divers ajouts d&#039;oxyde de fer, qui donnent \u00e0 ce min\u00e9ral, en plus de sa couleur, un aspect pointill\u00e9 qui peut rappeler la fraise.<\/p>\n<p>Signe du zodiaque: <strong>B\u00e9lier, Taureau<\/strong><\/p>\n<p>\u00c9l\u00e9ment: <strong>Feu<\/strong><\/p>\n<p>Bracelet harmonisant Chakra Racine, Chakra Sakral et Chakra du C\u0153ur :<\/p>\n<p><a href=\"https:\/\/trimakasi.eu\/wp-content\/uploads\/\u010dakra1.jpg\"><img loading=\"lazy\" decoding=\"async\" class=\"alignnone size-full wp-image-138513\" src=\"https:\/\/trimakasi.eu\/wp-content\/uploads\/\u010dakra1.jpg\" alt=\"Chakra racine\" width=\"81\" height=\"88\" srcset=\"https:\/\/trimakasi.eu\/wp-content\/uploads\/\u010dakra1.jpg 81w, https:\/\/trimakasi.eu\/wp-content\/uploads\/\u010dakra1-11x12.jpg 11w\" sizes=\"auto, (max-width: 81px) 100vw, 81px\" \/><\/a><\/p>\n<p><a href=\"https:\/\/trimakasi.eu\/fr\/vlog\/\"><u>Visitez notre blog vid\u00e9o pour d\u00e9couvrir les liens entre les pierres pr\u00e9cieuses, les signes du zodiaque, les chakras et bien plus encore.<\/u><\/a><\/p>","protected":false},"excerpt":{"rendered":"<p>Doux, lumineux et naturellement \u00e9l\u00e9gant, le Quartz Fraise est reconnu comme une pierre d\u2019amour, d\u2019\u00e9quilibre et de gu\u00e9rison \u00e9motionnelle. Ses d\u00e9licates teintes roses d\u00e9gagent chaleur et positivit\u00e9, en faisant l\u2019accessoire parfait pour ceux qui recherchent \u00e0 la fois beaut\u00e9 et harmonie int\u00e9rieure. D\u00e9couvrez ci-dessous les propri\u00e9t\u00e9s de cette pierre.<\/p>\n<p>Choisissez un bracelet par sa taille et par la couleur de la derni\u00e8re perle.\u00a0<a href=\"https:\/\/trimakasi.eu\/fr\/comment-choisir-la-taille-du-bracelet\/\">Vous trouverez ici des instructions sur la fa\u00e7on de d\u00e9terminer correctement la taille.<\/a><\/p>","protected":false},"featured_media":104816,"comment_status":"open","ping_status":"closed","template":"","meta":{"_acf_changed":false,"_themeisle_gutenberg_block_has_review":false},"product_brand":[],"product_cat":[1687,554,553],"product_tag":[],"class_list":{"0":"post-73376","1":"product","2":"type-product","3":"status-publish","4":"has-post-thumbnail","6":"product_cat-elastic-bracelets","7":"product_cat-natural-gemstone-bracelets","8":"product_cat-womens-jewellery","10":"first","11":"instock","12":"taxable","13":"shipping-taxable","14":"purchasable","15":"product-type-variable","16":"has-default-attributes"},"acf":[],"_links":{"self":[{"href":"https:\/\/trimakasi.eu\/fr\/wp-json\/wp\/v2\/product\/73376","targetHints":{"allow":["GET"]}}],"collection":[{"href":"https:\/\/trimakasi.eu\/fr\/wp-json\/wp\/v2\/product"}],"about":[{"href":"https:\/\/trimakasi.eu\/fr\/wp-json\/wp\/v2\/types\/product"}],"replies":[{"embeddable":true,"href":"https:\/\/trimakasi.eu\/fr\/wp-json\/wp\/v2\/comments?post=73376"}],"wp:featuredmedia":[{"embeddable":true,"href":"https:\/\/trimakasi.eu\/fr\/wp-json\/wp\/v2\/media\/104816"}],"wp:attachment":[{"href":"https:\/\/trimakasi.eu\/fr\/wp-json\/wp\/v2\/media?parent=73376"}],"wp:term":[{"taxonomy":"product_brand","embeddable":true,"href":"https:\/\/trimakasi.eu\/fr\/wp-json\/wp\/v2\/product_brand?post=73376"},{"taxonomy":"product_cat","embeddable":true,"href":"https:\/\/trimakasi.eu\/fr\/wp-json\/wp\/v2\/product_cat?post=73376"},{"taxonomy":"product_tag","embeddable":true,"href":"https:\/\/trimakasi.eu\/fr\/wp-json\/wp\/v2\/product_tag?post=73376"}],"curies":[{"name":"wp","href":"https:\/\/api.w.org\/{rel}","templated":true}]}}