{"id":73364,"date":"2018-10-23T22:43:02","date_gmt":"2018-10-23T20:43:02","guid":{"rendered":"https:\/\/trimakasi.eu\/product\/import-placeholder-for-73141\/"},"modified":"2025-02-26T19:56:00","modified_gmt":"2025-02-26T18:56:00","slug":"orange-aventurine","status":"publish","type":"product","link":"https:\/\/trimakasi.eu\/fr\/product\/orange-aventurine\/","title":{"rendered":"Bracelet aventurine orange"},"content":{"rendered":"<h3>Aventurine orange \u2013 propri\u00e9t\u00e9s<\/h3>\n<p>Le nom avanturine ou aventurine est d\u00e9riv\u00e9 de l&#039;expression italienne &quot;A ventura&quot;, qui signifie &quot;au bonheur&quot;. Cette pierre est \u00e9galement connue sous le surnom de \u00ab Pierre des opportunit\u00e9s \u00bb, et pendant des si\u00e8cles, on pense qu&#039;elle a la capacit\u00e9 d&#039;augmenter le bonheur et aussi la chance dans les comp\u00e9titions et les jeux d&#039;argent.<\/p>\n<p>Cette pierre peut \u00e9galement \u00e9liminer les anciens sch\u00e9mas de pens\u00e9e et habitudes, rendant in\u00e9vitables de nouvelles opportunit\u00e9s dans la vie. Favorise un sentiment de bien-\u00eatre et offre une vision positive de la vie. L&#039;aventurine symbolise aussi la paix, la patience et la cr\u00e9ativit\u00e9.<\/p>\n<p>\u00c9l\u00e9ment: <strong>Feu et terre<\/strong><\/p>\n<p>Signe du zodiaque: <strong>Taureau, Verseau<\/strong><\/p>\n<p>Bracelet harmonisant chakra sacr\u00e9 et chakra du plexus solaire :<\/p>\n<p><a href=\"https:\/\/trimakasi.eu\/wp-content\/uploads\/\u010dakra2.jpg\"><img loading=\"lazy\" decoding=\"async\" class=\"alignnone size-full wp-image-138514\" src=\"https:\/\/trimakasi.eu\/wp-content\/uploads\/\u010dakra2.jpg\" alt=\"Chakra sacr\u00e9\" width=\"76\" height=\"96\" srcset=\"https:\/\/trimakasi.eu\/wp-content\/uploads\/\u010dakra2.jpg 76w, https:\/\/trimakasi.eu\/wp-content\/uploads\/\u010dakra2-10x12.jpg 10w\" sizes=\"auto, (max-width: 76px) 100vw, 76px\" \/><\/a><a href=\"https:\/\/trimakasi.eu\/wp-content\/uploads\/2020\/07\/\u010dakra3.jpg\"><img loading=\"lazy\" decoding=\"async\" class=\"alignnone size-full wp-image-83567\" src=\"https:\/\/trimakasi.eu\/wp-content\/uploads\/2020\/07\/\u010dakra3.jpg\" alt=\"Chakra du plexus solaire\" width=\"77\" height=\"86\" srcset=\"https:\/\/trimakasi.eu\/wp-content\/uploads\/2020\/07\/\u010dakra3.jpg 77w, https:\/\/trimakasi.eu\/wp-content\/uploads\/2020\/07\/\u010dakra3-11x12.jpg 11w\" sizes=\"auto, (max-width: 77px) 100vw, 77px\" \/><\/a><\/p>\n<p><a href=\"https:\/\/trimakasi.eu\/fr\/vlog\/\"><u>Visitez notre blog vid\u00e9o pour d\u00e9couvrir les liens entre les pierres pr\u00e9cieuses, les signes du zodiaque, les chakras et bien plus encore.<\/u><\/a><\/p>","protected":false},"excerpt":{"rendered":"<p>L\u2019Aventurine Orange est reconnue comme une pierre de chance, de prosp\u00e9rit\u00e9 et d\u2019optimisme. Sa teinte chaude et \u00e9clatante est cens\u00e9e renforcer la confiance en soi, la cr\u00e9ativit\u00e9 et l\u2019\u00e9panouissement personnel, en faisant un puissant alli\u00e9 pour ceux qui recherchent succ\u00e8s et positivit\u00e9. D\u00e9couvrez ci-dessous les propri\u00e9t\u00e9s de cette pierre.<\/p>\n<p>Choisissez un bracelet par sa taille et par la couleur de la derni\u00e8re perle.\u00a0<a href=\"https:\/\/trimakasi.eu\/fr\/comment-choisir-la-taille-du-bracelet\/\">Vous trouverez ici des instructions sur la fa\u00e7on de d\u00e9terminer correctement la taille.<\/a><\/p>","protected":false},"featured_media":105156,"comment_status":"open","ping_status":"closed","template":"","meta":{"_acf_changed":false,"_themeisle_gutenberg_block_has_review":false},"product_brand":[],"product_cat":[1687,554,553],"product_tag":[],"class_list":{"0":"post-73364","1":"product","2":"type-product","3":"status-publish","4":"has-post-thumbnail","6":"product_cat-elastic-bracelets","7":"product_cat-natural-gemstone-bracelets","8":"product_cat-womens-jewellery","10":"first","11":"instock","12":"taxable","13":"shipping-taxable","14":"purchasable","15":"product-type-variable","16":"has-default-attributes"},"acf":[],"_links":{"self":[{"href":"https:\/\/trimakasi.eu\/fr\/wp-json\/wp\/v2\/product\/73364","targetHints":{"allow":["GET"]}}],"collection":[{"href":"https:\/\/trimakasi.eu\/fr\/wp-json\/wp\/v2\/product"}],"about":[{"href":"https:\/\/trimakasi.eu\/fr\/wp-json\/wp\/v2\/types\/product"}],"replies":[{"embeddable":true,"href":"https:\/\/trimakasi.eu\/fr\/wp-json\/wp\/v2\/comments?post=73364"}],"wp:featuredmedia":[{"embeddable":true,"href":"https:\/\/trimakasi.eu\/fr\/wp-json\/wp\/v2\/media\/105156"}],"wp:attachment":[{"href":"https:\/\/trimakasi.eu\/fr\/wp-json\/wp\/v2\/media?parent=73364"}],"wp:term":[{"taxonomy":"product_brand","embeddable":true,"href":"https:\/\/trimakasi.eu\/fr\/wp-json\/wp\/v2\/product_brand?post=73364"},{"taxonomy":"product_cat","embeddable":true,"href":"https:\/\/trimakasi.eu\/fr\/wp-json\/wp\/v2\/product_cat?post=73364"},{"taxonomy":"product_tag","embeddable":true,"href":"https:\/\/trimakasi.eu\/fr\/wp-json\/wp\/v2\/product_tag?post=73364"}],"curies":[{"name":"wp","href":"https:\/\/api.w.org\/{rel}","templated":true}]}}