{"id":73214,"date":"2021-10-23T22:41:47","date_gmt":"2021-10-23T20:41:47","guid":{"rendered":"https:\/\/trimakasi.eu\/product\/import-placeholder-for-72836\/"},"modified":"2026-04-29T21:20:53","modified_gmt":"2026-04-29T19:20:53","slug":"minuit-amethyste","status":"publish","type":"product","link":"https:\/\/trimakasi.eu\/fr\/product\/midnight-amethyst\/","title":{"rendered":"Bracelet Am\u00e9thyste Fonc\u00e9"},"content":{"rendered":"<h3>Am\u00e9thyste \u2013 propri\u00e9t\u00e9s<\/h3>\n<p>Ce quartz cristallis\u00e9 violet \u00e9tait une pierre pr\u00e9cieuse tr\u00e8s appr\u00e9ci\u00e9e jusqu&#039;\u00e0 la d\u00e9couverte de grands gisements en Am\u00e9rique latine. La couleur pourpre a toujours \u00e9t\u00e9 consid\u00e9r\u00e9e comme l&#039;un des symboles du statut royal, c&#039;est pourquoi l&#039;am\u00e9thyste fait d\u00e9sormais partie d&#039;un certain nombre de bijoux de couronnement. En repensant \u00e0 l&#039;histoire, nous pouvons d\u00e9couvrir que tandis que les anciens \u00c9gyptiens utilisaient l&#039;am\u00e9thyste dans des batailles pour renforcer le courage, au Moyen \u00c2ge, les rois et les \u00e9v\u00eaques la portaient comme symbole de majest\u00e9.<\/p>\n<p>L&#039;am\u00e9thyste est un symbole d&#039;un certain nombre de propri\u00e9t\u00e9s positives telles que la prosp\u00e9rit\u00e9, le courage, la puret\u00e9 mentale et l&#039;amiti\u00e9. Par exemple, L\u00e9onard de Vinci pensait que cette pierre aidait \u00e0 contr\u00f4ler les mauvaises pens\u00e9es, renfor\u00e7ait l&#039;intelligence, acc\u00e9l\u00e8re la r\u00e9flexion et aide les gens \u00e0 obtenir un r\u00e9sultat positif lors des n\u00e9gociations commerciales ! Le mot h\u00e9breu pour am\u00e9thyste \u00ab aklamah \u00bb est le m\u00eame mot pour \u00ab le r\u00eave \u00bb, qui exprime la capacit\u00e9 de cette pierre \u00e0 inciter \u00e0 des r\u00eaves et des visions sp\u00e9cifiques.<\/p>\n<p>Signe du zodiaque:\u00a0<strong>Verseau \u00e9galement disponible pour : Vierge, Sagittaire, Capricorne, Poisson<\/strong><\/p>\n<p>\u00c9l\u00e9ment: <strong>Eau, Air, Ether<\/strong><\/p>\n<p>Le bracelet harmonise le chakra du troisi\u00e8me \u0153il et le chakra de la couronne<\/p>\n<p><img loading=\"lazy\" decoding=\"async\" class=\"alignnone wp-image-72748\" src=\"https:\/\/trimakasi.cz\/wp-content\/uploads\/2018\/07\/\u010dakra6.jpg\" alt=\"\" width=\"70\" height=\"67\" \/><img loading=\"lazy\" decoding=\"async\" class=\"alignnone wp-image-72749\" src=\"https:\/\/trimakasi.cz\/wp-content\/uploads\/2018\/07\/\u010dakra7.jpg\" alt=\"\" width=\"67\" height=\"74\" \/><\/p>\n<p><a href=\"https:\/\/trimakasi.eu\/fr\/vlog\/\"><u>Visitez notre blog vid\u00e9o pour d\u00e9couvrir les liens entre les pierres pr\u00e9cieuses, les signes du zodiaque, les chakras et bien plus encore.<\/u><\/a><\/p>","protected":false},"excerpt":{"rendered":"<p>L&#039;am\u00e9thyste, souvent appel\u00e9e la \u00ab pierre pr\u00e9cieuse des dieux \u00bb, se distingue comme la pierre violette la plus ch\u00e8re de la famille des quartz. L&#039;am\u00e9thyste est spirituellement significative, favorisant la prosp\u00e9rit\u00e9, favorisant la gentillesse et guidant les individus vers une prise de d\u00e9cision judicieuse. Apprenez-en davantage sur les propri\u00e9t\u00e9s de cette pierre ci-dessous.<\/p>\n<p>Choisissez un bracelet par sa taille et par la couleur de la derni\u00e8re perle.\u00a0<a href=\"https:\/\/trimakasi.eu\/fr\/comment-choisir-la-taille-du-bracelet\/\">Vous trouverez ici des instructions sur la fa\u00e7on de d\u00e9terminer correctement la taille.<\/a><\/p>","protected":false},"featured_media":104996,"comment_status":"open","ping_status":"closed","template":"","meta":{"_acf_changed":false,"_themeisle_gutenberg_block_has_review":false},"product_brand":[],"product_cat":[1687,554,553],"product_tag":[],"class_list":{"0":"post-73214","1":"product","2":"type-product","3":"status-publish","4":"has-post-thumbnail","6":"product_cat-elastic-bracelets","7":"product_cat-natural-gemstone-bracelets","8":"product_cat-womens-jewellery","10":"first","11":"instock","12":"taxable","13":"shipping-taxable","14":"purchasable","15":"product-type-variable","16":"has-default-attributes"},"acf":[],"_links":{"self":[{"href":"https:\/\/trimakasi.eu\/fr\/wp-json\/wp\/v2\/product\/73214","targetHints":{"allow":["GET"]}}],"collection":[{"href":"https:\/\/trimakasi.eu\/fr\/wp-json\/wp\/v2\/product"}],"about":[{"href":"https:\/\/trimakasi.eu\/fr\/wp-json\/wp\/v2\/types\/product"}],"replies":[{"embeddable":true,"href":"https:\/\/trimakasi.eu\/fr\/wp-json\/wp\/v2\/comments?post=73214"}],"wp:featuredmedia":[{"embeddable":true,"href":"https:\/\/trimakasi.eu\/fr\/wp-json\/wp\/v2\/media\/104996"}],"wp:attachment":[{"href":"https:\/\/trimakasi.eu\/fr\/wp-json\/wp\/v2\/media?parent=73214"}],"wp:term":[{"taxonomy":"product_brand","embeddable":true,"href":"https:\/\/trimakasi.eu\/fr\/wp-json\/wp\/v2\/product_brand?post=73214"},{"taxonomy":"product_cat","embeddable":true,"href":"https:\/\/trimakasi.eu\/fr\/wp-json\/wp\/v2\/product_cat?post=73214"},{"taxonomy":"product_tag","embeddable":true,"href":"https:\/\/trimakasi.eu\/fr\/wp-json\/wp\/v2\/product_tag?post=73214"}],"curies":[{"name":"wp","href":"https:\/\/api.w.org\/{rel}","templated":true}]}}