{"id":73189,"date":"2018-10-23T22:41:41","date_gmt":"2018-10-23T20:41:41","guid":{"rendered":"https:\/\/trimakasi.eu\/product\/import-placeholder-for-72892\/"},"modified":"2025-06-22T17:46:27","modified_gmt":"2025-06-22T15:46:27","slug":"lepidolite","status":"publish","type":"product","link":"https:\/\/trimakasi.eu\/fr\/product\/lepidolite\/","title":{"rendered":"Bracelet l\u00e9pidolite"},"content":{"rendered":"<h3>L\u00e9pidolite \u2013 propri\u00e9t\u00e9s<\/h3>\n<p>Comme mentionn\u00e9 ci-dessus, la l\u00e9pidolite contient un pourcentage relativement important de lithium rare. Cette substance est utilis\u00e9e en m\u00e9decine comme s\u00e9datif et aussi comme m\u00e9dicament contre l&#039;anxi\u00e9t\u00e9, la d\u00e9pression, les troubles bipolaires et m\u00eame la schizophr\u00e9nie. C&#039;est peut-\u00eatre juste un m\u00e9lange de lithium qui donne \u00e0 la l\u00e9pidolite ses fameux effets apaisants sur l&#039;esprit humain.<\/p>\n<p>En plus de cela, cette pierre soulage \u00e9galement la douleur, prot\u00e8ge des influences ext\u00e9rieures, neutralise la n\u00e9gativit\u00e9, r\u00e9gule les sautes d&#039;humeur et aide \u00e0 surmonter la peur - c&#039;est une pierre harmonisante tr\u00e8s importante ! De plus, il a une capacit\u00e9 sp\u00e9ciale \u00e0 nettoyer le smog \u00e9lectromagn\u00e9tique, surtout s&#039;il est situ\u00e9 \u00e0 proximit\u00e9 d&#039;appareils \u00e9lectromagn\u00e9tiques tels que des ordinateurs.<\/p>\n<p>\u00c9l\u00e9ment: <strong>L&#039;eau<\/strong><\/p>\n<p>Signe du zodiaque:<strong> Balance<\/strong><\/p>\n<p>Bracelet harmonisant chakra du c\u0153ur, chakra du troisi\u00e8me \u0153il et chakra de la couronne<\/p>\n<p><img loading=\"lazy\" decoding=\"async\" class=\"alignnone wp-image-72746\" src=\"https:\/\/trimakasi.cz\/wp-content\/uploads\/2018\/07\/\u010dakra4.jpg\" alt=\"\" width=\"66\" height=\"77\" \/><img loading=\"lazy\" decoding=\"async\" class=\"alignnone wp-image-72748\" style=\"color: #333333; font-size: 14.4px;\" src=\"https:\/\/trimakasi.cz\/wp-content\/uploads\/2018\/07\/\u010dakra6.jpg\" alt=\"\" width=\"70\" height=\"67\" \/><img loading=\"lazy\" decoding=\"async\" class=\"alignnone wp-image-72749\" style=\"font-size: 14.4px;\" src=\"https:\/\/trimakasi.cz\/wp-content\/uploads\/2018\/07\/\u010dakra7.jpg\" alt=\"\" width=\"67\" height=\"74\" \/><\/p>\n<p>Le bracelet combine le chakra du c\u0153ur et le chakra de la couronne, apportant ainsi une compr\u00e9hension spirituelle de la souffrance ou de la douleur et par cela soulage le corps.<\/p>\n<p><a href=\"https:\/\/trimakasi.eu\/fr\/vlog\/\"><u>Visitez notre blog vid\u00e9o pour d\u00e9couvrir les liens entre les pierres pr\u00e9cieuses, les signes du zodiaque, les chakras et bien plus encore.<\/u><\/a><\/p>","protected":false},"excerpt":{"rendered":"<p>La l\u00e9pidolite est une forme rare de mica riche en lithium. Des nuances discr\u00e8tes de violet et de rose, entrelac\u00e9es et adoucies de blanc ajouteront charme et \u00e9l\u00e9gance personnelle \u00e0 chaque propri\u00e9taire d&#039;un bracelet en l\u00e9pidolite. Apprenez-en plus sur les propri\u00e9t\u00e9s de cette pierre ci-dessous.<\/p>\n<p>Choisissez un bracelet par sa taille et par la couleur de la derni\u00e8re perle.\u00a0<a href=\"https:\/\/trimakasi.eu\/fr\/comment-choisir-la-taille-du-bracelet\/\">Vous trouverez ici des instructions sur la fa\u00e7on de d\u00e9terminer correctement la taille.<\/a><\/p>","protected":false},"featured_media":105112,"comment_status":"open","ping_status":"closed","template":"","meta":{"_acf_changed":false,"_themeisle_gutenberg_block_has_review":false},"product_brand":[],"product_cat":[1687,554,553],"product_tag":[],"class_list":{"0":"post-73189","1":"product","2":"type-product","3":"status-publish","4":"has-post-thumbnail","6":"product_cat-elastic-bracelets","7":"product_cat-natural-gemstone-bracelets","8":"product_cat-womens-jewellery","10":"first","11":"instock","12":"taxable","13":"shipping-taxable","14":"purchasable","15":"product-type-variable","16":"has-default-attributes"},"acf":[],"_links":{"self":[{"href":"https:\/\/trimakasi.eu\/fr\/wp-json\/wp\/v2\/product\/73189","targetHints":{"allow":["GET"]}}],"collection":[{"href":"https:\/\/trimakasi.eu\/fr\/wp-json\/wp\/v2\/product"}],"about":[{"href":"https:\/\/trimakasi.eu\/fr\/wp-json\/wp\/v2\/types\/product"}],"replies":[{"embeddable":true,"href":"https:\/\/trimakasi.eu\/fr\/wp-json\/wp\/v2\/comments?post=73189"}],"wp:featuredmedia":[{"embeddable":true,"href":"https:\/\/trimakasi.eu\/fr\/wp-json\/wp\/v2\/media\/105112"}],"wp:attachment":[{"href":"https:\/\/trimakasi.eu\/fr\/wp-json\/wp\/v2\/media?parent=73189"}],"wp:term":[{"taxonomy":"product_brand","embeddable":true,"href":"https:\/\/trimakasi.eu\/fr\/wp-json\/wp\/v2\/product_brand?post=73189"},{"taxonomy":"product_cat","embeddable":true,"href":"https:\/\/trimakasi.eu\/fr\/wp-json\/wp\/v2\/product_cat?post=73189"},{"taxonomy":"product_tag","embeddable":true,"href":"https:\/\/trimakasi.eu\/fr\/wp-json\/wp\/v2\/product_tag?post=73189"}],"curies":[{"name":"wp","href":"https:\/\/api.w.org\/{rel}","templated":true}]}}