{"id":174640,"date":"2018-12-02T23:14:20","date_gmt":"2018-12-02T22:14:20","guid":{"rendered":"https:\/\/trimakasi.eu\/?post_type=product&#038;p=174640"},"modified":"2025-11-20T15:41:55","modified_gmt":"2025-11-20T14:41:55","slug":"bracelet-mystere","status":"publish","type":"product","link":"https:\/\/trimakasi.eu\/fr\/product\/mystery-bracelet\/","title":{"rendered":"\u00ab Bracelet Myst\u00e8re \u00bb"},"content":{"rendered":"","protected":false},"excerpt":{"rendered":"<p>D\u00e9couvrez le charme de notre Bracelet Myst\u00e8re ! Ajoutez \u00e0 votre commande un bracelet unique en pierres naturelles \u00e0 un prix avantageux. Le style et le design exacts ? C&#039;est la surprise amusante qui vous attend !<\/p>","protected":false},"featured_media":0,"comment_status":"closed","ping_status":"closed","template":"","meta":{"_acf_changed":false,"_themeisle_gutenberg_block_has_review":false},"product_brand":[],"product_cat":[1064,553],"product_tag":[],"class_list":{"0":"post-174640","1":"product","2":"type-product","3":"status-publish","5":"product_cat-mens-jewellery","6":"product_cat-womens-jewellery","8":"first","9":"instock","10":"taxable","11":"shipping-taxable","12":"purchasable","13":"product-type-simple"},"acf":[],"_links":{"self":[{"href":"https:\/\/trimakasi.eu\/fr\/wp-json\/wp\/v2\/product\/174640","targetHints":{"allow":["GET"]}}],"collection":[{"href":"https:\/\/trimakasi.eu\/fr\/wp-json\/wp\/v2\/product"}],"about":[{"href":"https:\/\/trimakasi.eu\/fr\/wp-json\/wp\/v2\/types\/product"}],"replies":[{"embeddable":true,"href":"https:\/\/trimakasi.eu\/fr\/wp-json\/wp\/v2\/comments?post=174640"}],"wp:attachment":[{"href":"https:\/\/trimakasi.eu\/fr\/wp-json\/wp\/v2\/media?parent=174640"}],"wp:term":[{"taxonomy":"product_brand","embeddable":true,"href":"https:\/\/trimakasi.eu\/fr\/wp-json\/wp\/v2\/product_brand?post=174640"},{"taxonomy":"product_cat","embeddable":true,"href":"https:\/\/trimakasi.eu\/fr\/wp-json\/wp\/v2\/product_cat?post=174640"},{"taxonomy":"product_tag","embeddable":true,"href":"https:\/\/trimakasi.eu\/fr\/wp-json\/wp\/v2\/product_tag?post=174640"}],"curies":[{"name":"wp","href":"https:\/\/api.w.org\/{rel}","templated":true}]}}