{"id":173915,"date":"2023-01-25T19:46:50","date_gmt":"2023-01-25T18:46:50","guid":{"rendered":"https:\/\/trimakasi.eu\/?post_type=product&#038;p=173915"},"modified":"2025-09-11T09:05:54","modified_gmt":"2025-09-11T07:05:54","slug":"collier-quartz-rose-goutte-damour","status":"publish","type":"product","link":"https:\/\/trimakasi.eu\/fr\/product\/rose-quartz-necklace-drop-of-love\/","title":{"rendered":"Collier quartz rose \u2013 Goutte d\u2019Amour"},"content":{"rendered":"<h3>Quartz rose<\/h3>\n<p>Cette pierre est un symbole d&#039;amour, de beaut\u00e9 et de bonne sant\u00e9. Cette pierre nous enseigne la patience dans la r\u00e9solution des probl\u00e8mes, l&#039;amour de soi et donne la force de pardonner \u00e0 ceux qui nous ont bless\u00e9s. Il ravive la fantaisie et la pens\u00e9e cr\u00e9ative.<\/p>\n<p id=\"tw-target-text\" class=\"tw-data-text tw-ta tw-text-small\" dir=\"ltr\" data-placeholder=\"Translation\"><span lang=\"en\" tabindex=\"0\">\u00c9l\u00e9ment:\u00a0<strong>Terre<\/strong><\/span><\/p>\n<p class=\"tw-data-text tw-ta tw-text-small\" dir=\"ltr\" data-placeholder=\"Translation\"><span lang=\"en\" tabindex=\"0\">Signes du zodiaque:\u00a0<strong>Lion, Scorpion, B\u00e9lier, Cancer, Taureau, Capricorne<\/strong><\/span><\/p>\n<p>Le bracelet harmonise le chakra du coeur.<\/p>\n<p><img loading=\"lazy\" decoding=\"async\" class=\"alignnone size-full wp-image-83566\" src=\"https:\/\/trimakasi.eu\/wp-content\/uploads\/2020\/07\/\u010dakra4.jpg\" alt=\"\" width=\"79\" height=\"93\" srcset=\"https:\/\/trimakasi.eu\/wp-content\/uploads\/2020\/07\/\u010dakra4.jpg 79w, https:\/\/trimakasi.eu\/wp-content\/uploads\/2020\/07\/\u010dakra4-10x12.jpg 10w\" sizes=\"auto, (max-width: 79px) 100vw, 79px\" \/><\/p>\n<p><a href=\"https:\/\/trimakasi.eu\/fr\/vlog\/\"><u>Visitez notre blog vid\u00e9o pour d\u00e9couvrir les liens entre les pierres pr\u00e9cieuses, les signes du zodiaque, les chakras et bien plus encore.<\/u><\/a><\/p>","protected":false},"excerpt":{"rendered":"<p>Le collier en quartz rose \u00ab Drop of Love \u00bb est un symbole d\u2019\u00e9l\u00e9gance et de d\u00e9licatesse pour toute femme moderne. La forme de la goutte et le facettage pr\u00e9cis en font un bijou qui enchantera \u00e0 coup s\u00fbr par sa beaut\u00e9 unique.<\/p>\n<p>Ce sont ces petits gestes, ces petites gouttes d&#039;amour, qui transforment des moments ordinaires en exp\u00e9riences inoubliables et constituent le fondement de relations fortes remplies de compr\u00e9hension mutuelle et d&#039;empathie.<\/p>\n<p>La cha\u00eene est r\u00e9glable en longueur de 46 \u00e0 52 cm, fabriqu\u00e9e en acier inoxydable et rev\u00eatue d&#039;or v\u00e9ritable 18 carats selon la m\u00e9thode PVD pour une durabilit\u00e9 \u00e0 long terme. Les dimensions de la pierre minimaliste sont d&#039;environ 0,6 x 1,2 cm. Le collier est livr\u00e9 dans une luxueuse bo\u00eete rose avec le logo Trimakasi, ce qui en fait un cadeau parfait.<\/p>","protected":false},"featured_media":173879,"comment_status":"open","ping_status":"closed","template":"","meta":{"_acf_changed":false,"_themeisle_gutenberg_block_has_review":false},"product_brand":[],"product_cat":[569,1690,1149,553],"product_tag":[],"class_list":{"0":"post-173915","1":"product","2":"type-product","3":"status-publish","4":"has-post-thumbnail","6":"product_cat-minimalist-jewellery-for-women","7":"product_cat-necklaces","8":"product_cat-necklaces-for-women","9":"product_cat-womens-jewellery","11":"first","12":"outofstock","13":"taxable","14":"shipping-taxable","15":"purchasable","16":"product-type-variable","17":"has-default-attributes"},"acf":[],"_links":{"self":[{"href":"https:\/\/trimakasi.eu\/fr\/wp-json\/wp\/v2\/product\/173915","targetHints":{"allow":["GET"]}}],"collection":[{"href":"https:\/\/trimakasi.eu\/fr\/wp-json\/wp\/v2\/product"}],"about":[{"href":"https:\/\/trimakasi.eu\/fr\/wp-json\/wp\/v2\/types\/product"}],"replies":[{"embeddable":true,"href":"https:\/\/trimakasi.eu\/fr\/wp-json\/wp\/v2\/comments?post=173915"}],"wp:featuredmedia":[{"embeddable":true,"href":"https:\/\/trimakasi.eu\/fr\/wp-json\/wp\/v2\/media\/173879"}],"wp:attachment":[{"href":"https:\/\/trimakasi.eu\/fr\/wp-json\/wp\/v2\/media?parent=173915"}],"wp:term":[{"taxonomy":"product_brand","embeddable":true,"href":"https:\/\/trimakasi.eu\/fr\/wp-json\/wp\/v2\/product_brand?post=173915"},{"taxonomy":"product_cat","embeddable":true,"href":"https:\/\/trimakasi.eu\/fr\/wp-json\/wp\/v2\/product_cat?post=173915"},{"taxonomy":"product_tag","embeddable":true,"href":"https:\/\/trimakasi.eu\/fr\/wp-json\/wp\/v2\/product_tag?post=173915"}],"curies":[{"name":"wp","href":"https:\/\/api.w.org\/{rel}","templated":true}]}}