{"id":173907,"date":"2022-05-25T18:01:29","date_gmt":"2022-05-25T16:01:29","guid":{"rendered":"https:\/\/trimakasi.eu\/?post_type=product&#038;p=173907"},"modified":"2026-01-03T13:06:12","modified_gmt":"2026-01-03T12:06:12","slug":"collier-en-cornaline-brute-pour-femme","status":"publish","type":"product","link":"https:\/\/trimakasi.eu\/fr\/product\/raw-carnelian-necklace-for-women\/","title":{"rendered":"Collier femme Cornaline brute"},"content":{"rendered":"<h3>Cornaline<\/h3>\n<p>La cornaline est une pierre du Soleil qui a absorb\u00e9 son \u00e9nergie et a acquis sa couleur chaude et radieuse. Connue comme la pierre de motivation, de pers\u00e9v\u00e9rance, de leadership et de courage, la cornaline prot\u00e8ge et inspire l&#039;humanit\u00e9 tout au long de son histoire. Les anciens guerriers portaient de la cornaline autour du cou pour leur donner du courage et de la force physique pour vaincre leurs ennemis. La cornaline apporte le courage n\u00e9cessaire pour surmonter les difficult\u00e9s et soutient l&#039;id\u00e9alisme, le pragmatisme et les changements de vie positifs.<\/p>\n<p>Traditionnellement, la cornaline est cens\u00e9e prot\u00e9ger son porteur des chutes d&#039;objets et des blessures caus\u00e9es par les accidents du travail. On dit aussi que la cornaline attire la prosp\u00e9rit\u00e9 et le bonheur. La cornaline soutient l&#039;acceptation du cycle de la vie et aide \u00e0 \u00e9liminer la peur de la mort. En tant que pierre ancienne, elle a \u00e9t\u00e9 utilis\u00e9e \u00e0 plusieurs reprises pour prot\u00e9ger les morts en route vers l&#039;au-del\u00e0. On croyait aussi que cette pierre pouvait aider \u00e0 am\u00e9liorer la circulation sanguine vers les organes vitaux.<\/p>\n<p>\u00c9l\u00e9ment: <strong>Feu<\/strong><\/p>\n<p>Signes du zodiaque: <strong>Capricorne, Vierge, Cancer<\/strong><\/p>\n<p>Ce bracelet harmonise les chakras racine et sacr\u00e9.<\/p>\n<p><a href=\"https:\/\/trimakasi.eu\/wp-content\/uploads\/\u010dakra1.jpg\"><img loading=\"lazy\" decoding=\"async\" class=\"alignnone size-full wp-image-138513\" src=\"https:\/\/trimakasi.eu\/wp-content\/uploads\/\u010dakra1.jpg\" alt=\"Chakra racine\" width=\"81\" height=\"88\" srcset=\"https:\/\/trimakasi.eu\/wp-content\/uploads\/\u010dakra1.jpg 81w, https:\/\/trimakasi.eu\/wp-content\/uploads\/\u010dakra1-11x12.jpg 11w\" sizes=\"auto, (max-width: 81px) 100vw, 81px\" \/><\/a><a href=\"https:\/\/trimakasi.eu\/wp-content\/uploads\/\u010dakra2.jpg\"><img loading=\"lazy\" decoding=\"async\" class=\"alignnone size-full wp-image-138514\" src=\"https:\/\/trimakasi.eu\/wp-content\/uploads\/\u010dakra2.jpg\" alt=\"Chakra sacr\u00e9\" width=\"76\" height=\"96\" srcset=\"https:\/\/trimakasi.eu\/wp-content\/uploads\/\u010dakra2.jpg 76w, https:\/\/trimakasi.eu\/wp-content\/uploads\/\u010dakra2-10x12.jpg 10w\" sizes=\"auto, (max-width: 76px) 100vw, 76px\" \/><\/a><\/p>\n<p><a href=\"https:\/\/trimakasi.eu\/fr\/vlog\/\"><u>Visitez notre blog vid\u00e9o pour d\u00e9couvrir les liens entre les pierres pr\u00e9cieuses, les signes du zodiaque, les chakras et bien plus encore.<\/u><\/a><\/p>","protected":false},"excerpt":{"rendered":"<p>Rehaussez votre style avec notre collier minimaliste pour femme fait main pr\u00e9sentant un pendentif en cornaline brute. Cette pi\u00e8ce exquise offre chaleur, \u00e9nergie vive et une touche d\u2019\u00e9l\u00e9gance.<\/p>\n<p>La cornaline est appr\u00e9ci\u00e9e pour ses propri\u00e9t\u00e9s \u00e9nergisantes et motivantes. Chaque pi\u00e8ce est unique ! Faites d\u00e9filer vers le bas pour en savoir plus sur les propri\u00e9t\u00e9s des pierres.<\/p>\n<p>La cha\u00eene est r\u00e9glable en longueur de 46 \u00e0 52 cm, fabriqu\u00e9e en acier inoxydable et rev\u00eatue d&#039;or v\u00e9ritable 18 carats selon la m\u00e9thode PVD pour une durabilit\u00e9 \u00e0 long terme. Les dimensions de la pierre minimaliste sont d&#039;environ 0,6 x 1,2 cm. Le collier est livr\u00e9 dans une luxueuse bo\u00eete rose avec le logo Trimakasi, ce qui en fait un cadeau parfait.<\/p>","protected":false},"featured_media":173871,"comment_status":"open","ping_status":"closed","template":"","meta":{"_acf_changed":false,"_themeisle_gutenberg_block_has_review":false},"product_brand":[],"product_cat":[569,1149,1690,553],"product_tag":[],"class_list":{"0":"post-173907","1":"product","2":"type-product","3":"status-publish","4":"has-post-thumbnail","6":"product_cat-minimalist-jewellery-for-women","7":"product_cat-necklaces-for-women","8":"product_cat-necklaces","9":"product_cat-womens-jewellery","11":"first","12":"instock","13":"taxable","14":"shipping-taxable","15":"purchasable","16":"product-type-variable","17":"has-default-attributes"},"acf":[],"_links":{"self":[{"href":"https:\/\/trimakasi.eu\/fr\/wp-json\/wp\/v2\/product\/173907","targetHints":{"allow":["GET"]}}],"collection":[{"href":"https:\/\/trimakasi.eu\/fr\/wp-json\/wp\/v2\/product"}],"about":[{"href":"https:\/\/trimakasi.eu\/fr\/wp-json\/wp\/v2\/types\/product"}],"replies":[{"embeddable":true,"href":"https:\/\/trimakasi.eu\/fr\/wp-json\/wp\/v2\/comments?post=173907"}],"wp:featuredmedia":[{"embeddable":true,"href":"https:\/\/trimakasi.eu\/fr\/wp-json\/wp\/v2\/media\/173871"}],"wp:attachment":[{"href":"https:\/\/trimakasi.eu\/fr\/wp-json\/wp\/v2\/media?parent=173907"}],"wp:term":[{"taxonomy":"product_brand","embeddable":true,"href":"https:\/\/trimakasi.eu\/fr\/wp-json\/wp\/v2\/product_brand?post=173907"},{"taxonomy":"product_cat","embeddable":true,"href":"https:\/\/trimakasi.eu\/fr\/wp-json\/wp\/v2\/product_cat?post=173907"},{"taxonomy":"product_tag","embeddable":true,"href":"https:\/\/trimakasi.eu\/fr\/wp-json\/wp\/v2\/product_tag?post=173907"}],"curies":[{"name":"wp","href":"https:\/\/api.w.org\/{rel}","templated":true}]}}