{"id":166019,"date":"2023-05-12T20:02:52","date_gmt":"2023-05-12T18:02:52","guid":{"rendered":"https:\/\/trimakasi.eu\/?post_type=product&#038;p=166019"},"modified":"2025-02-04T10:58:45","modified_gmt":"2025-02-04T09:58:45","slug":"collier-mala-avec-pierre-de-lave","status":"publish","type":"product","link":"https:\/\/trimakasi.eu\/fr\/product\/mala-necklace-with-lava-stone\/","title":{"rendered":"Collier Mala avec pierre de lave"},"content":{"rendered":"<h3><a href=\"https:\/\/trimakasi.eu\/fr\/product\/pierre-de-lave\/\">Pierre de lave<\/a><\/h3>\n<p>Gr\u00e2ce \u00e0 la structure poreuse naturelle de ces pierres, parfois appel\u00e9es Vulkanite, vous ne trouverez jamais deux perles identiques. La lave provient directement du c\u0153ur de la terre et sa signification spirituelle concerne la mise \u00e0 la terre et la connexion avec la nature. Les Am\u00e9rindiens portaient un morceau de pierre de lave dans les batailles parce qu&#039;ils croyaient que sa puissance leur apporterait courage et force.<\/p>\n<p>La pierre de lave est \u00e9galement surnomm\u00e9e \u00abla pierre de renaissance\u00bb car elle a la capacit\u00e9 d&#039;aider ceux qui la portent \u00e0 se d\u00e9barrasser des \u00e9motions inutiles et malsaines. La pierre de lave nous maintient mentalement stables et nous aide \u00e0 r\u00e9duire la col\u00e8re. L&#039;effet de mise \u00e0 la terre de pierre de lave est \u00e9galement utilis\u00e9 par exemple pour les massages.<\/p>\n<h3><a href=\"https:\/\/trimakasi.eu\/fr\/product\/jaspe-sang-de-dragon\/\">Sang de dragon Jasper<\/a><\/h3>\n<p>Les gisements les plus importants de cette pierre se trouvent en Australie. Les peuples indig\u00e8nes de ce continent croyaient qu&#039;il s&#039;agissait d&#039;un reste fossilis\u00e9 d&#039;anciens dragons d\u00e9c\u00e9d\u00e9s, de puissantes cr\u00e9atures \u00e0 la peau verte et au sang rouge fonc\u00e9.<\/p>\n<p>&quot;Le dragon ne peut pas \u00eatre domestiqu\u00e9, c&#039;est une b\u00eate sauvage et d\u00e9cha\u00een\u00e9e - un grand alli\u00e9 et un ennemi dangereux.&quot; Selon les l\u00e9gendes mentionn\u00e9es, le porteur de cette pierre gagnera ces propri\u00e9t\u00e9s de dragon.<\/p>\n<p>Ce min\u00e9ral a une solide r\u00e9putation pour stimuler la force de vie mentale et physique, le courage et la vitalit\u00e9. Il peut \u00e9galement aider la personne qui l&#039;a port\u00e9 \u00e0 atteindre ses objectifs et \u00e0 se d\u00e9barrasser des addictions non rentables.<\/p>\n<p>En reliant le chakra racine et le chakra du c\u0153ur, cette pierre stimule le courage et la lutte pour la bonne chose. Cela peut aider \u00e0 manifester le d\u00e9sir du c\u0153ur dans le monde physique.<\/p>\n<h3 class=\"LC20lb\"><a href=\"https:\/\/trimakasi.eu\/fr\/product\/oeil-de-tigre\/\">Oeil de tigre rouge<\/a><\/h3>\n<p>La pierre a la capacit\u00e9 de dissiper la n\u00e9gativit\u00e9 et sa couleur dor\u00e9e attire la prosp\u00e9rit\u00e9, la richesse et un statut social important. Il repr\u00e9sente le soleil et la tendance associ\u00e9e \u00e0 \u00ab \u00eatre au centre de l&#039;attention \u00bb.<\/p>\n<p>Signe du zodiaque:<strong> B\u00e9n\u00e9fique pour tous les signes du zodiaque<\/strong><\/p>\n<p>\u00c9l\u00e9ment:<strong> Feu, Terre<\/strong><\/p>\n<p>Collier harmonise le chakra racine et le chakra du c\u0153ur<\/p>\n<p><a href=\"https:\/\/trimakasi.eu\/wp-content\/uploads\/\u010dakra1.jpg\"><img loading=\"lazy\" decoding=\"async\" class=\"alignnone size-full wp-image-138513\" src=\"https:\/\/trimakasi.eu\/wp-content\/uploads\/\u010dakra1.jpg\" alt=\"Chakra racine\" width=\"81\" height=\"88\" srcset=\"https:\/\/trimakasi.eu\/wp-content\/uploads\/\u010dakra1.jpg 81w, https:\/\/trimakasi.eu\/wp-content\/uploads\/\u010dakra1-11x12.jpg 11w\" sizes=\"auto, (max-width: 81px) 100vw, 81px\" \/> <\/a><a href=\"https:\/\/trimakasi.eu\/wp-content\/uploads\/2020\/07\/\u010dakra4.jpg\"><img loading=\"lazy\" decoding=\"async\" class=\"alignnone size-full wp-image-83566\" src=\"https:\/\/trimakasi.eu\/wp-content\/uploads\/2020\/07\/\u010dakra4.jpg\" alt=\"Chakra du coeur\" width=\"79\" height=\"93\" srcset=\"https:\/\/trimakasi.eu\/wp-content\/uploads\/2020\/07\/\u010dakra4.jpg 79w, https:\/\/trimakasi.eu\/wp-content\/uploads\/2020\/07\/\u010dakra4-10x12.jpg 10w\" sizes=\"auto, (max-width: 79px) 100vw, 79px\" \/><\/a><\/p>\n<p><a href=\"https:\/\/trimakasi.eu\/fr\/vlog\/\"><u>Visitez notre blog vid\u00e9o pour d\u00e9couvrir les liens entre les pierres pr\u00e9cieuses, les signes du zodiaque, les chakras et bien plus encore.<\/u><\/a><\/p>\n<p>&nbsp;<\/p>","protected":false},"excerpt":{"rendered":"<p>D\u00e9couvrez le pouvoir spirituel et le style dans notre collier Mala exclusif, magistralement fabriqu\u00e9 \u00e0 partir de pierre de lave, d&#039;\u0153il de tigre rouge et de jaspe sang de dragon.<\/p>\n<p>Ce collier de perles n&#039;est pas seulement un bijou, mais un outil de m\u00e9ditation qui refl\u00e8te les enseignements anciens sur la force des \u00e9l\u00e9ments naturels et leur impact sur notre corps et notre \u00e2me.<\/p>\n<p>La conception sans couture du collier permet de le placer directement sur la t\u00eate. La longueur du collier est de 69 cm.<\/p>\n<p>Apprenez-en plus sur le collier et les pierres utilis\u00e9es ci-dessous.<\/p>","protected":false},"featured_media":165856,"comment_status":"open","ping_status":"closed","template":"","meta":{"_acf_changed":false,"_themeisle_gutenberg_block_has_review":false},"product_brand":[],"product_cat":[1064,1690,1150],"product_tag":[],"class_list":{"0":"post-166019","1":"product","2":"type-product","3":"status-publish","4":"has-post-thumbnail","6":"product_cat-mens-jewellery","7":"product_cat-necklaces","8":"product_cat-necklaces-for-men","10":"first","11":"outofstock","12":"taxable","13":"shipping-taxable","14":"purchasable","15":"product-type-simple"},"acf":[],"_links":{"self":[{"href":"https:\/\/trimakasi.eu\/fr\/wp-json\/wp\/v2\/product\/166019","targetHints":{"allow":["GET"]}}],"collection":[{"href":"https:\/\/trimakasi.eu\/fr\/wp-json\/wp\/v2\/product"}],"about":[{"href":"https:\/\/trimakasi.eu\/fr\/wp-json\/wp\/v2\/types\/product"}],"replies":[{"embeddable":true,"href":"https:\/\/trimakasi.eu\/fr\/wp-json\/wp\/v2\/comments?post=166019"}],"wp:featuredmedia":[{"embeddable":true,"href":"https:\/\/trimakasi.eu\/fr\/wp-json\/wp\/v2\/media\/165856"}],"wp:attachment":[{"href":"https:\/\/trimakasi.eu\/fr\/wp-json\/wp\/v2\/media?parent=166019"}],"wp:term":[{"taxonomy":"product_brand","embeddable":true,"href":"https:\/\/trimakasi.eu\/fr\/wp-json\/wp\/v2\/product_brand?post=166019"},{"taxonomy":"product_cat","embeddable":true,"href":"https:\/\/trimakasi.eu\/fr\/wp-json\/wp\/v2\/product_cat?post=166019"},{"taxonomy":"product_tag","embeddable":true,"href":"https:\/\/trimakasi.eu\/fr\/wp-json\/wp\/v2\/product_tag?post=166019"}],"curies":[{"name":"wp","href":"https:\/\/api.w.org\/{rel}","templated":true}]}}