{"id":166012,"date":"2022-11-12T13:55:02","date_gmt":"2022-11-12T12:55:02","guid":{"rendered":"https:\/\/trimakasi.eu\/?post_type=product&#038;p=166012"},"modified":"2025-01-13T10:46:41","modified_gmt":"2025-01-13T09:46:41","slug":"collier-medusa-pour-hommes","status":"publish","type":"product","link":"https:\/\/trimakasi.eu\/fr\/product\/medusa-necklace-for-men\/","title":{"rendered":"Collier M\u00e9duse pour homme"},"content":{"rendered":"<h3>Collier M\u00e9duse<\/h3>\n<p>M\u00e9duse est l\u2019une des figures les plus c\u00e9l\u00e8bres et les plus redout\u00e9es de la mythologie grecque antique. Son histoire est un m\u00e9lange de trag\u00e9die, de mal\u00e9diction et de ch\u00e2timent. \u00c0 l&#039;origine une belle nymphe connue pour sa beaut\u00e9 \u00e9poustouflante, elle a \u00e9t\u00e9 maudite et transform\u00e9e en monstre connu sous le nom de Gorgone apr\u00e8s avoir offens\u00e9 la d\u00e9esse Ath\u00e9na. Sa nouvelle apparence et ses capacit\u00e9s mortelles lui ont non seulement valu un statut redout\u00e9, mais \u00e9galement un isolement du monde. La fin de M\u00e9duse est survenue aux mains du h\u00e9ros Pers\u00e9e, qui l&#039;a vaincue et a utilis\u00e9 sa t\u00eate comme une arme. Bien que son histoire se soit termin\u00e9e avec Pers\u00e9e, l&#039;h\u00e9ritage de M\u00e9duse perdure depuis des si\u00e8cles, rappelant \u00e0 la fois le pouvoir des dieux antiques et la nature complexe de l&#039;existence humaine.<\/p>","protected":false},"excerpt":{"rendered":"<p>Pendentif pi\u00e8ce pour homme inspir\u00e9 des l\u00e9gendes grecques antiques, repr\u00e9sentant M\u00e9duse, l&#039;un des personnages les plus c\u00e9l\u00e8bres de la mythologie grecque.<\/p>\n<p>M\u00e9duse, repr\u00e9sent\u00e9e avec des cheveux serpentins et un regard si puissant qu&#039;il transforme les spectateurs en pierre, a toujours \u00e9t\u00e9 un symbole de pouvoir et d&#039;influence infinis.<\/p>\n<p>Cette pi\u00e8ce est fabriqu\u00e9e en acier inoxydable et plaqu\u00e9e or v\u00e9ritable 18 carats gr\u00e2ce \u00e0 la technologie PVD, garantissant sa durabilit\u00e9.<\/p>\n<p>La longueur de la cha\u00eene est r\u00e9glable entre 61 et 66 cm et le collier sera livr\u00e9 dans un sac de protection en daim portant le logo Trimakasi.<\/p>","protected":false},"featured_media":165858,"comment_status":"closed","ping_status":"closed","template":"","meta":{"_acf_changed":false,"_themeisle_gutenberg_block_has_review":false},"product_brand":[],"product_cat":[1064,1150,1690],"product_tag":[],"class_list":{"0":"post-166012","1":"product","2":"type-product","3":"status-publish","4":"has-post-thumbnail","6":"product_cat-mens-jewellery","7":"product_cat-necklaces-for-men","8":"product_cat-necklaces","10":"first","11":"outofstock","12":"taxable","13":"shipping-taxable","14":"purchasable","15":"product-type-simple"},"acf":[],"_links":{"self":[{"href":"https:\/\/trimakasi.eu\/fr\/wp-json\/wp\/v2\/product\/166012","targetHints":{"allow":["GET"]}}],"collection":[{"href":"https:\/\/trimakasi.eu\/fr\/wp-json\/wp\/v2\/product"}],"about":[{"href":"https:\/\/trimakasi.eu\/fr\/wp-json\/wp\/v2\/types\/product"}],"replies":[{"embeddable":true,"href":"https:\/\/trimakasi.eu\/fr\/wp-json\/wp\/v2\/comments?post=166012"}],"wp:featuredmedia":[{"embeddable":true,"href":"https:\/\/trimakasi.eu\/fr\/wp-json\/wp\/v2\/media\/165858"}],"wp:attachment":[{"href":"https:\/\/trimakasi.eu\/fr\/wp-json\/wp\/v2\/media?parent=166012"}],"wp:term":[{"taxonomy":"product_brand","embeddable":true,"href":"https:\/\/trimakasi.eu\/fr\/wp-json\/wp\/v2\/product_brand?post=166012"},{"taxonomy":"product_cat","embeddable":true,"href":"https:\/\/trimakasi.eu\/fr\/wp-json\/wp\/v2\/product_cat?post=166012"},{"taxonomy":"product_tag","embeddable":true,"href":"https:\/\/trimakasi.eu\/fr\/wp-json\/wp\/v2\/product_tag?post=166012"}],"curies":[{"name":"wp","href":"https:\/\/api.w.org\/{rel}","templated":true}]}}