{"id":166008,"date":"2021-01-12T13:54:29","date_gmt":"2021-01-12T12:54:29","guid":{"rendered":"https:\/\/trimakasi.eu\/?post_type=product&#038;p=166008"},"modified":"2026-03-14T14:43:12","modified_gmt":"2026-03-14T13:43:12","slug":"collier-trident-pour-hommes-2","status":"publish","type":"product","link":"https:\/\/trimakasi.eu\/fr\/product\/trident-necklace-for-men\/","title":{"rendered":"Collier trident pour homme"},"content":{"rendered":"<h3>Collier trident<\/h3>\n<p>Le Trident : Le symbole majestueux de Pos\u00e9idon, l&#039;ancien dieu grec des mers, incarne le pouvoir et la domination. Cet instrument a permis \u00e0 Pos\u00e9idon de contr\u00f4ler les oc\u00e9ans, de conjurer des vagues et des temp\u00eates et de d\u00e9placer les continents. En tant qu&#039;embl\u00e8me de la mythologie grecque, le trident est un puissant rappel d&#039;une \u00e9poque remplie de dieux et de h\u00e9ros, leurs vies \u00e9tant tiss\u00e9es dans des histoires pleines d&#039;aventures. Porter le trident vous permet de vous connecter \u00e0 cette mythologie ancienne, c\u00e9l\u00e9brant une \u00e9poque de mythes et de l\u00e9gendes.<\/p>","protected":false},"excerpt":{"rendered":"<p>Collier pour homme \u00ab Trident \u00bb : symbole du pouvoir de Pos\u00e9idon, le souverain des mers. Entre les mains de Pos\u00e9idon, le trident \u00e9tait un symbole de pouvoir et de domination. D\u00e9sormais, il peut vous servir d\u2019amulette, incarnant votre force int\u00e9rieure et vous connectant \u00e0 l\u2019histoire ancienne.<\/p>\n<p>La longueur de la cha\u00eene est r\u00e9glable de 61 \u00e0 66 cm et le collier sera livr\u00e9 dans un sac de protection en daim portant le logo Trimakasi.<\/p>\n<p>Bijoux extr\u00eamement durables ; Mat\u00e9riau de la cha\u00eene\u00a0:<\/p>\n<p>Variante argent : acier inoxydable poli<\/p>\n<p>Variante or : acier inoxydable plaqu\u00e9 or avec PVD or 18 carats<\/p>","protected":false},"featured_media":165825,"comment_status":"closed","ping_status":"closed","template":"","meta":{"_acf_changed":false,"_themeisle_gutenberg_block_has_review":false},"product_brand":[],"product_cat":[1064,1150,1690],"product_tag":[],"class_list":{"0":"post-166008","1":"product","2":"type-product","3":"status-publish","4":"has-post-thumbnail","6":"product_cat-mens-jewellery","7":"product_cat-necklaces-for-men","8":"product_cat-necklaces","10":"first","11":"instock","12":"taxable","13":"shipping-taxable","14":"purchasable","15":"product-type-variable","16":"has-default-attributes"},"acf":[],"_links":{"self":[{"href":"https:\/\/trimakasi.eu\/fr\/wp-json\/wp\/v2\/product\/166008","targetHints":{"allow":["GET"]}}],"collection":[{"href":"https:\/\/trimakasi.eu\/fr\/wp-json\/wp\/v2\/product"}],"about":[{"href":"https:\/\/trimakasi.eu\/fr\/wp-json\/wp\/v2\/types\/product"}],"replies":[{"embeddable":true,"href":"https:\/\/trimakasi.eu\/fr\/wp-json\/wp\/v2\/comments?post=166008"}],"wp:featuredmedia":[{"embeddable":true,"href":"https:\/\/trimakasi.eu\/fr\/wp-json\/wp\/v2\/media\/165825"}],"wp:attachment":[{"href":"https:\/\/trimakasi.eu\/fr\/wp-json\/wp\/v2\/media?parent=166008"}],"wp:term":[{"taxonomy":"product_brand","embeddable":true,"href":"https:\/\/trimakasi.eu\/fr\/wp-json\/wp\/v2\/product_brand?post=166008"},{"taxonomy":"product_cat","embeddable":true,"href":"https:\/\/trimakasi.eu\/fr\/wp-json\/wp\/v2\/product_cat?post=166008"},{"taxonomy":"product_tag","embeddable":true,"href":"https:\/\/trimakasi.eu\/fr\/wp-json\/wp\/v2\/product_tag?post=166008"}],"curies":[{"name":"wp","href":"https:\/\/api.w.org\/{rel}","templated":true}]}}