{"id":166002,"date":"2023-10-11T19:27:23","date_gmt":"2023-10-11T17:27:23","guid":{"rendered":"https:\/\/trimakasi.eu\/?post_type=product&#038;p=166002"},"modified":"2025-12-02T14:04:58","modified_gmt":"2025-12-02T13:04:58","slug":"collier-de-perles-pour-homme-obsidienne-hematite","status":"publish","type":"product","link":"https:\/\/trimakasi.eu\/fr\/product\/beaded-necklace-for-men-obsidian-hematite\/","title":{"rendered":"Collier de perles pour homme Obsidienne &amp; H\u00e9matite"},"content":{"rendered":"<h3>Obsidienne noire<\/h3>\n<p>L&#039;obsidienne est une forme sp\u00e9ciale de pierre pr\u00e9cieuse naturelle, qui est cr\u00e9\u00e9e par le refroidissement rapide de la lave chaude \u00e0 la surface de la terre. Il est utilis\u00e9 par l&#039;humanit\u00e9 depuis l&#039;\u00e2ge de pierre, lorsque les chasseurs fabriquaient la pointe de leurs armes \u00e0 partir de ses copeaux tranchants. Cette pierre \u00e9tait aussi <span lang=\"en\" tabindex=\"0\">appr\u00e9ci\u00e9 parmi les anciens Azt\u00e8ques, qui l&#039;appelaient \u00abla pierre de Dieu\u00bb. Leur poignard sacr\u00e9, con\u00e7u pour leur tristement c\u00e9l\u00e8bre rituel d&#039;accomplissement de sacrifices humains aux dieux, \u00e9tait fait de cette pierre.<\/span><\/p>\n<p><span lang=\"en\" tabindex=\"0\">L&#039;onyx noir, la tourmaline noire et l&#039;obsidienne noire sont consid\u00e9r\u00e9s comme des pierres de protection traditionnelles en raison de leur couleur sombre. Ils peuvent vous entourer d&#039;une atmosph\u00e8re protectrice qui absorbe toute la n\u00e9gativit\u00e9 de votre environnement. Surtout, ils aident \u00e0 surmonter les sch\u00e9mas de pens\u00e9e n\u00e9gatifs qui r\u00e9sultent des \u00e9motions les plus d\u00e9bilitantes et les plus toxiques - la peur.<\/span><\/p>\n<h3>H\u00e9matite<\/h3>\n<p>L&#039;h\u00e9matite est une pierre avec un \u00e9clat sombre qui ressemble \u00e0 du chrome fra\u00eechement coul\u00e9, avec une surface aussi lisse qu&#039;un miroir. Sa couleur gris fonc\u00e9 \u00e0 noir et sa fra\u00eecheur au toucher conf\u00e8rent \u00e0 celui qui le porte une sensation de force et de stabilit\u00e9.<br \/>\nC&#039;est aussi une pierre associ\u00e9e au courage et \u00e0 l&#039;\u00e9quilibre.<\/p>\n<p>\u00c9l\u00e9ment: <strong>Feu, Terre<\/strong><\/p>\n<p>Signe du zodiaque:\u00a0<strong>Sagittaire, Scorpion, Capricorne, B\u00e9lier<\/strong><\/p>\n<p>Bracelet harmonise le chakra racine.<\/p>\n<p><a href=\"https:\/\/trimakasi.eu\/wp-content\/uploads\/\u010dakra1.jpg\"><img loading=\"lazy\" decoding=\"async\" class=\"alignnone size-full wp-image-138513\" src=\"https:\/\/trimakasi.eu\/wp-content\/uploads\/\u010dakra1.jpg\" alt=\"Chakra racine\" width=\"81\" height=\"88\" srcset=\"https:\/\/trimakasi.eu\/wp-content\/uploads\/\u010dakra1.jpg 81w, https:\/\/trimakasi.eu\/wp-content\/uploads\/\u010dakra1-11x12.jpg 11w\" sizes=\"auto, (max-width: 81px) 100vw, 81px\" \/><\/a><\/p>\n<p><a href=\"https:\/\/trimakasi.eu\/fr\/vlog\/\"><u>Visitez notre blog vid\u00e9o pour d\u00e9couvrir les liens entre les pierres pr\u00e9cieuses, les signes du zodiaque, les chakras et bien plus encore.<\/u><\/a><\/p>","protected":false},"excerpt":{"rendered":"<p>Ce collier pr\u00e9sente de l&#039;obsidienne, n\u00e9e du c\u0153ur ardent des volcans, associ\u00e9e \u00e0 de l&#039;h\u00e9matite, la pierre r\u00e9put\u00e9e pour favoriser le courage. Son design \u00e9l\u00e9gant et simple est non seulement abordable, mais symbolise \u00e9galement les vertus de force, d&#039;\u00e9quilibre et de r\u00e9silience sur le chemin de la vie.<\/p>\n<p>La conception sans couture du collier permet de le placer directement sur la t\u00eate. La longueur du collier est de 69 cm.<\/p>","protected":false},"featured_media":165859,"comment_status":"open","ping_status":"closed","template":"","meta":{"_acf_changed":false,"_themeisle_gutenberg_block_has_review":false},"product_brand":[],"product_cat":[1064,1150,1690],"product_tag":[],"class_list":{"0":"post-166002","1":"product","2":"type-product","3":"status-publish","4":"has-post-thumbnail","6":"product_cat-mens-jewellery","7":"product_cat-necklaces-for-men","8":"product_cat-necklaces","10":"first","11":"outofstock","12":"taxable","13":"shipping-taxable","14":"purchasable","15":"product-type-simple"},"acf":[],"_links":{"self":[{"href":"https:\/\/trimakasi.eu\/fr\/wp-json\/wp\/v2\/product\/166002","targetHints":{"allow":["GET"]}}],"collection":[{"href":"https:\/\/trimakasi.eu\/fr\/wp-json\/wp\/v2\/product"}],"about":[{"href":"https:\/\/trimakasi.eu\/fr\/wp-json\/wp\/v2\/types\/product"}],"replies":[{"embeddable":true,"href":"https:\/\/trimakasi.eu\/fr\/wp-json\/wp\/v2\/comments?post=166002"}],"wp:featuredmedia":[{"embeddable":true,"href":"https:\/\/trimakasi.eu\/fr\/wp-json\/wp\/v2\/media\/165859"}],"wp:attachment":[{"href":"https:\/\/trimakasi.eu\/fr\/wp-json\/wp\/v2\/media?parent=166002"}],"wp:term":[{"taxonomy":"product_brand","embeddable":true,"href":"https:\/\/trimakasi.eu\/fr\/wp-json\/wp\/v2\/product_brand?post=166002"},{"taxonomy":"product_cat","embeddable":true,"href":"https:\/\/trimakasi.eu\/fr\/wp-json\/wp\/v2\/product_cat?post=166002"},{"taxonomy":"product_tag","embeddable":true,"href":"https:\/\/trimakasi.eu\/fr\/wp-json\/wp\/v2\/product_tag?post=166002"}],"curies":[{"name":"wp","href":"https:\/\/api.w.org\/{rel}","templated":true}]}}