{"id":165982,"date":"2022-11-09T08:27:16","date_gmt":"2022-11-09T07:27:16","guid":{"rendered":"https:\/\/trimakasi.eu\/?post_type=product&#038;p=165982"},"modified":"2025-08-16T18:50:02","modified_gmt":"2025-08-16T16:50:02","slug":"collier-croc-labradorite-pour-homme","status":"publish","type":"product","link":"https:\/\/trimakasi.eu\/fr\/product\/labradorite-fang-necklace-for-men\/","title":{"rendered":"Collier Croc Labradorite pour homme"},"content":{"rendered":"<p>&nbsp;<\/p>\n<h3>Labradorite \u2013 Pierre des aurores bor\u00e9ales<\/h3>\n<p id=\"tw-target-text\" class=\"tw-data-text tw-ta tw-text-small\" dir=\"ltr\" data-placeholder=\"P\u0159eklad\"><span lang=\"en\" tabindex=\"0\">La labradorite est devenue une pierre tr\u00e8s populaire parmi les gens du monde entier \u00e0 tous les niveaux de leur cheminement spirituel. C&#039;est une pierre de chamanes, de druides, de gu\u00e9risseurs et de tous ceux qui cherchent une compr\u00e9hension plus profonde de ce monde et une connaissance spirituelle plus profonde. La labradorite allume le feu de l&#039;imagination cr\u00e9atrice et apaise l&#039;esprit de la peur et de l&#039;anxi\u00e9t\u00e9. <\/span><\/p>\n<p class=\"tw-data-text tw-ta tw-text-small\" dir=\"ltr\" data-placeholder=\"P\u0159eklad\"><span lang=\"en\" tabindex=\"0\">Selon les l\u00e9gendes des tribus inuites indig\u00e8nes, la Labradorite a \u00e9t\u00e9 cr\u00e9\u00e9e en tombant des aurores bor\u00e9ales, la lumi\u00e8re myst\u00e9rieuse s\u00e9parant le \u00abmonde r\u00e9el\u00bb du monde derri\u00e8re le rideau. La labradorite est un puissant protecteur de l&#039;aura humaine, emp\u00eachant la fuite de son \u00e9nergie et tout drainage de votre \u00e9nergie personnelle.<\/span><\/p>\n<p>\u00c9l\u00e9ment: <strong>L&#039;eau<\/strong><\/p>\n<p>Signes du zodiaque:<strong> Balance, Cancer, Capricorne<\/strong><\/p>\n<p>Le bracelet harmonise tous les chakras.<\/p>\n<p><a href=\"https:\/\/trimakasi.eu\/fr\/vlog\/\"><u>Visitez notre blog vid\u00e9o pour d\u00e9couvrir les liens entre les pierres pr\u00e9cieuses, les signes du zodiaque, les chakras et bien plus encore.<\/u><\/a><\/p>","protected":false},"excerpt":{"rendered":"<p>Croc de labradorite \u2013 symbole de force, de courage et de d\u00e9termination. Le pendentif Labradorite ressemble \u00e0 un croc de pr\u00e9dateur avec sa forme unique.<\/p>\n<p>Fabriqu\u00e9 en acier inoxydable avec un placage PVD noir, qui assure durabilit\u00e9 et long\u00e9vit\u00e9.<\/p>\n<p>Choisissez une longueur de cha\u00eene de 69 ou 80 cm. Le collier sera livr\u00e9 dans une pochette de protection en daim avec le logo Trimakasi.<\/p>\n<p>Le cadeau parfait pour les hommes qui souhaitent un collier discret mais \u00e9l\u00e9gant.<\/p>","protected":false},"featured_media":165824,"comment_status":"open","ping_status":"closed","template":"","meta":{"_acf_changed":false,"_themeisle_gutenberg_block_has_review":false},"product_brand":[],"product_cat":[1064,1150,1690],"product_tag":[],"class_list":{"0":"post-165982","1":"product","2":"type-product","3":"status-publish","4":"has-post-thumbnail","6":"product_cat-mens-jewellery","7":"product_cat-necklaces-for-men","8":"product_cat-necklaces","10":"first","11":"outofstock","12":"taxable","13":"shipping-taxable","14":"purchasable","15":"product-type-variable","16":"has-default-attributes"},"acf":[],"_links":{"self":[{"href":"https:\/\/trimakasi.eu\/fr\/wp-json\/wp\/v2\/product\/165982","targetHints":{"allow":["GET"]}}],"collection":[{"href":"https:\/\/trimakasi.eu\/fr\/wp-json\/wp\/v2\/product"}],"about":[{"href":"https:\/\/trimakasi.eu\/fr\/wp-json\/wp\/v2\/types\/product"}],"replies":[{"embeddable":true,"href":"https:\/\/trimakasi.eu\/fr\/wp-json\/wp\/v2\/comments?post=165982"}],"wp:featuredmedia":[{"embeddable":true,"href":"https:\/\/trimakasi.eu\/fr\/wp-json\/wp\/v2\/media\/165824"}],"wp:attachment":[{"href":"https:\/\/trimakasi.eu\/fr\/wp-json\/wp\/v2\/media?parent=165982"}],"wp:term":[{"taxonomy":"product_brand","embeddable":true,"href":"https:\/\/trimakasi.eu\/fr\/wp-json\/wp\/v2\/product_brand?post=165982"},{"taxonomy":"product_cat","embeddable":true,"href":"https:\/\/trimakasi.eu\/fr\/wp-json\/wp\/v2\/product_cat?post=165982"},{"taxonomy":"product_tag","embeddable":true,"href":"https:\/\/trimakasi.eu\/fr\/wp-json\/wp\/v2\/product_tag?post=165982"}],"curies":[{"name":"wp","href":"https:\/\/api.w.org\/{rel}","templated":true}]}}