{"id":165954,"date":"2022-01-06T17:24:59","date_gmt":"2022-01-06T16:24:59","guid":{"rendered":"https:\/\/trimakasi.eu\/?post_type=product&#038;p=165954"},"modified":"2025-08-20T12:52:37","modified_gmt":"2025-08-20T10:52:37","slug":"bracelet-sodalite","status":"publish","type":"product","link":"https:\/\/trimakasi.eu\/fr\/product\/sodalite-bracelet\/","title":{"rendered":"Bracelet sodalite"},"content":{"rendered":"<h3 id=\"tw-target-text\" class=\"tw-data-text tw-text-large tw-ta\" dir=\"ltr\" data-placeholder=\"P\u0159eklad\"><span lang=\"en\" tabindex=\"0\">Sodalite \u2013 propri\u00e9t\u00e9s<\/span><\/h3>\n<p>La sodalite apporte paix, ordre et \u00e9quilibre \u00e9motionnel \u00e0 notre esprit. Il favorise la pens\u00e9e rationnelle, l&#039;objectivit\u00e9, l&#039;intuition et, en m\u00eame temps, augmente la confiance en soi. Cette pierre nous permet de regarder objectivement notre \u00e2me et d&#039;\u00e9valuer nos forces et nos faiblesses et, surtout, de trouver la source de notre motivation.<\/p>\n<p>La sodalite aide \u00e0 pr\u00e9venir la panique et le d\u00e9sespoir. La Sodalite nous prot\u00e8ge des conflits et aide \u00e0 trouver des compromis. Si cette pierre est pr\u00e9sente lors du travail d&#039;\u00e9quipe, elle apporte harmonie, solidarit\u00e9 et prise de conscience de l&#039;objectif commun.<\/p>\n<p>\u00c9l\u00e9ment: <strong>Eau, Air<\/strong><\/p>\n<p>Signe du zodiaque: <strong>Sagittaire, Scorpion, Vierge<\/strong><\/p>\n<p>Le bracelet harmonise le chakra de la gorge et le chakra du troisi\u00e8me \u0153il:<br \/>\n<img loading=\"lazy\" decoding=\"async\" class=\"alignnone wp-image-72747\" src=\"https:\/\/trimakasi.cz\/wp-content\/uploads\/2018\/07\/%C4%8Dakra5.jpg\" alt=\"Hrdeln\u00ed \u010dakra\" width=\"65\" height=\"70\" \/><img loading=\"lazy\" decoding=\"async\" class=\"alignnone wp-image-72748\" src=\"https:\/\/trimakasi.cz\/wp-content\/uploads\/2018\/07\/%C4%8Dakra6.jpg\" alt=\"akra t\u0159et\u00edho oka\" width=\"77\" height=\"73\" \/><\/p>\n<p dir=\"ltr\" data-placeholder=\"P\u0159eklad\"><a href=\"https:\/\/trimakasi.eu\/fr\/vlog\/\"><u>Visitez notre blog vid\u00e9o pour d\u00e9couvrir les liens entre les pierres pr\u00e9cieuses, les signes du zodiaque, les chakras et bien plus encore.<\/u><\/a><\/p>","protected":false},"excerpt":{"rendered":"<p>Bracelet compos\u00e9 de perles naturelles de sodalite. Cette pierre pr\u00e9cieuse se caract\u00e9rise par sa couleur bleu profond entrelac\u00e9e de motifs blancs et noirs. Apprenez-en davantage sur les propri\u00e9t\u00e9s de cette pierre ci-dessous.<\/p>\n<p>Choisissez un bracelet par sa taille et par la couleur de la derni\u00e8re perle.\u00a0<a href=\"https:\/\/trimakasi.eu\/fr\/comment-choisir-la-taille-du-bracelet\/\">Vous trouverez ici des instructions sur la fa\u00e7on de d\u00e9terminer correctement la taille.<\/a><\/p>","protected":false},"featured_media":165812,"comment_status":"open","ping_status":"closed","template":"","meta":{"_acf_changed":false,"_themeisle_gutenberg_block_has_review":false},"product_brand":[],"product_cat":[1687,1064,554,1068,553],"product_tag":[],"class_list":{"0":"post-165954","1":"product","2":"type-product","3":"status-publish","4":"has-post-thumbnail","6":"product_cat-elastic-bracelets","7":"product_cat-mens-jewellery","8":"product_cat-natural-gemstone-bracelets","9":"product_cat-natural-gemstone-bracelets-for-men","10":"product_cat-womens-jewellery","12":"first","13":"instock","14":"taxable","15":"shipping-taxable","16":"purchasable","17":"product-type-variable","18":"has-default-attributes"},"acf":[],"_links":{"self":[{"href":"https:\/\/trimakasi.eu\/fr\/wp-json\/wp\/v2\/product\/165954","targetHints":{"allow":["GET"]}}],"collection":[{"href":"https:\/\/trimakasi.eu\/fr\/wp-json\/wp\/v2\/product"}],"about":[{"href":"https:\/\/trimakasi.eu\/fr\/wp-json\/wp\/v2\/types\/product"}],"replies":[{"embeddable":true,"href":"https:\/\/trimakasi.eu\/fr\/wp-json\/wp\/v2\/comments?post=165954"}],"wp:featuredmedia":[{"embeddable":true,"href":"https:\/\/trimakasi.eu\/fr\/wp-json\/wp\/v2\/media\/165812"}],"wp:attachment":[{"href":"https:\/\/trimakasi.eu\/fr\/wp-json\/wp\/v2\/media?parent=165954"}],"wp:term":[{"taxonomy":"product_brand","embeddable":true,"href":"https:\/\/trimakasi.eu\/fr\/wp-json\/wp\/v2\/product_brand?post=165954"},{"taxonomy":"product_cat","embeddable":true,"href":"https:\/\/trimakasi.eu\/fr\/wp-json\/wp\/v2\/product_cat?post=165954"},{"taxonomy":"product_tag","embeddable":true,"href":"https:\/\/trimakasi.eu\/fr\/wp-json\/wp\/v2\/product_tag?post=165954"}],"curies":[{"name":"wp","href":"https:\/\/api.w.org\/{rel}","templated":true}]}}