{"id":165129,"date":"2021-08-16T19:32:04","date_gmt":"2021-08-16T17:32:04","guid":{"rendered":"https:\/\/trimakasi.eu\/?post_type=product&#038;p=165129"},"modified":"2026-04-03T19:36:06","modified_gmt":"2026-04-03T17:36:06","slug":"collier-pointe-de-fleche-nephrite-pour-homme","status":"publish","type":"product","link":"https:\/\/trimakasi.eu\/fr\/product\/nephrite-arrowhead-necklace-for-men\/","title":{"rendered":"Pointe de fl\u00e8che en n\u00e9phrite \u2013 collier pour homme"},"content":{"rendered":"<h3>N\u00e9phrite<\/h3>\n<p>La n\u00e9phrite verte (jade vert) est une pierre de gu\u00e9rison tr\u00e8s puissante qui lib\u00e8re les pens\u00e9es n\u00e9gatives. Porter du jade vert comme talisman peut prot\u00e9ger contre l&#039;\u00e9chec et le malheur. Le jade prot\u00e8ge contre les maladies en renfor\u00e7ant les forces vitales du corps humain. En raison de ses effets rajeunissants, elle est surnomm\u00e9e la &quot;Pierre de la jeunesse \u00e9ternelle&quot;. Jade a \u00e9t\u00e9 nomm\u00e9 d&#039;apr\u00e8s le mot grec &quot;nephros&quot;, qui signifie &quot;rein&quot;. On croyait que le jade avait un effet b\u00e9n\u00e9fique sur cet organe, qui d\u00e9toxifie le corps.<\/p>\n<p>En Asie, le jade et la jad\u00e9ite ont toujours \u00e9t\u00e9 v\u00e9n\u00e9r\u00e9s comme des pierres nobles, principalement parce que ces deux pierres ont une apparence et des propri\u00e9t\u00e9s tr\u00e8s similaires. Dans la Chine ancienne le jade, du fait de son utilisation en m\u00e9decine, faisait l&#039;objet d&#039;une loi stricte qui stipulait que quiconque d\u00e9truirait un objet constitu\u00e9 de ce min\u00e9ral, serait puni de mort. Les Chinois croyaient que le jade \u00e9tait un rem\u00e8de pour toutes les maladies, et \u00e0 cause de cela, c&#039;\u00e9tait la pierre angulaire de la m\u00e9decine chinoise. En tant que partie traditionnelle de la culture chinoise, le jade \u00e9tait \u00e9galement sculpt\u00e9 dans diverses amulettes et statues et les plus c\u00e9l\u00e8bres \u00e9taient les statues de dragon qui ornaient le palais de l&#039;empereur chinois.<\/p>\n<p>\u00c9l\u00e9ment: <strong>Terre<\/strong><\/p>\n<p>Signes du zodiaque: <strong>G\u00e9meaux, Vierge, B\u00e9lier, Taureau et Balance<\/strong><\/p>\n<p>Ce bracelet harmonise le chakra du coeur :<\/p>\n<p><img loading=\"lazy\" decoding=\"async\" class=\"alignnone wp-image-72746\" src=\"https:\/\/trimakasi.cz\/wp-content\/uploads\/2018\/07\/\u010dakra4.jpg\" alt=\"Srde\u010dn\u00ed \u010dakra\" width=\"74\" height=\"87\" \/><u><\/u><\/p>\n<p><a href=\"https:\/\/trimakasi.eu\/fr\/vlog\/\"><u>Visitez notre blog vid\u00e9o pour d\u00e9couvrir les liens entre les pierres pr\u00e9cieuses, les signes du zodiaque, les chakras et bien plus encore.<\/u><\/a><\/p>","protected":false},"excerpt":{"rendered":"<p>Lib\u00e9rez la force de la nature avec notre collier Arrowhead en n\u00e9phrite naturelle (Jade). Audacieux, \u00e9quilibr\u00e9 et con\u00e7u pour l&#039;homme moderne. D\u00e9marquez-vous en toute confiance.<\/p>\n<p>Longueur de la cha\u00eene : 69cm ou 80cm<\/p>\n<p>Couleur\/mat\u00e9riau de la cha\u00eene : noir \/ acier inoxydable avec rev\u00eatement PVD<\/p>\n<p>Taille de la pierre : env. 5 cm x 2 cm<\/p>","protected":false},"featured_media":165132,"comment_status":"open","ping_status":"closed","template":"","meta":{"_acf_changed":false,"_themeisle_gutenberg_block_has_review":false},"product_brand":[],"product_cat":[1064,1690,1150,1316],"product_tag":[],"class_list":{"0":"post-165129","1":"product","2":"type-product","3":"status-publish","4":"has-post-thumbnail","6":"product_cat-mens-jewellery","7":"product_cat-necklaces","8":"product_cat-necklaces-for-men","9":"product_cat-rare-gemstone-bracelets","11":"first","12":"instock","13":"taxable","14":"shipping-taxable","15":"purchasable","16":"product-type-variable","17":"has-default-attributes"},"acf":[],"_links":{"self":[{"href":"https:\/\/trimakasi.eu\/fr\/wp-json\/wp\/v2\/product\/165129","targetHints":{"allow":["GET"]}}],"collection":[{"href":"https:\/\/trimakasi.eu\/fr\/wp-json\/wp\/v2\/product"}],"about":[{"href":"https:\/\/trimakasi.eu\/fr\/wp-json\/wp\/v2\/types\/product"}],"replies":[{"embeddable":true,"href":"https:\/\/trimakasi.eu\/fr\/wp-json\/wp\/v2\/comments?post=165129"}],"wp:featuredmedia":[{"embeddable":true,"href":"https:\/\/trimakasi.eu\/fr\/wp-json\/wp\/v2\/media\/165132"}],"wp:attachment":[{"href":"https:\/\/trimakasi.eu\/fr\/wp-json\/wp\/v2\/media?parent=165129"}],"wp:term":[{"taxonomy":"product_brand","embeddable":true,"href":"https:\/\/trimakasi.eu\/fr\/wp-json\/wp\/v2\/product_brand?post=165129"},{"taxonomy":"product_cat","embeddable":true,"href":"https:\/\/trimakasi.eu\/fr\/wp-json\/wp\/v2\/product_cat?post=165129"},{"taxonomy":"product_tag","embeddable":true,"href":"https:\/\/trimakasi.eu\/fr\/wp-json\/wp\/v2\/product_tag?post=165129"}],"curies":[{"name":"wp","href":"https:\/\/api.w.org\/{rel}","templated":true}]}}