{"id":165070,"date":"2023-09-30T10:42:59","date_gmt":"2023-09-30T08:42:59","guid":{"rendered":"https:\/\/trimakasi.eu\/?post_type=product&#038;p=165070"},"modified":"2024-07-28T13:31:35","modified_gmt":"2024-07-28T11:31:35","slug":"bracelet-perle-de-riz","status":"publish","type":"product","link":"https:\/\/trimakasi.eu\/fr\/product\/rice-pearl-bracelet\/","title":{"rendered":"Bracelet perles de riz"},"content":{"rendered":"<h3>Perles de riz d&#039;eau douce<\/h3>\n<p>Les perles de riz ont une forme et une taille caract\u00e9ristiques semblables \u00e0 celles des grains de riz. Leur forme d\u00e9licate et allong\u00e9e leur conf\u00e8re un aspect et une \u00e9l\u00e9gance hors du commun.<br \/>\nTraditionnellement, ils sont un symbole de d\u00e9licatesse, de f\u00e9minit\u00e9 et de perfection en Asie. Ils sont associ\u00e9s \u00e0 la puret\u00e9 et \u00e0 l\u2019harmonie et sont souvent reconnus comme des talismans de chance et de protection.<\/p>\n<p>Les perles naturelles sont un accessoire de mode intemporel qui ne manquera pas d&#039;attirer les regards ! Ils d\u00e9gagent un temp\u00e9rament \u00e9l\u00e9gant et sont un symbole de sant\u00e9, de puret\u00e9, de prosp\u00e9rit\u00e9 et de bonne fortune. Chaque perle est le r\u00e9sultat d\u2019un processus naturel \u00e0 long terme et porte une histoire unique enregistr\u00e9e dans ses couches.<\/p>\n<p>En achetant des bijoux en perles d&#039;eau douce (de rivi\u00e8re), vous faites \u00e9galement un choix \u00e9thique. Contrairement aux perles marines dont la r\u00e9colte peut \u00eatre nocive pour l\u2019\u00e9cosyst\u00e8me marin, les perles d\u2019eau douce sont cultiv\u00e9es dans les rivi\u00e8res et les lacs, ce qui est plus respectueux de l\u2019environnement. Investir dans des bijoux en perles d\u2019eau douce est un investissement dans une beaut\u00e9 durable. Au fil du temps, leur \u00e9clat ne diminue pas, mais augmente au contraire, leur donnant une signification plus profonde et plus riche.<\/p>\n<p>Les perles naturelles sont un accessoire de mode intemporel et elles sont un symbole de sant\u00e9, de puret\u00e9, de prosp\u00e9rit\u00e9 et de bonheur.<\/p>\n<p>Chaque perle est un original par sa couleur, sa forme et sa taille.<\/p>\n<p>Les perles peuvent aider \u00e0 r\u00e9tablir compl\u00e8tement l&#039;\u00e9quilibre et le rythme naturel du corps.<\/p>\n<p>\u00c9l\u00e9ment: <strong>L&#039;eau<\/strong><\/p>\n<p>Signes du zodiaque: <strong>G\u00e9meaux, Cancer, Balance, Capricorne et Poissons<\/strong><\/p>\n<p>Le bracelet harmonise tous les chakras mais principalement le chakra du C\u0153ur et de la Couronne:<\/p>\n<p><a href=\"https:\/\/trimakasi.eu\/wp-content\/uploads\/2020\/07\/\u010dakra4.jpg\"><img loading=\"lazy\" decoding=\"async\" class=\"alignnone size-full wp-image-83566\" src=\"https:\/\/trimakasi.eu\/wp-content\/uploads\/2020\/07\/\u010dakra4.jpg\" alt=\"Chakra du coeur\" width=\"79\" height=\"93\" srcset=\"https:\/\/trimakasi.eu\/wp-content\/uploads\/2020\/07\/\u010dakra4.jpg 79w, https:\/\/trimakasi.eu\/wp-content\/uploads\/2020\/07\/\u010dakra4-10x12.jpg 10w\" sizes=\"auto, (max-width: 79px) 100vw, 79px\" \/><\/a><img loading=\"lazy\" decoding=\"async\" class=\"alignnone wp-image-74571\" src=\"https:\/\/trimakasi.eu\/wp-content\/uploads\/2019\/05\/akra7.jpg\" alt=\"\" width=\"78\" height=\"86\" srcset=\"https:\/\/trimakasi.eu\/wp-content\/uploads\/2019\/05\/akra7.jpg 92w, https:\/\/trimakasi.eu\/wp-content\/uploads\/2019\/05\/akra7-11x12.jpg 11w\" sizes=\"auto, (max-width: 78px) 100vw, 78px\" \/><\/p>\n<p><a href=\"https:\/\/trimakasi.eu\/fr\/vlog\/\"><u>Visitez notre blog vid\u00e9o pour d\u00e9couvrir les liens entre les pierres pr\u00e9cieuses, les signes du zodiaque, les chakras et bien plus encore.<\/u><\/a><\/p>","protected":false},"excerpt":{"rendered":"<p>Bracelet de perles compos\u00e9 de perles de rivi\u00e8re s\u00e9lectionn\u00e9es en forme et taille de grains de riz. Les perles de riz conf\u00e8rent au bracelet un look tout \u00e0 fait original, qui va au-del\u00e0 des bijoux ordinaires.<\/p>\n<p>La mode change, mais les perles restent ! Chaque perle est unique, il n\u2019y en a pas deux identiques \u2013 tout comme vous.<\/p>\n<p>Ne manquez pas l&#039;opportunit\u00e9 de poss\u00e9der un bijou qui t\u00e9moigne de la ma\u00eetrise de la nature et qui vous accompagnera dans votre voyage \u00e0 travers la vie avec \u00e9l\u00e9gance et charme.<\/p>\n<p>Avec une taille r\u00e9glable, il s&#039;adapte \u00e0 toutes les femmes ! Apprenez-en davantage sur les perles ci-dessous.<\/p>","protected":false},"featured_media":165085,"comment_status":"open","ping_status":"closed","template":"","meta":{"_acf_changed":false,"_themeisle_gutenberg_block_has_review":false},"product_brand":[],"product_cat":[569,1717,1689,553],"product_tag":[],"class_list":{"0":"post-165070","1":"product","2":"type-product","3":"status-publish","4":"has-post-thumbnail","6":"product_cat-minimalist-jewellery-for-women","7":"product_cat-pearl-jewellery","8":"product_cat-simple-bracelets","9":"product_cat-womens-jewellery","11":"first","12":"instock","13":"taxable","14":"shipping-taxable","15":"purchasable","16":"product-type-variable","17":"has-default-attributes"},"acf":[],"_links":{"self":[{"href":"https:\/\/trimakasi.eu\/fr\/wp-json\/wp\/v2\/product\/165070","targetHints":{"allow":["GET"]}}],"collection":[{"href":"https:\/\/trimakasi.eu\/fr\/wp-json\/wp\/v2\/product"}],"about":[{"href":"https:\/\/trimakasi.eu\/fr\/wp-json\/wp\/v2\/types\/product"}],"replies":[{"embeddable":true,"href":"https:\/\/trimakasi.eu\/fr\/wp-json\/wp\/v2\/comments?post=165070"}],"wp:featuredmedia":[{"embeddable":true,"href":"https:\/\/trimakasi.eu\/fr\/wp-json\/wp\/v2\/media\/165085"}],"wp:attachment":[{"href":"https:\/\/trimakasi.eu\/fr\/wp-json\/wp\/v2\/media?parent=165070"}],"wp:term":[{"taxonomy":"product_brand","embeddable":true,"href":"https:\/\/trimakasi.eu\/fr\/wp-json\/wp\/v2\/product_brand?post=165070"},{"taxonomy":"product_cat","embeddable":true,"href":"https:\/\/trimakasi.eu\/fr\/wp-json\/wp\/v2\/product_cat?post=165070"},{"taxonomy":"product_tag","embeddable":true,"href":"https:\/\/trimakasi.eu\/fr\/wp-json\/wp\/v2\/product_tag?post=165070"}],"curies":[{"name":"wp","href":"https:\/\/api.w.org\/{rel}","templated":true}]}}