{"id":164508,"date":"2021-02-28T13:58:37","date_gmt":"2021-02-28T12:58:37","guid":{"rendered":"https:\/\/trimakasi.eu\/?post_type=product&#038;p=164508"},"modified":"2026-03-10T16:44:39","modified_gmt":"2026-03-10T15:44:39","slug":"collier-epidote-brut-pour-femme-cristal-vertical","status":"publish","type":"product","link":"https:\/\/trimakasi.eu\/fr\/product\/raw-epidote-necklace-for-women-vertical-crystal\/","title":{"rendered":"Collier \u00e9pidote brut pour femme (cristal vertical)"},"content":{"rendered":"<h3>\u00c9pidote<\/h3>\n<p>L&#039;\u00e9pidote peut \u00eatre trouv\u00e9e partout dans le monde, mais il n&#039;y a que peu d&#039;endroits avec une forme cristalline de haute qualit\u00e9 de cette pierre pr\u00e9cieuse. Nous utilisons les meilleurs cristaux d&#039;\u00e9pidote dans nos bijoux, en particulier du district de Kharan au sud-ouest du Pakistan. Cette pierre pr\u00e9cieuse a \u00e9t\u00e9 d\u00e9couverte relativement r\u00e9cemment, elle n&#039;appara\u00eet donc pas dans les anciens textes d\u00e9crivant les propri\u00e9t\u00e9s curatives des pierres naturelles. Jusqu&#039;au XIXe si\u00e8cle, l&#039;\u00e9pidote \u00e9tait class\u00e9e comme une vari\u00e9t\u00e9 verte de tourmaline ou \u00e9tait confondue avec l&#039;actinote.<\/p>\n<p>L&#039;\u00e9pidote est une pierre pr\u00e9cieuse protectrice. Harmonise et stabilise le flux d&#039;\u00e9nergie dans le corps et r\u00e9tablit l&#039;\u00e9tat d&#039;\u00e9quilibre total. Epidote lib\u00e8re l&#039;esprit de l&#039;\u00e9nergie n\u00e9gative de la col\u00e8re, de l&#039;envie, de la cupidit\u00e9 et de la haine. En plus d&#039;harmoniser le corps et l&#039;esprit, l&#039;\u00e9pidote renforce le pouvoir des autres pierres pr\u00e9cieuses. La meilleure combinaison est \u00e9pidote + <a href=\"https:\/\/trimakasi.eu\/fr\/product\/bracelet-seraphinite\/\"><u>s\u00e9raphinite.<\/u><\/a><\/p>\n<p id=\"tw-target-text\" class=\"tw-data-text tw-text-large tw-ta\" dir=\"ltr\" data-placeholder=\"P\u0159eklad\"><span class=\"Y2IQFc\" lang=\"en\">Pays d&#039;origine\u00a0: <strong>Pakistan<\/strong><\/span><\/p>\n<p class=\"tw-data-text tw-text-large tw-ta\" dir=\"ltr\" data-placeholder=\"P\u0159eklad\"><span class=\"Y2IQFc\" lang=\"en\"> \u00c9l\u00e9ment: <strong>L&#039;eau de terre <\/strong><\/span><\/p>\n<p class=\"tw-data-text tw-text-large tw-ta\" dir=\"ltr\" data-placeholder=\"P\u0159eklad\"><span class=\"Y2IQFc\" lang=\"en\">Signes du zodiaque: <strong>G\u00e9meaux, Balance <\/strong><\/span><\/p>\n<p class=\"tw-data-text tw-text-large tw-ta\" dir=\"ltr\" data-placeholder=\"P\u0159eklad\"><span class=\"Y2IQFc\" lang=\"en\">Le collier harmonise la racine et le chakra du c\u0153ur.<\/span><\/p>\n<p><a href=\"https:\/\/trimakasi.eu\/wp-content\/uploads\/\u010dakra1.jpg\"><img loading=\"lazy\" decoding=\"async\" class=\"alignnone wp-image-138513\" src=\"https:\/\/trimakasi.eu\/wp-content\/uploads\/\u010dakra1.jpg\" alt=\"Chakra racine\" width=\"69\" height=\"75\" srcset=\"https:\/\/trimakasi.eu\/wp-content\/uploads\/\u010dakra1.jpg 81w, https:\/\/trimakasi.eu\/wp-content\/uploads\/\u010dakra1-11x12.jpg 11w\" sizes=\"auto, (max-width: 69px) 100vw, 69px\" \/><\/a><a href=\"https:\/\/trimakasi.eu\/wp-content\/uploads\/2020\/07\/\u010dakra4.jpg\"><img loading=\"lazy\" decoding=\"async\" class=\"alignnone wp-image-83566\" src=\"https:\/\/trimakasi.eu\/wp-content\/uploads\/2020\/07\/\u010dakra4.jpg\" alt=\"Chakra du coeur\" width=\"66\" height=\"77\" srcset=\"https:\/\/trimakasi.eu\/wp-content\/uploads\/2020\/07\/\u010dakra4.jpg 79w, https:\/\/trimakasi.eu\/wp-content\/uploads\/2020\/07\/\u010dakra4-10x12.jpg 10w\" sizes=\"auto, (max-width: 66px) 100vw, 66px\" \/><\/a><\/p>\n<p><a href=\"https:\/\/trimakasi.eu\/fr\/vlog\/\"><u>Visitez notre blog vid\u00e9o pour d\u00e9couvrir les liens entre les pierres pr\u00e9cieuses, les signes du zodiaque, les chakras et bien plus encore.<\/u><\/a><\/p>","protected":false},"excerpt":{"rendered":"<p>Collier cha\u00eene pour femme avec cristal vertical brut d&#039;\u00e9pidote verte. En savoir plus sur les propri\u00e9t\u00e9s de cette pierre ci-dessous.<\/p>\n<p>\u00c9l\u00e9gante cha\u00eene minimaliste de 46 cm, fabriqu\u00e9e en acier inoxydable poli avec un rev\u00eatement en or 18 carats durable, orn\u00e9e d&#039;un cristal d&#039;\u00e9pidote naturel de 0,4 cm x 2,5 cm.<\/p>\n<p>Le collier est livr\u00e9 dans une luxueuse bo\u00eete rose portant le logo Trimakasi, ce qui en fait un cadeau parfait.<\/p>\n<p>Chaque pi\u00e8ce est originale !<\/p>","protected":false},"featured_media":164514,"comment_status":"open","ping_status":"closed","template":"","meta":{"_acf_changed":false,"_themeisle_gutenberg_block_has_review":false},"product_brand":[],"product_cat":[569,1690,1149,553],"product_tag":[],"class_list":{"0":"post-164508","1":"product","2":"type-product","3":"status-publish","4":"has-post-thumbnail","6":"product_cat-minimalist-jewellery-for-women","7":"product_cat-necklaces","8":"product_cat-necklaces-for-women","9":"product_cat-womens-jewellery","11":"first","12":"instock","13":"sale","14":"taxable","15":"shipping-taxable","16":"purchasable","17":"product-type-variable","18":"has-default-attributes"},"acf":[],"_links":{"self":[{"href":"https:\/\/trimakasi.eu\/fr\/wp-json\/wp\/v2\/product\/164508","targetHints":{"allow":["GET"]}}],"collection":[{"href":"https:\/\/trimakasi.eu\/fr\/wp-json\/wp\/v2\/product"}],"about":[{"href":"https:\/\/trimakasi.eu\/fr\/wp-json\/wp\/v2\/types\/product"}],"replies":[{"embeddable":true,"href":"https:\/\/trimakasi.eu\/fr\/wp-json\/wp\/v2\/comments?post=164508"}],"wp:featuredmedia":[{"embeddable":true,"href":"https:\/\/trimakasi.eu\/fr\/wp-json\/wp\/v2\/media\/164514"}],"wp:attachment":[{"href":"https:\/\/trimakasi.eu\/fr\/wp-json\/wp\/v2\/media?parent=164508"}],"wp:term":[{"taxonomy":"product_brand","embeddable":true,"href":"https:\/\/trimakasi.eu\/fr\/wp-json\/wp\/v2\/product_brand?post=164508"},{"taxonomy":"product_cat","embeddable":true,"href":"https:\/\/trimakasi.eu\/fr\/wp-json\/wp\/v2\/product_cat?post=164508"},{"taxonomy":"product_tag","embeddable":true,"href":"https:\/\/trimakasi.eu\/fr\/wp-json\/wp\/v2\/product_tag?post=164508"}],"curies":[{"name":"wp","href":"https:\/\/api.w.org\/{rel}","templated":true}]}}