{"id":163499,"date":"2021-05-25T15:13:31","date_gmt":"2021-05-25T13:13:31","guid":{"rendered":"https:\/\/trimakasi.eu\/?post_type=product&#038;p=163499"},"modified":"2024-03-25T18:29:35","modified_gmt":"2024-03-25T17:29:35","slug":"chevaliere-oeil-de-tigre-pour-homme","status":"publish","type":"product","link":"https:\/\/trimakasi.eu\/fr\/product\/tigers-eye-signet-ring-for-men\/","title":{"rendered":"Chevali\u00e8re oeil de tigre homme"},"content":{"rendered":"<h3 class=\"LC20lb\">Oeil de tigre<\/h3>\n<p>Ce min\u00e9ral, en tant que talisman, accompagne l&#039;humanit\u00e9 depuis l&#039;Antiquit\u00e9. Pendant le boom de l&#039;empire \u00e9gyptien, il fut utilis\u00e9 aux yeux des statues des dieux \u00e9gyptiens, d&#039;o\u00f9 cette pierre valut le surnom de \u00abl&#039;\u0153il omniscient et omniscient\u00bb. L&#039;\u0153il du tigre dans l&#039;\u00c9gypte ancienne exprimait la divinit\u00e9 et la protection \u00e0 travers la combinaison du pouvoir de la terre et du soleil (Ra, le Dieu Soleil, et Geb, le Dieu de la terre et le p\u00e8re de tous les dieux).<\/p>\n<p>Les soldats romains portaient un \u0153il de tigre lors des batailles, croyant que cela leur donnerait du courage. Ceci est \u00e9galement associ\u00e9 au fait que cette pierre est toujours consid\u00e9r\u00e9e comme un bijou pour homme qui rend aux hommes l&#039;essence de guerriers courageux. Il est \u00e9galement int\u00e9ressant de noter que cette pierre \u00e9tait plus appr\u00e9ci\u00e9e que l&#039;or au 16\u00e8me si\u00e8cle parmi les tribus africaines.<\/p>\n<p>La pierre a la capacit\u00e9 de dissiper la n\u00e9gativit\u00e9 et sa couleur dor\u00e9e attire la prosp\u00e9rit\u00e9, la richesse et un statut social important. Il repr\u00e9sente le soleil et la tendance associ\u00e9e \u00e0 \u00ab\u00eatre au centre de l&#039;attention\u00bb. Les vibrations fortes, ancr\u00e9es et positives de cette pierre sont bonnes pour induire l&#039;\u00e9tat profond de m\u00e9ditation!<\/p>\n<p>\u00c9l\u00e9ment: <strong>Terre, Feu<\/strong><\/p>\n<p>Signe du zodiaque: <strong>Capricorne, Balance, Vierge, Lion, G\u00e9meaux, B\u00e9lier<\/strong><\/p>\n<p>Bracelet harmonise chakra du plexus solaire et chakra racine<\/p>\n<p><img loading=\"lazy\" decoding=\"async\" class=\"alignnone size-full wp-image-72745\" src=\"https:\/\/trimakasi.cz\/wp-content\/uploads\/2018\/07\/%C4%8Dakra3.jpg\" alt=\"\" width=\"77\" height=\"86\" \/><img loading=\"lazy\" decoding=\"async\" class=\"alignnone size-full wp-image-72742\" src=\"https:\/\/trimakasi.cz\/wp-content\/uploads\/2018\/08\/%C4%8Dakra1.jpg\" alt=\"Z\u00e1kladn\u00ed \u010dakra\" width=\"81\" height=\"88\" \/><\/p>\n<p><a href=\"https:\/\/trimakasi.eu\/fr\/vlog\/\"><u>Visitez notre blog vid\u00e9o pour d\u00e9couvrir les liens entre les pierres pr\u00e9cieuses, les signes du zodiaque, les chakras et bien plus encore.<\/u><\/a><\/p>","protected":false},"excerpt":{"rendered":"<p>Pierre pr\u00e9cieuse d&#039;\u0153il de tigre polie avec pr\u00e9cision au centre de cette bague au design exclusif en acier inoxydable avec une surface mate. Choisissez votre style parmi 2 combinaisons de couleur m\u00e9tal.<\/p>\n<p>La plupart des hommes de taille moyenne ont une taille de bague pour l&#039;index : USA 10, mais nous vous recommandons de mesurer votre taille de bague pour un ajustement parfait. <a href=\"https:\/\/trimakasi.eu\/fr\/comment-choisir-la-taille-de-la-bague\/\"><u>Vous trouverez ici des instructions sur la fa\u00e7on de d\u00e9terminer correctement la taille.<\/u><\/a><\/p>","protected":false},"featured_media":163722,"comment_status":"open","ping_status":"closed","template":"","meta":{"_acf_changed":false,"_themeisle_gutenberg_block_has_review":false},"product_brand":[],"product_cat":[1064,1712],"product_tag":[],"class_list":{"0":"post-163499","1":"product","2":"type-product","3":"status-publish","4":"has-post-thumbnail","6":"product_cat-mens-jewellery","7":"product_cat-rings-for-men","9":"first","10":"instock","11":"taxable","12":"shipping-taxable","13":"purchasable","14":"product-type-variable","15":"has-default-attributes"},"acf":[],"_links":{"self":[{"href":"https:\/\/trimakasi.eu\/fr\/wp-json\/wp\/v2\/product\/163499","targetHints":{"allow":["GET"]}}],"collection":[{"href":"https:\/\/trimakasi.eu\/fr\/wp-json\/wp\/v2\/product"}],"about":[{"href":"https:\/\/trimakasi.eu\/fr\/wp-json\/wp\/v2\/types\/product"}],"replies":[{"embeddable":true,"href":"https:\/\/trimakasi.eu\/fr\/wp-json\/wp\/v2\/comments?post=163499"}],"wp:featuredmedia":[{"embeddable":true,"href":"https:\/\/trimakasi.eu\/fr\/wp-json\/wp\/v2\/media\/163722"}],"wp:attachment":[{"href":"https:\/\/trimakasi.eu\/fr\/wp-json\/wp\/v2\/media?parent=163499"}],"wp:term":[{"taxonomy":"product_brand","embeddable":true,"href":"https:\/\/trimakasi.eu\/fr\/wp-json\/wp\/v2\/product_brand?post=163499"},{"taxonomy":"product_cat","embeddable":true,"href":"https:\/\/trimakasi.eu\/fr\/wp-json\/wp\/v2\/product_cat?post=163499"},{"taxonomy":"product_tag","embeddable":true,"href":"https:\/\/trimakasi.eu\/fr\/wp-json\/wp\/v2\/product_tag?post=163499"}],"curies":[{"name":"wp","href":"https:\/\/api.w.org\/{rel}","templated":true}]}}