{"id":162237,"date":"2022-08-07T20:40:56","date_gmt":"2022-08-07T18:40:56","guid":{"rendered":"https:\/\/trimakasi.eu\/?post_type=product&#038;p=162237"},"modified":"2024-03-25T18:18:23","modified_gmt":"2024-03-25T17:18:23","slug":"bracelet-perle-simple","status":"publish","type":"product","link":"https:\/\/trimakasi.eu\/fr\/product\/pearl-simple-bracelet\/","title":{"rendered":"Bracelet simple perle"},"content":{"rendered":"<h3>perle<\/h3>\n<p>Les perles naturelles sont un accessoire de mode intemporel et elles sont un symbole de sant\u00e9, de puret\u00e9, de prosp\u00e9rit\u00e9 et de bonheur.<\/p>\n<p>Chaque perle est un original par sa couleur, sa forme et sa taille.<\/p>\n<p>Les perles peuvent aider \u00e0 r\u00e9tablir compl\u00e8tement l&#039;\u00e9quilibre et le rythme naturel du corps.<\/p>\n<p>\u00c9l\u00e9ment: <strong>L&#039;eau<\/strong><\/p>\n<p>Signes du zodiaque: <strong>G\u00e9meaux, Cancer, Balance, Capricorne et Poissons<\/strong><\/p>\n<p>Le bracelet harmonise tous les chakras mais principalement le chakra du C\u0153ur et de la Couronne:<\/p>\n<p><a href=\"https:\/\/trimakasi.eu\/wp-content\/uploads\/2020\/07\/\u010dakra4.jpg\"><img loading=\"lazy\" decoding=\"async\" class=\"alignnone size-full wp-image-83566\" src=\"https:\/\/trimakasi.eu\/wp-content\/uploads\/2020\/07\/\u010dakra4.jpg\" alt=\"Chakra du coeur\" width=\"79\" height=\"93\" srcset=\"https:\/\/trimakasi.eu\/wp-content\/uploads\/2020\/07\/\u010dakra4.jpg 79w, https:\/\/trimakasi.eu\/wp-content\/uploads\/2020\/07\/\u010dakra4-10x12.jpg 10w\" sizes=\"auto, (max-width: 79px) 100vw, 79px\" \/><\/a><img loading=\"lazy\" decoding=\"async\" class=\"alignnone wp-image-74571\" src=\"https:\/\/trimakasi.eu\/wp-content\/uploads\/2019\/05\/akra7.jpg\" alt=\"\" width=\"78\" height=\"86\" srcset=\"https:\/\/trimakasi.eu\/wp-content\/uploads\/2019\/05\/akra7.jpg 92w, https:\/\/trimakasi.eu\/wp-content\/uploads\/2019\/05\/akra7-11x12.jpg 11w\" sizes=\"auto, (max-width: 78px) 100vw, 78px\" \/><\/p>\n<p><a href=\"https:\/\/trimakasi.eu\/fr\/vlog\/\"><u>Visitez notre blog vid\u00e9o pour d\u00e9couvrir les liens entre les pierres pr\u00e9cieuses, les signes du zodiaque, les chakras et bien plus encore.<\/u><\/a><\/p>","protected":false},"excerpt":{"rendered":"<p>Le bracelet de perles est un bijou de luxe qui souligne la beaut\u00e9 f\u00e9minine, l&#039;\u00e9l\u00e9gance et en m\u00eame temps ajoute un charme particulier. La mode change mais les perles restent !<\/p>\n<p>Sa taille ajustable et conviendra donc \u00e0 toutes les femmes.<\/p>\n<p>En savoir plus sur les perles ci-dessous.<\/p>","protected":false},"featured_media":162241,"comment_status":"open","ping_status":"closed","template":"","meta":{"_acf_changed":false,"_themeisle_gutenberg_block_has_review":false},"product_brand":[],"product_cat":[569,1717,1689,553],"product_tag":[],"class_list":{"0":"post-162237","1":"product","2":"type-product","3":"status-publish","4":"has-post-thumbnail","6":"product_cat-minimalist-jewellery-for-women","7":"product_cat-pearl-jewellery","8":"product_cat-simple-bracelets","9":"product_cat-womens-jewellery","11":"first","12":"instock","13":"taxable","14":"shipping-taxable","15":"purchasable","16":"product-type-variable","17":"has-default-attributes"},"acf":[],"_links":{"self":[{"href":"https:\/\/trimakasi.eu\/fr\/wp-json\/wp\/v2\/product\/162237","targetHints":{"allow":["GET"]}}],"collection":[{"href":"https:\/\/trimakasi.eu\/fr\/wp-json\/wp\/v2\/product"}],"about":[{"href":"https:\/\/trimakasi.eu\/fr\/wp-json\/wp\/v2\/types\/product"}],"replies":[{"embeddable":true,"href":"https:\/\/trimakasi.eu\/fr\/wp-json\/wp\/v2\/comments?post=162237"}],"wp:featuredmedia":[{"embeddable":true,"href":"https:\/\/trimakasi.eu\/fr\/wp-json\/wp\/v2\/media\/162241"}],"wp:attachment":[{"href":"https:\/\/trimakasi.eu\/fr\/wp-json\/wp\/v2\/media?parent=162237"}],"wp:term":[{"taxonomy":"product_brand","embeddable":true,"href":"https:\/\/trimakasi.eu\/fr\/wp-json\/wp\/v2\/product_brand?post=162237"},{"taxonomy":"product_cat","embeddable":true,"href":"https:\/\/trimakasi.eu\/fr\/wp-json\/wp\/v2\/product_cat?post=162237"},{"taxonomy":"product_tag","embeddable":true,"href":"https:\/\/trimakasi.eu\/fr\/wp-json\/wp\/v2\/product_tag?post=162237"}],"curies":[{"name":"wp","href":"https:\/\/api.w.org\/{rel}","templated":true}]}}