{"id":162205,"date":"2021-02-07T18:46:18","date_gmt":"2021-02-07T17:46:18","guid":{"rendered":"https:\/\/trimakasi.eu\/?post_type=product&#038;p=162205"},"modified":"2024-06-28T22:35:43","modified_gmt":"2024-06-28T20:35:43","slug":"bracelet-coeur-quartz-rose","status":"publish","type":"product","link":"https:\/\/trimakasi.eu\/fr\/product\/heart-rose-quartz-bracelet\/","title":{"rendered":"Bracelet coeur quartz rose"},"content":{"rendered":"<h3>Quartz rose<\/h3>\n<p>Cette pierre est un symbole d&#039;amour, de beaut\u00e9 et de bonne sant\u00e9. Cette pierre nous enseigne la patience dans la r\u00e9solution des probl\u00e8mes, l&#039;amour de soi et donne la force de pardonner \u00e0 ceux qui nous ont bless\u00e9s. Il ravive la fantaisie et la pens\u00e9e cr\u00e9ative.<\/p>\n<p>\u00c9l\u00e9ment:<strong> Terre<\/strong><\/p>\n<p>Signes du zodiaque:<strong> Lion, Scorpion, B\u00e9lier, Cancer, Taureau, Capricorne<\/strong><\/p>\n<p>Le bracelet harmonise Chakra du coeur :<\/p>\n<p><a href=\"https:\/\/trimakasi.eu\/wp-content\/uploads\/2020\/07\/\u010dakra4.jpg\"><img loading=\"lazy\" decoding=\"async\" class=\"alignnone size-full wp-image-83566\" src=\"https:\/\/trimakasi.eu\/wp-content\/uploads\/2020\/07\/\u010dakra4.jpg\" alt=\"Chakra du coeur\" width=\"79\" height=\"93\" srcset=\"https:\/\/trimakasi.eu\/wp-content\/uploads\/2020\/07\/\u010dakra4.jpg 79w, https:\/\/trimakasi.eu\/wp-content\/uploads\/2020\/07\/\u010dakra4-10x12.jpg 10w\" sizes=\"auto, (max-width: 79px) 100vw, 79px\" \/><\/a><\/p>\n<p><a href=\"https:\/\/trimakasi.eu\/fr\/vlog\/\"><u>Visitez notre blog vid\u00e9o pour d\u00e9couvrir les liens entre les pierres pr\u00e9cieuses, les signes du zodiaque, les chakras et bien plus encore.<\/u><\/a><\/p>","protected":false},"excerpt":{"rendered":"<p>Bracelet d\u00e9cent et confortable que vous ne voudrez plus enlever !<\/p>\n<p>Fabriqu\u00e9 \u00e0 partir de cordon de soie naturelle de haute qualit\u00e9 et de quartz rose en forme de c\u0153ur.<\/p>\n<p>Sa taille ajustable et conviendra donc \u00e0 toutes les femmes.<\/p>\n<p>Un excellent bijou pour l&#039;harmonisation du chakra du c\u0153ur !<\/p>\n<p>En savoir plus sur la pierre pr\u00e9cieuse de quartz rose ci-dessous.<\/p>","protected":false},"featured_media":162207,"comment_status":"open","ping_status":"closed","template":"","meta":{"_acf_changed":false,"_themeisle_gutenberg_block_has_review":false},"product_brand":[],"product_cat":[569,1689,553],"product_tag":[],"class_list":{"0":"post-162205","1":"product","2":"type-product","3":"status-publish","4":"has-post-thumbnail","6":"product_cat-minimalist-jewellery-for-women","7":"product_cat-simple-bracelets","8":"product_cat-womens-jewellery","10":"first","11":"instock","12":"taxable","13":"shipping-taxable","14":"purchasable","15":"product-type-simple"},"acf":[],"_links":{"self":[{"href":"https:\/\/trimakasi.eu\/fr\/wp-json\/wp\/v2\/product\/162205","targetHints":{"allow":["GET"]}}],"collection":[{"href":"https:\/\/trimakasi.eu\/fr\/wp-json\/wp\/v2\/product"}],"about":[{"href":"https:\/\/trimakasi.eu\/fr\/wp-json\/wp\/v2\/types\/product"}],"replies":[{"embeddable":true,"href":"https:\/\/trimakasi.eu\/fr\/wp-json\/wp\/v2\/comments?post=162205"}],"wp:featuredmedia":[{"embeddable":true,"href":"https:\/\/trimakasi.eu\/fr\/wp-json\/wp\/v2\/media\/162207"}],"wp:attachment":[{"href":"https:\/\/trimakasi.eu\/fr\/wp-json\/wp\/v2\/media?parent=162205"}],"wp:term":[{"taxonomy":"product_brand","embeddable":true,"href":"https:\/\/trimakasi.eu\/fr\/wp-json\/wp\/v2\/product_brand?post=162205"},{"taxonomy":"product_cat","embeddable":true,"href":"https:\/\/trimakasi.eu\/fr\/wp-json\/wp\/v2\/product_cat?post=162205"},{"taxonomy":"product_tag","embeddable":true,"href":"https:\/\/trimakasi.eu\/fr\/wp-json\/wp\/v2\/product_tag?post=162205"}],"curies":[{"name":"wp","href":"https:\/\/api.w.org\/{rel}","templated":true}]}}