{"id":157832,"date":"2023-11-27T10:43:46","date_gmt":"2023-11-27T09:43:46","guid":{"rendered":"https:\/\/trimakasi.eu\/?post_type=product&#038;p=157832"},"modified":"2026-04-13T00:09:38","modified_gmt":"2026-04-12T22:09:38","slug":"collier-pour-homme-obsidienne-noire","status":"publish","type":"product","link":"https:\/\/trimakasi.eu\/fr\/product\/necklace-for-men-black-obsidian\/","title":{"rendered":"Collier cristal pour homme \u2013 Obsidienne"},"content":{"rendered":"<div class=\"video video-fit mb\" style=\"padding-top:56.25%;\"><p><iframe loading=\"lazy\" title=\"Colliers en cristal pour hommes Trimakasi \/ N\u00e1hrdeln\u00edky pro mu\u017ee Trimakasi\" width=\"1020\" height=\"574\" src=\"https:\/\/www.youtube.com\/embed\/z70WqxmBk1E?feature=oembed\" frameborder=\"0\" allow=\"accelerometer; autoplay; clipboard-write; encrypted-media; gyroscope; picture-in-picture\" allowfullscreen><\/iframe><\/p>\n<\/div>\n<h3>Obsidienne noire<\/h3>\n<p>Obsidian is a special form of natural gemstone, which is created by the rapid cooling of the hot lava on the earth&#8217;s surface. It has been used by mankind since the Stone Age, when hunters made the tips of their weapons from its sharp chips. This stone was also valued among the ancient Aztecs, who called him &#8220;God&#8217;s Stone&#8221;. Their sacred dagger, designed for their infamous ritual of performing human sacrifices to the gods, was made of this stone.<\/p>\n<p>L&#039;onyx noir, la tourmaline noire et l&#039;obsidienne noire sont consid\u00e9r\u00e9s comme des pierres de protection traditionnelles en raison de leur couleur sombre. Ils peuvent vous entourer d&#039;une atmosph\u00e8re protectrice qui absorbe toute la n\u00e9gativit\u00e9 de votre environnement. Surtout, ils aident \u00e0 surmonter les sch\u00e9mas de pens\u00e9e n\u00e9gatifs qui r\u00e9sultent des \u00e9motions les plus d\u00e9bilitantes et les plus toxiques - la peur.<\/p>\n<p>\u00c9l\u00e9ment: <strong>Feu<\/strong><\/p>\n<p>Signe du zodiaque:\u00a0<strong>Sagittaire, Scorpion<\/strong><\/p>\n<p>Bracelet harmonise le chakra racine.<\/p>\n<p><a href=\"https:\/\/trimakasi.eu\/wp-content\/uploads\/\u010dakra1.jpg\"><img loading=\"lazy\" decoding=\"async\" class=\"alignnone size-full wp-image-138513\" src=\"https:\/\/trimakasi.eu\/wp-content\/uploads\/\u010dakra1.jpg\" alt=\"Chakra racine\" width=\"81\" height=\"88\" srcset=\"https:\/\/trimakasi.eu\/wp-content\/uploads\/\u010dakra1.jpg 81w, https:\/\/trimakasi.eu\/wp-content\/uploads\/\u010dakra1-11x12.jpg 11w\" sizes=\"auto, (max-width: 81px) 100vw, 81px\" \/><\/a><\/p>\n<p><a href=\"https:\/\/trimakasi.eu\/fr\/vlog\/\"><u>Visitez notre blog vid\u00e9o pour d\u00e9couvrir les liens entre les pierres pr\u00e9cieuses, les signes du zodiaque, les chakras et bien plus encore.<\/u><\/a><\/p>","protected":false},"excerpt":{"rendered":"<p>D\u00e9couvrez notre collier en cristal d&#039;obsidienne pour homme, v\u00e9ritable t\u00e9moignage de force et de protection. Le collier comporte un superbe pendentif hexagonal fabriqu\u00e9 \u00e0 partir d&#039;obsidienne noire naturelle, une pierre pr\u00e9cieuse rare n\u00e9e de l&#039;activit\u00e9 volcanique.<\/p>\n<p>Porter un pendentif en cristal noir, c&#039;est comme porter votre tuteur personnel, car on pense que l&#039;obsidienne cr\u00e9e une aura protectrice qui vous prot\u00e8ge de la n\u00e9gativit\u00e9. Imaginez-vous vous promener, fortifi\u00e9 contre toutes les ondes n\u00e9gatives. Int\u00e9ress\u00e9? Apprenez-en davantage sur les propri\u00e9t\u00e9s de cette pierre pr\u00e9cieuse volcanique ci-dessous.<\/p>\n<p>Longueur de la cha\u00eene : 69cm ou 80cm<\/p>\n<p>Couleur et mat\u00e9riau de la cha\u00eene : Acier inoxydable avec rev\u00eatement PVD noir<br \/>\nDimensions de la pierre: env. 3,5 cm x 1 cm<\/p>","protected":false},"featured_media":163112,"comment_status":"open","ping_status":"closed","template":"","meta":{"_acf_changed":false,"_themeisle_gutenberg_block_has_review":false},"product_brand":[],"product_cat":[1064,1150,1690],"product_tag":[],"class_list":{"0":"post-157832","1":"product","2":"type-product","3":"status-publish","4":"has-post-thumbnail","6":"product_cat-mens-jewellery","7":"product_cat-necklaces-for-men","8":"product_cat-necklaces","10":"first","11":"instock","12":"taxable","13":"shipping-taxable","14":"purchasable","15":"product-type-variable","16":"has-default-attributes"},"acf":[],"_links":{"self":[{"href":"https:\/\/trimakasi.eu\/fr\/wp-json\/wp\/v2\/product\/157832","targetHints":{"allow":["GET"]}}],"collection":[{"href":"https:\/\/trimakasi.eu\/fr\/wp-json\/wp\/v2\/product"}],"about":[{"href":"https:\/\/trimakasi.eu\/fr\/wp-json\/wp\/v2\/types\/product"}],"replies":[{"embeddable":true,"href":"https:\/\/trimakasi.eu\/fr\/wp-json\/wp\/v2\/comments?post=157832"}],"wp:featuredmedia":[{"embeddable":true,"href":"https:\/\/trimakasi.eu\/fr\/wp-json\/wp\/v2\/media\/163112"}],"wp:attachment":[{"href":"https:\/\/trimakasi.eu\/fr\/wp-json\/wp\/v2\/media?parent=157832"}],"wp:term":[{"taxonomy":"product_brand","embeddable":true,"href":"https:\/\/trimakasi.eu\/fr\/wp-json\/wp\/v2\/product_brand?post=157832"},{"taxonomy":"product_cat","embeddable":true,"href":"https:\/\/trimakasi.eu\/fr\/wp-json\/wp\/v2\/product_cat?post=157832"},{"taxonomy":"product_tag","embeddable":true,"href":"https:\/\/trimakasi.eu\/fr\/wp-json\/wp\/v2\/product_tag?post=157832"}],"curies":[{"name":"wp","href":"https:\/\/api.w.org\/{rel}","templated":true}]}}