{"id":144779,"date":"2020-01-03T21:38:16","date_gmt":"2020-01-03T20:38:16","guid":{"rendered":"https:\/\/trimakasi.eu\/?post_type=product&#038;p=144779"},"modified":"2024-08-04T18:14:00","modified_gmt":"2024-08-04T16:14:00","slug":"bracelet-tresse-quartz-rutile","status":"publish","type":"product","link":"https:\/\/trimakasi.eu\/fr\/product\/rutilated-quartz-braided-bracelet\/","title":{"rendered":"Bracelet tress\u00e9 quartz rutile"},"content":{"rendered":"<h3>Bracelets tress\u00e9s Trimakasi<\/h3>\n<p>Bracelets de luxe fabriqu\u00e9s \u00e0 la main qui allient spiritualit\u00e9 et modernit\u00e9. Les bracelets Trimakasi sont des talismans de gratitude, d&#039;\u00e9quilibre et d&#039;espoir, qui vous rechargeront d&#039;\u00e9nergie positive m\u00eame pendant les jours les plus sombres.<\/p>\n<p>Les bracelets tress\u00e9s Trimakasi sont faits d&#039;un cordon en nylon de la plus haute qualit\u00e9 attach\u00e9 avec des clins d&#039;\u0153il sp\u00e9ciaux. Ils contiennent le pouvoir cach\u00e9 de la nature dans les perles en pierres pr\u00e9cieuses naturelles.<\/p>\n<h3>Quartz rutile color\u00e9<\/h3>\n<p>Ce type relativement rare de quartz cristal naturel contient de minuscules aiguilles de rutile. Il peut apporter de l&#039;\u00e9nergie vitale \u00e0 la vie humaine et rappeler l&#039;\u00e9nergie lumineuse du Soleil dans les moments sombres.<\/p>\n<p>Le rutile est une forme naturelle de dioxyde de titane associ\u00e9e \u00e0 des quantit\u00e9s variables d&#039;oxyde de fer. C&#039;est le fer qui donne au rutile sa teinte rouge, dor\u00e9e \u00e0 cuivr\u00e9e et offre un effet visuel spectaculaire. Des inclusions de rutile en forme d&#039;aiguilles sont naturellement pli\u00e9es au hasard dans le cristal de quartz, faisant de chaque perle un original incomparable! L&#039;actinolite est un min\u00e9ral qui se forme dans les aiguilles vertes de quartz cristallin.<br \/>\nIl prot\u00e8ge la puret\u00e9 de l&#039;\u00e2me, am\u00e9liore la concentration, prot\u00e8ge contre la n\u00e9gativit\u00e9, il convient \u00e0 la m\u00e9ditation et augmente globalement la force mentale.<\/p>\n<p>Les noms historiques de ce cristal de quartz incluent des expressions telles que \u00ablumi\u00e8re gel\u00e9e\u00bb, \u00abeau sacr\u00e9e\u00bb ou \u00abessence de dragon\u00bb, comme on l&#039;appelle dans les traditions chinoises et japonaises. Les bouddhistes l&#039;appelaient \u00abn\u00e9ant visible\u00bb, et les aborig\u00e8nes australiens l&#039;appelaient \u00ablumi\u00e8re fossilis\u00e9e\u00bb et croyaient qu&#039;elle contenait l&#039;essence du Grand Esprit. Dans la tradition grecque, on l&#039;appelait \u00abglace pure\u00bb, c&#039;est-\u00e0-dire, selon les l\u00e9gendes, bris\u00e9e en milliers de morceaux apr\u00e8s qu&#039;Hercule l&#039;ait fait tomber du mont sacr\u00e9 Olympe.<\/p>\n<p>\u00c9l\u00e9ment: <strong>Terre, Feu, Eau, Air<\/strong><\/p>\n<p>Signe du zodiaque: <strong>Convient \u00e0 tous les signes.<\/strong><\/p>\n<p>Le bracelet harmonise tous les chakras mais principalement le chakra couronne:<\/p>\n<p><img loading=\"lazy\" decoding=\"async\" class=\"alignnone wp-image-74571\" src=\"https:\/\/trimakasi.eu\/wp-content\/uploads\/2019\/05\/akra7.jpg\" alt=\"\" width=\"68\" height=\"75\" srcset=\"https:\/\/trimakasi.eu\/wp-content\/uploads\/2019\/05\/akra7.jpg 92w, https:\/\/trimakasi.eu\/wp-content\/uploads\/2019\/05\/akra7-11x12.jpg 11w\" sizes=\"auto, (max-width: 68px) 100vw, 68px\" \/><\/p>\n<p><a href=\"https:\/\/trimakasi.eu\/fr\/vlog\/\"><u>Visitez notre blog vid\u00e9o pour d\u00e9couvrir les liens entre les pierres pr\u00e9cieuses, les signes du zodiaque, les chakras et bien plus encore.<\/u><\/a><\/p>","protected":false},"excerpt":{"rendered":"<p>Crystal quartz symbolizes the light and is valued for its ability to preserve energy of Sun and improve human concentration. Rutile crystals are a rare natural form of crystal quartz that contains copper-colored rutile needles. Learn more about the properties of this stone below.<\/p>\n<div class=\"product-short-description\">\n<p>Braided bracelet that is adjustable by size, but we recommend choosing it according to the size of your wrist circumference.\u00a0<u><a href=\"https:\/\/trimakasi.eu\/how-to-choose-the-bracelet-size\/\">Instructions on how to correctly determine t<\/a><\/u><u><\/u><a href=\"https:\/\/trimakasi.eu\/how-to-choose-the-bracelet-size\/\"><u>he size can be found here<\/u><\/a><\/p>\n<\/div>\n<form class=\"variations_form cart AVAST_PAM_nonloginform\" style=\"box-sizing: border-box; margin-bottom: 1.3em; color: #777777; font-family: Lora, sans-serif; font-size: 18.4px; font-style: normal; font-variant-ligatures: normal; font-variant-caps: normal; font-weight: 400; letter-spacing: normal; orphans: 2; text-align: left; text-indent: 0px; text-transform: none; white-space: normal; widows: 2; word-spacing: 0px; -webkit-text-stroke-width: 0px; background-color: #ffffff; text-decoration-thickness: initial; text-decoration-style: initial; text-decoration-color: initial;\" action=\"https:\/\/trimakasi.eu\/product\/malachite-braided-bracelet\/\" enctype=\"multipart\/form-data\" method=\"post\" data-product_id=\"74167\" data-product_variations=\"[{&quot;attributes&quot;:{&quot;attribute_select-the-size&quot;:&quot;XS-15cm&quot;},&quot;availability_html&quot;:&quot;&lt;p class=\\&quot;stock in-stock\\&quot;&gt;In stock&lt;\\\/p&gt;\\n&quot;,&quot;backorders_allowed&quot;:false,&quot;dimensions&quot;:{&quot;length&quot;:&quot;&quot;,&quot;width&quot;:&quot;&quot;,&quot;height&quot;:&quot;&quot;},&quot;dimensions_html&quot;:&quot;N\\\/A&quot;,&quot;display_price&quot;:58,&quot;display_regular_price&quot;:58,&quot;image&quot;:{&quot;title&quot;:&quot;Malachite braided bracelet&quot;,&quot;caption&quot;:&quot;&quot;,&quot;url&quot;:&quot;https:\\\/\\\/trimakasi.eu\\\/wp-content\\\/uploads\\\/2019\\\/05\\\/malachit-e1550682993797-1.jpg&quot;,&quot;alt&quot;:&quot;Malachite braided bracelet&quot;,&quot;src&quot;:&quot;https:\\\/\\\/trimakasi.eu\\\/wp-content\\\/uploads\\\/2019\\\/05\\\/malachit-e1550682993797-1-600x826.jpg&quot;,&quot;srcset&quot;:&quot;https:\\\/\\\/trimakasi.eu\\\/wp-content\\\/uploads\\\/2019\\\/05\\\/malachit-e1550682993797-1-600x826.jpg 600w, https:\\\/\\\/trimakasi.eu\\\/wp-content\\\/uploads\\\/2019\\\/05\\\/malachit-e1550682993797-1-218x300.jpg 218w, https:\\\/\\\/trimakasi.eu\\\/wp-content\\\/uploads\\\/2019\\\/05\\\/malachit-e1550682993797-1-768x1057.jpg 768w, https:\\\/\\\/trimakasi.eu\\\/wp-content\\\/uploads\\\/2019\\\/05\\\/malachit-e1550682993797-1-744x1024.jpg 744w, https:\\\/\\\/trimakasi.eu\\\/wp-content\\\/uploads\\\/2019\\\/05\\\/malachit-e1550682993797-1.jpg 800w&quot;,&quot;sizes&quot;:&quot;(max-width: 600px) 100vw, 600px&quot;,&quot;full_src&quot;:&quot;https:\\\/\\\/trimakasi.eu\\\/wp-content\\\/uploads\\\/2019\\\/05\\\/malachit-e1550682993797-1.jpg&quot;,&quot;full_src_w&quot;:800,&quot;full_src_h&quot;:1101,&quot;gallery_thumbnail_src&quot;:&quot;https:\\\/\\\/trimakasi.eu\\\/wp-content\\\/uploads\\\/2019\\\/05\\\/malachit-e1550682993797-1-100x100.jpg&quot;,&quot;gallery_thumbnail_src_w&quot;:100,&quot;gallery_thumbnail_src_h&quot;:100,&quot;thumb_src&quot;:&quot;https:\\\/\\\/trimakasi.eu\\\/wp-content\\\/uploads\\\/2019\\\/05\\\/malachit-e1550682993797-1-300x450.jpg&quot;,&quot;thumb_src_w&quot;:300,&quot;thumb_src_h&quot;:450,&quot;src_w&quot;:600,&quot;src_h&quot;:826},&quot;image_id&quot;:74950,&quot;is_downloadable&quot;:false,&quot;is_in_stock&quot;:true,&quot;is_purchasable&quot;:true,&quot;is_sold_individually&quot;:&quot;no&quot;,&quot;is_virtual&quot;:false,&quot;max_qty&quot;:10,&quot;min_qty&quot;:1,&quot;price_html&quot;:&quot;&quot;,&quot;sku&quot;:&quot;edb8f3e3e7f1&quot;,&quot;variation_description&quot;:&quot;&lt;p&gt;Material composition: Malachite, 316L stainless steel with PVD coating, nylon cord.&lt;\\\/p&gt;\\n&quot;,&quot;variation_id&quot;:74473,&quot;variation_is_active&quot;:true,&quot;variation_is_visible&quot;:true,&quot;weight&quot;:&quot;&quot;,&quot;weight_html&quot;:&quot;N\\\/A&quot;},{&quot;attributes&quot;:{&quot;attribute_select-the-size&quot;:&quot;XXL-20cm&quot;},&quot;availability_html&quot;:&quot;&lt;p class=\\&quot;stock in-stock\\&quot;&gt;In stock&lt;\\\/p&gt;\\n&quot;,&quot;backorders_allowed&quot;:false,&quot;dimensions&quot;:{&quot;length&quot;:&quot;&quot;,&quot;width&quot;:&quot;&quot;,&quot;height&quot;:&quot;&quot;},&quot;dimensions_html&quot;:&quot;N\\\/A&quot;,&quot;display_price&quot;:58,&quot;display_regular_price&quot;:58,&quot;image&quot;:{&quot;title&quot;:&quot;Malachite braided bracelet&quot;,&quot;caption&quot;:&quot;&quot;,&quot;url&quot;:&quot;https:\\\/\\\/trimakasi.eu\\\/wp-content\\\/uploads\\\/2019\\\/05\\\/malachit-e1550682993797-1.jpg&quot;,&quot;alt&quot;:&quot;Malachite braided bracelet&quot;,&quot;src&quot;:&quot;https:\\\/\\\/trimakasi.eu\\\/wp-content\\\/uploads\\\/2019\\\/05\\\/malachit-e1550682993797-1-600x826.jpg&quot;,&quot;srcset&quot;:&quot;https:\\\/\\\/trimakasi.eu\\\/wp-content\\\/uploads\\\/2019\\\/05\\\/malachit-e1550682993797-1-600x826.jpg 600w, https:\\\/\\\/trimakasi.eu\\\/wp-content\\\/uploads\\\/2019\\\/05\\\/malachit-e1550682993797-1-218x300.jpg 218w, https:\\\/\\\/trimakasi.eu\\\/wp-content\\\/uploads\\\/2019\\\/05\\\/malachit-e1550682993797-1-768x1057.jpg 768w, https:\\\/\\\/trimakasi.eu\\\/wp-content\\\/uploads\\\/2019\\\/05\\\/malachit-e1550682993797-1-744x1024.jpg 744w, https:\\\/\\\/trimakasi.eu\\\/wp-content\\\/uploads\\\/2019\\\/05\\\/malachit-e1550682993797-1.jpg 800w&quot;,&quot;sizes&quot;:&quot;(max-width: 600px) 100vw, 600px&quot;,&quot;full_src&quot;:&quot;https:\\\/\\\/trimakasi.eu\\\/wp-content\\\/uploads\\\/2019\\\/05\\\/malachit-e1550682993797-1.jpg&quot;,&quot;full_src_w&quot;:800,&quot;full_src_h&quot;:1101,&quot;gallery_thumbnail_src&quot;:&quot;https:\\\/\\\/trimakasi.eu\\\/wp-content\\\/uploads\\\/2019\\\/05\\\/malachit-e1550682993797-1-100x100.jpg&quot;,&quot;gallery_thumbnail_src_w&quot;:100,&quot;gallery_thumbnail_src_h&quot;:100,&quot;thumb_src&quot;:&quot;https:\\\/\\\/trimakasi.eu\\\/wp-content\\\/uploads\\\/2019\\\/05\\\/malachit-e1550682993797-1-300x450.jpg&quot;,&quot;thumb_src_w&quot;:300,&quot;thumb_src_h&quot;:450,&quot;src_w&quot;:600,&quot;src_h&quot;:826},&quot;image_id&quot;:74950,&quot;is_downloadable&quot;:false,&quot;is_in_stock&quot;:true,&quot;is_purchasable&quot;:true,&quot;is_sold_individually&quot;:&quot;no&quot;,&quot;is_virtual&quot;:false,&quot;max_qty&quot;:10,&quot;min_qty&quot;:1,&quot;price_html&quot;:&quot;&quot;,&quot;sku&quot;:&quot;8dd1449e9d2c&quot;,&quot;variation_description&quot;:&quot;&lt;p&gt;Material composition: Malachite, 316L stainless steel with PVD coating, nylon cord.&lt;\\\/p&gt;\\n&quot;,&quot;variation_id&quot;:74468,&quot;variation_is_active&quot;:true,&quot;variation_is_visible&quot;:true,&quot;weight&quot;:&quot;&quot;,&quot;weight_html&quot;:&quot;N\\\/A&quot;},{&quot;attributes&quot;:{&quot;attribute_select-the-size&quot;:&quot;XL-19cm&quot;},&quot;availability_html&quot;:&quot;&lt;p class=\\&quot;stock in-stock\\&quot;&gt;In stock&lt;\\\/p&gt;\\n&quot;,&quot;backorders_allowed&quot;:false,&quot;dimensions&quot;:{&quot;length&quot;:&quot;&quot;,&quot;width&quot;:&quot;&quot;,&quot;height&quot;:&quot;&quot;},&quot;dimensions_html&quot;:&quot;N\\\/A&quot;,&quot;display_price&quot;:58,&quot;display_regular_price&quot;:58,&quot;image&quot;:{&quot;title&quot;:&quot;Malachite braided bracelet&quot;,&quot;caption&quot;:&quot;&quot;,&quot;url&quot;:&quot;https:\\\/\\\/trimakasi.eu\\\/wp-content\\\/uploads\\\/2019\\\/05\\\/malachit-e1550682993797-1.jpg&quot;,&quot;alt&quot;:&quot;Malachite braided bracelet&quot;,&quot;src&quot;:&quot;https:\\\/\\\/trimakasi.eu\\\/wp-content\\\/uploads\\\/2019\\\/05\\\/malachit-e1550682993797-1-600x826.jpg&quot;,&quot;srcset&quot;:&quot;https:\\\/\\\/trimakasi.eu\\\/wp-content\\\/uploads\\\/2019\\\/05\\\/malachit-e1550682993797-1-600x826.jpg 600w, https:\\\/\\\/trimakasi.eu\\\/wp-content\\\/uploads\\\/2019\\\/05\\\/malachit-e1550682993797-1-218x300.jpg 218w, https:\\\/\\\/trimakasi.eu\\\/wp-content\\\/uploads\\\/2019\\\/05\\\/malachit-e1550682993797-1-768x1057.jpg 768w, https:\\\/\\\/trimakasi.eu\\\/wp-content\\\/uploads\\\/2019\\\/05\\\/malachit-e1550682993797-1-744x1024.jpg 744w, https:\\\/\\\/trimakasi.eu\\\/wp-content\\\/uploads\\\/2019\\\/05\\\/malachit-e1550682993797-1.jpg 800w&quot;,&quot;sizes&quot;:&quot;(max-width: 600px) 100vw, 600px&quot;,&quot;full_src&quot;:&quot;https:\\\/\\\/trimakasi.eu\\\/wp-content\\\/uploads\\\/2019\\\/05\\\/malachit-e1550682993797-1.jpg&quot;,&quot;full_src_w&quot;:800,&quot;full_src_h&quot;:1101,&quot;gallery_thumbnail_src&quot;:&quot;https:\\\/\\\/trimakasi.eu\\\/wp-content\\\/uploads\\\/2019\\\/05\\\/malachit-e1550682993797-1-100x100.jpg&quot;,&quot;gallery_thumbnail_src_w&quot;:100,&quot;gallery_thumbnail_src_h&quot;:100,&quot;thumb_src&quot;:&quot;https:\\\/\\\/trimakasi.eu\\\/wp-content\\\/uploads\\\/2019\\\/05\\\/malachit-e1550682993797-1-300x450.jpg&quot;,&quot;thumb_src_w&quot;:300,&quot;thumb_src_h&quot;:450,&quot;src_w&quot;:600,&quot;src_h&quot;:826},&quot;image_id&quot;:74950,&quot;is_downloadable&quot;:false,&quot;is_in_stock&quot;:true,&quot;is_purchasable&quot;:true,&quot;is_sold_individually&quot;:&quot;no&quot;,&quot;is_virtual&quot;:false,&quot;max_qty&quot;:10,&quot;min_qty&quot;:1,&quot;price_html&quot;:&quot;&quot;,&quot;sku&quot;:&quot;a97f2f157cef&quot;,&quot;variation_description&quot;:&quot;&lt;p&gt;Material composition: Malachite, 316L stainless steel with PVD coating, nylon cord.&lt;\\\/p&gt;\\n&quot;,&quot;variation_id&quot;:74469,&quot;variation_is_active&quot;:true,&quot;variation_is_visible&quot;:true,&quot;weight&quot;:&quot;&quot;,&quot;weight_html&quot;:&quot;N\\\/A&quot;},{&quot;attributes&quot;:{&quot;attribute_select-the-size&quot;:&quot;L-18cm&quot;},&quot;availability_html&quot;:&quot;&lt;p class=\\&quot;stock in-stock\\&quot;&gt;In stock&lt;\\\/p&gt;\\n&quot;,&quot;backorders_allowed&quot;:false,&quot;dimensions&quot;:{&quot;length&quot;:&quot;&quot;,&quot;width&quot;:&quot;&quot;,&quot;height&quot;:&quot;&quot;},&quot;dimensions_html&quot;:&quot;N\\\/A&quot;,&quot;display_price&quot;:58,&quot;display_regular_price&quot;:58,&quot;image&quot;:{&quot;title&quot;:&quot;Malachite braided bracelet&quot;,&quot;caption&quot;:&quot;&quot;,&quot;url&quot;:&quot;https:\\\/\\\/trimakasi.eu\\\/wp-content\\\/uploads\\\/2019\\\/05\\\/malachit-e1550682993797-1.jpg&quot;,&quot;alt&quot;:&quot;Malachite braided bracelet&quot;,&quot;src&quot;:&quot;https:\\\/\\\/trimakasi.eu\\\/wp-content\\\/uploads\\\/2019\\\/05\\\/malachit-e1550682993797-1-600x826.jpg&quot;,&quot;srcset&quot;:&quot;https:\\\/\\\/trimakasi.eu\\\/wp-content\\\/uploads\\\/2019\\\/05\\\/malachit-e1550682993797-1-600x826.jpg 600w, https:\\\/\\\/trimakasi.eu\\\/wp-content\\\/uploads\\\/2019\\\/05\\\/malachit-e1550682993797-1-218x300.jpg 218w, https:\\\/\\\/trimakasi.eu\\\/wp-content\\\/uploads\\\/2019\\\/05\\\/malachit-e1550682993797-1-768x1057.jpg 768w, https:\\\/\\\/trimakasi.eu\\\/wp-content\\\/uploads\\\/2019\\\/05\\\/malachit-e1550682993797-1-744x1024.jpg 744w, https:\\\/\\\/trimakasi.eu\\\/wp-content\\\/uploads\\\/2019\\\/05\\\/malachit-e1550682993797-1.jpg 800w&quot;,&quot;sizes&quot;:&quot;(max-width: 600px) 100vw, 600px&quot;,&quot;full_src&quot;:&quot;https:\\\/\\\/trimakasi.eu\\\/wp-content\\\/uploads\\\/2019\\\/05\\\/malachit-e1550682993797-1.jpg&quot;,&quot;full_src_w&quot;:800,&quot;full_src_h&quot;:1101,&quot;gallery_thumbnail_src&quot;:&quot;https:\\\/\\\/trimakasi.eu\\\/wp-content\\\/uploads\\\/2019\\\/05\\\/malachit-e1550682993797-1-100x100.jpg&quot;,&quot;gallery_thumbnail_src_w&quot;:100,&quot;gallery_thumbnail_src_h&quot;:100,&quot;thumb_src&quot;:&quot;https:\\\/\\\/trimakasi.eu\\\/wp-content\\\/uploads\\\/2019\\\/05\\\/malachit-e1550682993797-1-300x450.jpg&quot;,&quot;thumb_src_w&quot;:300,&quot;thumb_src_h&quot;:450,&quot;src_w&quot;:600,&quot;src_h&quot;:826},&quot;image_id&quot;:74950,&quot;is_downloadable&quot;:false,&quot;is_in_stock&quot;:true,&quot;is_purchasable&quot;:true,&quot;is_sold_individually&quot;:&quot;no&quot;,&quot;is_virtual&quot;:false,&quot;max_qty&quot;:9,&quot;min_qty&quot;:1,&quot;price_html&quot;:&quot;&quot;,&quot;sku&quot;:&quot;73adcec047c9&quot;,&quot;variation_description&quot;:&quot;&lt;p&gt;Material composition: Malachite, 316L stainless steel with PVD coating, nylon cord.&lt;\\\/p&gt;\\n&quot;,&quot;variation_id&quot;:74470,&quot;variation_is_active&quot;:true,&quot;variation_is_visible&quot;:true,&quot;weight&quot;:&quot;&quot;,&quot;weight_html&quot;:&quot;N\\\/A&quot;},{&quot;attributes&quot;:{&quot;attribute_select-the-size&quot;:&quot;M-17cm&quot;},&quot;availability_html&quot;:&quot;&lt;p class=\\&quot;stock in-stock\\&quot;&gt;In stock&lt;\\\/p&gt;\\n&quot;,&quot;backorders_allowed&quot;:false,&quot;dimensions&quot;:{&quot;length&quot;:&quot;&quot;,&quot;width&quot;:&quot;&quot;,&quot;height&quot;:&quot;&quot;},&quot;dimensions_html&quot;:&quot;N\\\/A&quot;,&quot;display_price&quot;:58,&quot;display_regular_price&quot;:58,&quot;image&quot;:{&quot;title&quot;:&quot;Malachite braided bracelet&quot;,&quot;caption&quot;:&quot;&quot;,&quot;url&quot;:&quot;https:\\\/\\\/trimakasi.eu\\\/wp-content\\\/uploads\\\/2019\\\/05\\\/malachit-e1550682993797-1.jpg&quot;,&quot;alt&quot;:&quot;Malachite braided bracelet&quot;,&quot;src&quot;:&quot;https:\\\/\\\/trimakasi.eu\\\/wp-content\\\/uploads\\\/2019\\\/05\\\/malachit-e1550682993797-1-600x826.jpg&quot;,&quot;srcset&quot;:&quot;https:\\\/\\\/trimakasi.eu\\\/wp-content\\\/uploads\\\/2019\\\/05\\\/malachit-e1550682993797-1-600x826.jpg 600w, https:\\\/\\\/trimakasi.eu\\\/wp-content\\\/uploads\\\/2019\\\/05\\\/malachit-e1550682993797-1-218x300.jpg 218w, https:\\\/\\\/trimakasi.eu\\\/wp-content\\\/uploads\\\/2019\\\/05\\\/malachit-e1550682993797-1-768x1057.jpg 768w, https:\\\/\\\/trimakasi.eu\\\/wp-content\\\/uploads\\\/2019\\\/05\\\/malachit-e1550682993797-1-744x1024.jpg 744w, https:\\\/\\\/trimakasi.eu\\\/wp-content\\\/uploads\\\/2019\\\/05\\\/malachit-e1550682993797-1.jpg 800w&quot;,&quot;sizes&quot;:&quot;(max-width: 600px) 100vw, 600px&quot;,&quot;full_src&quot;:&quot;https:\\\/\\\/trimakasi.eu\\\/wp-content\\\/uploads\\\/2019\\\/05\\\/malachit-e1550682993797-1.jpg&quot;,&quot;full_src_w&quot;:800,&quot;full_src_h&quot;:1101,&quot;gallery_thumbnail_src&quot;:&quot;https:\\\/\\\/trimakasi.eu\\\/wp-content\\\/uploads\\\/2019\\\/05\\\/malachit-e1550682993797-1-100x100.jpg&quot;,&quot;gallery_thumbnail_src_w&quot;:100,&quot;gallery_thumbnail_src_h&quot;:100,&quot;thumb_src&quot;:&quot;https:\\\/\\\/trimakasi.eu\\\/wp-content\\\/uploads\\\/2019\\\/05\\\/malachit-e1550682993797-1-300x450.jpg&quot;,&quot;thumb_src_w&quot;:300,&quot;thumb_src_h&quot;:450,&quot;src_w&quot;:600,&quot;src_h&quot;:826},&quot;image_id&quot;:74950,&quot;is_downloadable&quot;:false,&quot;is_in_stock&quot;:true,&quot;is_purchasable&quot;:true,&quot;is_sold_individually&quot;:&quot;no&quot;,&quot;is_virtual&quot;:false,&quot;max_qty&quot;:9,&quot;min_qty&quot;:1,&quot;price_html&quot;:&quot;&quot;,&quot;sku&quot;:&quot;ca6bda735994&quot;,&quot;variation_description&quot;:&quot;&lt;p&gt;Material composition: Malachite, 316L stainless steel with PVD coating, nylon cord.&lt;\\\/p&gt;\\n&quot;,&quot;variation_id&quot;:74471,&quot;variation_is_active&quot;:true,&quot;variation_is_visible&quot;:true,&quot;weight&quot;:&quot;&quot;,&quot;weight_html&quot;:&quot;N\\\/A&quot;},{&quot;attributes&quot;:{&quot;attribute_select-the-size&quot;:&quot;S-16cm&quot;},&quot;availability_html&quot;:&quot;&lt;p class=\\&quot;stock in-stock\\&quot;&gt;In stock&lt;\\\/p&gt;\\n&quot;,&quot;backorders_allowed&quot;:false,&quot;dimensions&quot;:{&quot;length&quot;:&quot;&quot;,&quot;width&quot;:&quot;&quot;,&quot;height&quot;:&quot;&quot;},&quot;dimensions_html&quot;:&quot;N\\\/A&quot;,&quot;display_price&quot;:58,&quot;display_regular_price&quot;:58,&quot;image&quot;:{&quot;title&quot;:&quot;Malachite braided bracelet&quot;,&quot;caption&quot;:&quot;&quot;,&quot;url&quot;:&quot;https:\\\/\\\/trimakasi.eu\\\/wp-content\\\/uploads\\\/2019\\\/05\\\/malachit-e1550682993797-1.jpg&quot;,&quot;alt&quot;:&quot;Malachite braided bracelet&quot;,&quot;src&quot;:&quot;https:\\\/\\\/trimakasi.eu\\\/wp-content\\\/uploads\\\/2019\\\/05\\\/malachit-e1550682993797-1-600x826.jpg&quot;,&quot;srcset&quot;:&quot;https:\\\/\\\/trimakasi.eu\\\/wp-content\\\/uploads\\\/2019\\\/05\\\/malachit-e1550682993797-1-600x826.jpg 600w, https:\\\/\\\/trimakasi.eu\\\/wp-content\\\/uploads\\\/2019\\\/05\\\/malachit-e1550682993797-1-218x300.jpg 218w, https:\\\/\\\/trimakasi.eu\\\/wp-content\\\/uploads\\\/2019\\\/05\\\/malachit-e1550682993797-1-768x1057.jpg 768w, https:\\\/\\\/trimakasi.eu\\\/wp-content\\\/uploads\\\/2019\\\/05\\\/malachit-e1550682993797-1-744x1024.jpg 744w, https:\\\/\\\/trimakasi.eu\\\/wp-content\\\/uploads\\\/2019\\\/05\\\/malachit-e1550682993797-1.jpg 800w&quot;,&quot;sizes&quot;:&quot;(max-width: 600px) 100vw, 600px&quot;,&quot;full_src&quot;:&quot;https:\\\/\\\/trimakasi.eu\\\/wp-content\\\/uploads\\\/2019\\\/05\\\/malachit-e1550682993797-1.jpg&quot;,&quot;full_src_w&quot;:800,&quot;full_src_h&quot;:1101,&quot;gallery_thumbnail_src&quot;:&quot;https:\\\/\\\/trimakasi.eu\\\/wp-content\\\/uploads\\\/2019\\\/05\\\/malachit-e1550682993797-1-100x100.jpg&quot;,&quot;gallery_thumbnail_src_w&quot;:100,&quot;gallery_thumbnail_src_h&quot;:100,&quot;thumb_src&quot;:&quot;https:\\\/\\\/trimakasi.eu\\\/wp-content\\\/uploads\\\/2019\\\/05\\\/malachit-e1550682993797-1-300x450.jpg&quot;,&quot;thumb_src_w&quot;:300,&quot;thumb_src_h&quot;:450,&quot;src_w&quot;:600,&quot;src_h&quot;:826},&quot;image_id&quot;:74950,&quot;is_downloadable&quot;:false,&quot;is_in_stock&quot;:true,&quot;is_purchasable&quot;:true,&quot;is_sold_individually&quot;:&quot;no&quot;,&quot;is_virtual&quot;:false,&quot;max_qty&quot;:10,&quot;min_qty&quot;:1,&quot;price_html&quot;:&quot;&quot;,&quot;sku&quot;:&quot;1aa052f225f8&quot;,&quot;variation_description&quot;:&quot;&lt;p&gt;Material composition: Malachite, 316L stainless steel with PVD coating, nylon cord.&lt;\\\/p&gt;\\n&quot;,&quot;variation_id&quot;:74472,&quot;variation_is_active&quot;:true,&quot;variation_is_visible&quot;:true,&quot;weight&quot;:&quot;&quot;,&quot;weight_html&quot;:&quot;N\\\/A&quot;}]\"><\/form>\n","protected":false},"featured_media":144793,"comment_status":"open","ping_status":"closed","template":"","meta":{"_acf_changed":false,"_themeisle_gutenberg_block_has_review":false},"product_brand":[],"product_cat":[1688,1069,570,1064,1316,553],"product_tag":[],"class_list":{"0":"post-144779","1":"product","2":"type-product","3":"status-publish","4":"has-post-thumbnail","6":"product_cat-braided-bracelets","7":"product_cat-braided-bracelets-for-men","8":"product_cat-braided-bracelets-for-women","9":"product_cat-mens-jewellery","10":"product_cat-rare-gemstone-bracelets","11":"product_cat-womens-jewellery","13":"first","14":"instock","15":"taxable","16":"shipping-taxable","17":"purchasable","18":"product-type-variable","19":"has-default-attributes"},"acf":[],"_links":{"self":[{"href":"https:\/\/trimakasi.eu\/fr\/wp-json\/wp\/v2\/product\/144779","targetHints":{"allow":["GET"]}}],"collection":[{"href":"https:\/\/trimakasi.eu\/fr\/wp-json\/wp\/v2\/product"}],"about":[{"href":"https:\/\/trimakasi.eu\/fr\/wp-json\/wp\/v2\/types\/product"}],"replies":[{"embeddable":true,"href":"https:\/\/trimakasi.eu\/fr\/wp-json\/wp\/v2\/comments?post=144779"}],"wp:featuredmedia":[{"embeddable":true,"href":"https:\/\/trimakasi.eu\/fr\/wp-json\/wp\/v2\/media\/144793"}],"wp:attachment":[{"href":"https:\/\/trimakasi.eu\/fr\/wp-json\/wp\/v2\/media?parent=144779"}],"wp:term":[{"taxonomy":"product_brand","embeddable":true,"href":"https:\/\/trimakasi.eu\/fr\/wp-json\/wp\/v2\/product_brand?post=144779"},{"taxonomy":"product_cat","embeddable":true,"href":"https:\/\/trimakasi.eu\/fr\/wp-json\/wp\/v2\/product_cat?post=144779"},{"taxonomy":"product_tag","embeddable":true,"href":"https:\/\/trimakasi.eu\/fr\/wp-json\/wp\/v2\/product_tag?post=144779"}],"curies":[{"name":"wp","href":"https:\/\/api.w.org\/{rel}","templated":true}]}}