{"id":132771,"date":"2020-06-08T13:43:18","date_gmt":"2020-06-08T11:43:18","guid":{"rendered":"https:\/\/trimakasi.eu\/?post_type=product&#038;p=132771"},"modified":"2025-08-16T18:20:34","modified_gmt":"2025-08-16T16:20:34","slug":"collier-chaine-balle-homme","status":"publish","type":"product","link":"https:\/\/trimakasi.eu\/fr\/product\/mens-chain-necklace-bullet\/","title":{"rendered":"Collier cha\u00eene homme - Bullet"},"content":{"rendered":"<h3>Collier Balle<\/h3>\n<p>Accessoire de mode \u00e9l\u00e9gant con\u00e7u pour les hommes. La balle est creuse et d\u00e9vissable \u2013 elle peut servir de cachette secr\u00e8te !<br \/>\nLe collier sera livr\u00e9 dans une petite pochette de protection avec le logo Trimakasi.<\/p>","protected":false},"excerpt":{"rendered":"<div>Collier homme avec pendentif : balle. Bijoux durables pour hommes r\u00e9sistants \u00e0 l&#039;eau ou \u00e0 la transpiration. En savoir plus sur ce collier ci-dessous.<\/div>\n<div><\/div>\n<div>Longueur de la cha\u00eene : 56 cm<\/div>\n<div><\/div>\n<div>Mat\u00e9riau de la cha\u00eene\/du pendentif : acier inoxydable<\/div>","protected":false},"featured_media":132766,"comment_status":"open","ping_status":"closed","template":"","meta":{"_acf_changed":false,"_themeisle_gutenberg_block_has_review":false},"product_brand":[],"product_cat":[1064,1150,1690],"product_tag":[],"class_list":{"0":"post-132771","1":"product","2":"type-product","3":"status-publish","4":"has-post-thumbnail","6":"product_cat-mens-jewellery","7":"product_cat-necklaces-for-men","8":"product_cat-necklaces","10":"first","11":"outofstock","12":"taxable","13":"shipping-taxable","14":"purchasable","15":"product-type-simple"},"acf":[],"_links":{"self":[{"href":"https:\/\/trimakasi.eu\/fr\/wp-json\/wp\/v2\/product\/132771","targetHints":{"allow":["GET"]}}],"collection":[{"href":"https:\/\/trimakasi.eu\/fr\/wp-json\/wp\/v2\/product"}],"about":[{"href":"https:\/\/trimakasi.eu\/fr\/wp-json\/wp\/v2\/types\/product"}],"replies":[{"embeddable":true,"href":"https:\/\/trimakasi.eu\/fr\/wp-json\/wp\/v2\/comments?post=132771"}],"wp:featuredmedia":[{"embeddable":true,"href":"https:\/\/trimakasi.eu\/fr\/wp-json\/wp\/v2\/media\/132766"}],"wp:attachment":[{"href":"https:\/\/trimakasi.eu\/fr\/wp-json\/wp\/v2\/media?parent=132771"}],"wp:term":[{"taxonomy":"product_brand","embeddable":true,"href":"https:\/\/trimakasi.eu\/fr\/wp-json\/wp\/v2\/product_brand?post=132771"},{"taxonomy":"product_cat","embeddable":true,"href":"https:\/\/trimakasi.eu\/fr\/wp-json\/wp\/v2\/product_cat?post=132771"},{"taxonomy":"product_tag","embeddable":true,"href":"https:\/\/trimakasi.eu\/fr\/wp-json\/wp\/v2\/product_tag?post=132771"}],"curies":[{"name":"wp","href":"https:\/\/api.w.org\/{rel}","templated":true}]}}