{"id":118938,"date":"2020-12-24T16:41:27","date_gmt":"2020-12-24T15:41:27","guid":{"rendered":"https:\/\/trimakasi.eu\/?post_type=product&#038;p=118938"},"modified":"2024-03-25T19:14:42","modified_gmt":"2024-03-25T18:14:42","slug":"bracelet-dzi-tibetain","status":"publish","type":"product","link":"https:\/\/trimakasi.eu\/fr\/product\/tibetan-dzi-bracelet\/","title":{"rendered":"Bracelet tib\u00e9tain DZI"},"content":{"rendered":"<h3>Perles d&#039;agate tib\u00e9taine Dzi<\/h3>\n<p>Dzi (prononc\u00e9 Zi) est un mot tib\u00e9tain utilis\u00e9 pour d\u00e9crire des perles \u00e0 motifs, g\u00e9n\u00e9ralement en agate. Ces perles sont traditionnellement utilis\u00e9es pour se prot\u00e9ger des \u00e9nergies n\u00e9gatives, de la maladie ou des accidents, mais aussi comme des talismans qui devraient attirer la sagesse, le bonheur et la prosp\u00e9rit\u00e9.<\/p>\n<p>Selon les l\u00e9gendes, les perles Dzi peuvent non seulement repousser l&#039;\u00e9nergie, mais aussi la stocker. Tout en bloquant l&#039;\u00e9nergie n\u00e9gative de votre environnement, ils absorbent une partie de votre \u00e9nergie positive et la stockent pour vous pour les pires moments.<\/p>\n<p>Les agates favorisent g\u00e9n\u00e9ralement la stabilit\u00e9 int\u00e9rieure, le calme et la maturit\u00e9 mentale. Leurs vibrations agr\u00e9ables ont des propri\u00e9t\u00e9s protectrices, renforcent la confiance en soi et procurent un sentiment de s\u00e9curit\u00e9.<\/p>\n<p>\u00c9l\u00e9ment: <strong>Feu<\/strong><\/p>\n<p>Signes du zodiaque: <strong>Vierge, G\u00e9meaux, Scorpion, Poissons, Verseau, Capricorne, Cancer, Taureau, B\u00e9lier<\/strong><\/p>\n<p>Ce bracelet harmonise le chakra racine<\/p>\n<p><a href=\"https:\/\/trimakasi.eu\/wp-content\/uploads\/\u010dakra1.jpg\"><img loading=\"lazy\" decoding=\"async\" class=\"alignnone size-full wp-image-138513\" src=\"https:\/\/trimakasi.eu\/wp-content\/uploads\/\u010dakra1.jpg\" alt=\"Chakra racine\" width=\"81\" height=\"88\" srcset=\"https:\/\/trimakasi.eu\/wp-content\/uploads\/\u010dakra1.jpg 81w, https:\/\/trimakasi.eu\/wp-content\/uploads\/\u010dakra1-11x12.jpg 11w\" sizes=\"auto, (max-width: 81px) 100vw, 81px\" \/><\/a><\/p>\n<p><a href=\"https:\/\/trimakasi.eu\/fr\/vlog\/\"><u>Visitez notre blog vid\u00e9o pour d\u00e9couvrir les liens entre les pierres pr\u00e9cieuses, les signes du zodiaque, les chakras et bien plus encore.<\/u><\/a><\/p>","protected":false},"excerpt":{"rendered":"<p>Bracelet tib\u00e9tain DZI en agate. Bijoux spirituels, qui sont utilis\u00e9s dans la culture orientale pour leurs capacit\u00e9s protectrices. En savoir plus sur les propri\u00e9t\u00e9s de cette pierre ci-dessous.<\/p>\n<p>Choisissez un bracelet par sa taille et par la couleur de la derni\u00e8re perle.\u00a0<a href=\"https:\/\/trimakasi.eu\/fr\/comment-choisir-la-taille-du-bracelet\/\">Vous trouverez ici des instructions sur la fa\u00e7on de d\u00e9terminer correctement la taille.<\/a><\/p>","protected":false},"featured_media":119133,"comment_status":"open","ping_status":"closed","template":"","meta":{"_acf_changed":false,"_themeisle_gutenberg_block_has_review":false},"product_brand":[],"product_cat":[1687,1064,1068,554,553],"product_tag":[],"class_list":{"0":"post-118938","1":"product","2":"type-product","3":"status-publish","4":"has-post-thumbnail","6":"product_cat-elastic-bracelets","7":"product_cat-mens-jewellery","8":"product_cat-natural-gemstone-bracelets-for-men","9":"product_cat-natural-gemstone-bracelets","10":"product_cat-womens-jewellery","12":"first","13":"outofstock","14":"taxable","15":"shipping-taxable","16":"purchasable","17":"product-type-variable","18":"has-default-attributes"},"acf":[],"_links":{"self":[{"href":"https:\/\/trimakasi.eu\/fr\/wp-json\/wp\/v2\/product\/118938","targetHints":{"allow":["GET"]}}],"collection":[{"href":"https:\/\/trimakasi.eu\/fr\/wp-json\/wp\/v2\/product"}],"about":[{"href":"https:\/\/trimakasi.eu\/fr\/wp-json\/wp\/v2\/types\/product"}],"replies":[{"embeddable":true,"href":"https:\/\/trimakasi.eu\/fr\/wp-json\/wp\/v2\/comments?post=118938"}],"wp:featuredmedia":[{"embeddable":true,"href":"https:\/\/trimakasi.eu\/fr\/wp-json\/wp\/v2\/media\/119133"}],"wp:attachment":[{"href":"https:\/\/trimakasi.eu\/fr\/wp-json\/wp\/v2\/media?parent=118938"}],"wp:term":[{"taxonomy":"product_brand","embeddable":true,"href":"https:\/\/trimakasi.eu\/fr\/wp-json\/wp\/v2\/product_brand?post=118938"},{"taxonomy":"product_cat","embeddable":true,"href":"https:\/\/trimakasi.eu\/fr\/wp-json\/wp\/v2\/product_cat?post=118938"},{"taxonomy":"product_tag","embeddable":true,"href":"https:\/\/trimakasi.eu\/fr\/wp-json\/wp\/v2\/product_tag?post=118938"}],"curies":[{"name":"wp","href":"https:\/\/api.w.org\/{rel}","templated":true}]}}