{"id":118746,"date":"2020-12-23T20:52:04","date_gmt":"2020-12-23T19:52:04","guid":{"rendered":"https:\/\/trimakasi.eu\/?post_type=product&#038;p=118746"},"modified":"2024-06-28T22:13:37","modified_gmt":"2024-06-28T20:13:37","slug":"lacrimosa-bracelet-homme","status":"publish","type":"product","link":"https:\/\/trimakasi.eu\/fr\/product\/lacrimosa-mens-bracelet\/","title":{"rendered":"Bracelet homme Lacrimosa"},"content":{"rendered":"<h3>Acier inoxydable rev\u00eatu de PVD noir<\/h3>\n<div>En raison de sa duret\u00e9 et de sa durabilit\u00e9, l\u2019acier inoxydable est un m\u00e9tal id\u00e9al pour les bijoux.<\/div>\n<div>Le rev\u00eatement PVD est une excellente solution pour les bracelets gr\u00e2ce \u00e0 sa haute r\u00e9sistance \u00e0 l&#039;abrasion, aux anomalies de temp\u00e9rature et \u00e0 la corrosion.<\/div>\n<div>\n<h3><a href=\"https:\/\/trimakasi.eu\/fr\/product\/black-matte-agate\/\">Onyx noir mat<\/a><\/h3>\n<p>L&#039;onyx noir a la capacit\u00e9 d&#039;augmenter la volont\u00e9 de son propri\u00e9taire et l&#039;aide \u00e0 affronter les probl\u00e8mes avec courage. Cela nous aide \u00e0 trouver des solutions au lieu de trouver des probl\u00e8mes et de chasser l&#039;id\u00e9e d&#039;abandonner.<\/p>\n<h3 class=\"LC20lb\"><a href=\"https:\/\/trimakasi.eu\/fr\/product\/oeil-de-tigre\/\">Oeil de tigre rouge<\/a><\/h3>\n<p>La pierre a la capacit\u00e9 de dissiper la n\u00e9gativit\u00e9 et sa couleur dor\u00e9e attire la prosp\u00e9rit\u00e9, la richesse et un statut social important. Il repr\u00e9sente le soleil et la tendance associ\u00e9e \u00e0 \u00ab \u00eatre au centre de l&#039;attention \u00bb.<\/p>\n<p>\u00c9l\u00e9ment: <strong>Feu, Terre<\/strong><\/p>\n<p>Signe du zodiaque: <strong>Tous sauf le Sagittaire<\/strong><\/p>\n<p>Bracelet harmonise chakra racine et chakra du plexus solaire<\/p>\n<p><img loading=\"lazy\" decoding=\"async\" class=\"alignnone size-full wp-image-72742 lazyloaded\" src=\"https:\/\/trimakasi.cz\/wp-content\/uploads\/2018\/08\/%C4%8Dakra1.jpg\" alt=\"Z\u00e1kladn\u00ed \u010dakra\" width=\"81\" height=\"88\" data-lazy-src=\"https:\/\/trimakasi.cz\/wp-content\/uploads\/2018\/08\/\u010dakra1.jpg\" data-was-processed=\"true\" \/><img loading=\"lazy\" decoding=\"async\" class=\"alignnone size-full wp-image-72745 lazyloaded\" src=\"https:\/\/trimakasi.cz\/wp-content\/uploads\/2018\/07\/%C4%8Dakra3.jpg\" alt=\"Cakra du plexus solaire\" width=\"77\" height=\"86\" data-lazy-src=\"https:\/\/trimakasi.cz\/wp-content\/uploads\/2018\/07\/\u010dakra3.jpg\" data-was-processed=\"true\" \/><\/p>\n<p><a href=\"https:\/\/trimakasi.eu\/fr\/vlog\/\"><u>Visitez notre blog vid\u00e9o pour d\u00e9couvrir les liens entre les pierres pr\u00e9cieuses, les signes du zodiaque, les chakras et bien plus encore.<\/u><\/a><\/p>\n<\/div>","protected":false},"excerpt":{"rendered":"<p>Extravagant bracelet de prosp\u00e9rit\u00e9 compos\u00e9 d&#039;oeil de tigre rouge et d&#039;onyx noir mat. Acier inoxydable de haute qualit\u00e9 avec rev\u00eatement PVD noir tr\u00e8s r\u00e9sistant.<br \/>\nChoisissez un bracelet par la taille.\u00a0<a href=\"https:\/\/trimakasi.eu\/fr\/comment-choisir-la-taille-du-bracelet\/\">Vous trouverez ici des instructions sur la fa\u00e7on de d\u00e9terminer correctement la taille.<\/a>\u00a0Coffret cadeau noir de luxe gratuit!<\/p>","protected":false},"featured_media":118758,"comment_status":"open","ping_status":"closed","template":"","meta":{"_acf_changed":false,"_themeisle_gutenberg_block_has_review":false},"product_brand":[],"product_cat":[1687,1064,1067],"product_tag":[],"class_list":{"0":"post-118746","1":"product","2":"type-product","3":"status-publish","4":"has-post-thumbnail","6":"product_cat-elastic-bracelets","7":"product_cat-mens-jewellery","8":"product_cat-premium-bracelets-for-men","10":"first","11":"instock","12":"taxable","13":"shipping-taxable","14":"purchasable","15":"product-type-variable","16":"has-default-attributes"},"acf":[],"_links":{"self":[{"href":"https:\/\/trimakasi.eu\/fr\/wp-json\/wp\/v2\/product\/118746","targetHints":{"allow":["GET"]}}],"collection":[{"href":"https:\/\/trimakasi.eu\/fr\/wp-json\/wp\/v2\/product"}],"about":[{"href":"https:\/\/trimakasi.eu\/fr\/wp-json\/wp\/v2\/types\/product"}],"replies":[{"embeddable":true,"href":"https:\/\/trimakasi.eu\/fr\/wp-json\/wp\/v2\/comments?post=118746"}],"wp:featuredmedia":[{"embeddable":true,"href":"https:\/\/trimakasi.eu\/fr\/wp-json\/wp\/v2\/media\/118758"}],"wp:attachment":[{"href":"https:\/\/trimakasi.eu\/fr\/wp-json\/wp\/v2\/media?parent=118746"}],"wp:term":[{"taxonomy":"product_brand","embeddable":true,"href":"https:\/\/trimakasi.eu\/fr\/wp-json\/wp\/v2\/product_brand?post=118746"},{"taxonomy":"product_cat","embeddable":true,"href":"https:\/\/trimakasi.eu\/fr\/wp-json\/wp\/v2\/product_cat?post=118746"},{"taxonomy":"product_tag","embeddable":true,"href":"https:\/\/trimakasi.eu\/fr\/wp-json\/wp\/v2\/product_tag?post=118746"}],"curies":[{"name":"wp","href":"https:\/\/api.w.org\/{rel}","templated":true}]}}