{"id":104280,"date":"2023-07-26T19:51:53","date_gmt":"2023-07-26T17:51:53","guid":{"rendered":"https:\/\/trimakasi.eu\/?post_type=product&#038;p=104280"},"modified":"2024-08-14T12:03:59","modified_gmt":"2024-08-14T10:03:59","slug":"macrame-bracelet-grenat","status":"publish","type":"product","link":"https:\/\/trimakasi.eu\/fr\/product\/macrame-bracelet-garnet\/","title":{"rendered":"Bracelet macram\u00e9 pour femme \u2013 Grenat"},"content":{"rendered":"<h3>Grenat<\/h3>\n<p id=\"tw-target-text\" class=\"tw-data-text tw-ta tw-text-small\" dir=\"ltr\" data-placeholder=\"P\u0159eklad\"><span lang=\"en\" tabindex=\"0\">Le grenat h\u00e9sonite est une pure vari\u00e9t\u00e9 de grenat qui enflamme le courage, renforce le charisme et la vitalit\u00e9, et aide \u00e9galement \u00e0 trouver le pouvoir cr\u00e9atif au plus profond de lui-m\u00eame. Le grenat en tant que pierre protectrice de la sant\u00e9 am\u00e9liore la vitalit\u00e9 et les instincts de survie essentiels. Cela aiderait \u00e9galement \u00e0 la fertilit\u00e9 et \u00e0 la libido. Le grenat \u00e9tait \u00e9galement autrefois port\u00e9 comme protection contre les poisons et on pensait qu&#039;il \u00e9tait capable de neutraliser les poisons. <\/span><\/p>\n<p class=\"tw-data-text tw-ta tw-text-small\" dir=\"ltr\" data-placeholder=\"P\u0159eklad\"><span lang=\"en\" tabindex=\"0\">Au niveau mental, le grenat \u00e9limine la n\u00e9gativit\u00e9 et apaise la m\u00e9lancolie et la d\u00e9pression. Il apporte \u00e9galement du courage et de l&#039;espoir dans les moments critiques. Afin de prot\u00e9ger et de renforcer le courage, il \u00e9tait port\u00e9 par les crois\u00e9s lors de leurs exp\u00e9ditions en Terre Sainte, et aujourd&#039;hui, dans le m\u00eame but, les hommes d&#039;affaires portent des bijoux en grenat lors d&#039;importantes n\u00e9gociations.<\/span><\/p>\n<p class=\"tw-data-text tw-ta tw-text-small\" dir=\"ltr\" data-placeholder=\"P\u0159eklad\"><span lang=\"en\" tabindex=\"0\">\u00c9l\u00e9ment: <strong>Feu, Terre <\/strong><\/span><\/p>\n<p class=\"tw-data-text tw-ta tw-text-small\" dir=\"ltr\" data-placeholder=\"P\u0159eklad\"><span lang=\"en\" tabindex=\"0\">Signes du zodiaque: <strong>Capricorne, Verseau, Scorpion, Lion<\/strong><\/span><\/p>\n<p><span lang=\"en\" tabindex=\"0\">Le grenat ouvre une connexion rare entre le chakra racine et le chakra couronne, aide \u00e0 apporter et \u00e0 ancrer l&#039;\u00e9nergie mentale dans le corps physique.<\/span><\/p>\n<p><img loading=\"lazy\" decoding=\"async\" class=\"alignnone wp-image-72742\" src=\"https:\/\/trimakasi.cz\/wp-content\/uploads\/2018\/08\/\u010dakra1.jpg\" alt=\"Z\u00e1kladn\u00ed \u010dakra\" width=\"57\" height=\"62\" \/><img loading=\"lazy\" decoding=\"async\" class=\"alignnone wp-image-72749\" src=\"https:\/\/trimakasi.cz\/wp-content\/uploads\/2018\/07\/\u010dakra7.jpg\" alt=\"Korunni \u010dakra\" width=\"59\" height=\"65\" \/><\/p>\n<p><a href=\"https:\/\/trimakasi.eu\/fr\/vlog\/\"><u>Visitez notre blog vid\u00e9o pour d\u00e9couvrir les liens entre les pierres pr\u00e9cieuses, les signes du zodiaque, les chakras et bien plus encore.<\/u><\/a><\/p>","protected":false},"excerpt":{"rendered":"<p>Bracelet d\u00e9cent pour dames compos\u00e9 d&#039;un cordon en nylon de haute qualit\u00e9 et d&#039;une perle de pierres pr\u00e9cieuses naturelles Grenat.<\/p>\n<p>Sa taille ajustable et conviendra donc \u00e0 toutes les femmes.<\/p>\n<p>En savoir plus sur la pierre pr\u00e9cieuse Grenat ci-dessous.<\/p>","protected":false},"featured_media":76937,"comment_status":"open","ping_status":"closed","template":"","meta":{"_acf_changed":false,"_themeisle_gutenberg_block_has_review":false},"product_brand":[],"product_cat":[570,569,1316,1689,553],"product_tag":[],"class_list":{"0":"post-104280","1":"product","2":"type-product","3":"status-publish","4":"has-post-thumbnail","6":"product_cat-braided-bracelets-for-women","7":"product_cat-minimalist-jewellery-for-women","8":"product_cat-rare-gemstone-bracelets","9":"product_cat-simple-bracelets","10":"product_cat-womens-jewellery","12":"first","13":"instock","14":"taxable","15":"shipping-taxable","16":"purchasable","17":"product-type-variable","18":"has-default-attributes"},"acf":[],"_links":{"self":[{"href":"https:\/\/trimakasi.eu\/fr\/wp-json\/wp\/v2\/product\/104280","targetHints":{"allow":["GET"]}}],"collection":[{"href":"https:\/\/trimakasi.eu\/fr\/wp-json\/wp\/v2\/product"}],"about":[{"href":"https:\/\/trimakasi.eu\/fr\/wp-json\/wp\/v2\/types\/product"}],"replies":[{"embeddable":true,"href":"https:\/\/trimakasi.eu\/fr\/wp-json\/wp\/v2\/comments?post=104280"}],"wp:featuredmedia":[{"embeddable":true,"href":"https:\/\/trimakasi.eu\/fr\/wp-json\/wp\/v2\/media\/76937"}],"wp:attachment":[{"href":"https:\/\/trimakasi.eu\/fr\/wp-json\/wp\/v2\/media?parent=104280"}],"wp:term":[{"taxonomy":"product_brand","embeddable":true,"href":"https:\/\/trimakasi.eu\/fr\/wp-json\/wp\/v2\/product_brand?post=104280"},{"taxonomy":"product_cat","embeddable":true,"href":"https:\/\/trimakasi.eu\/fr\/wp-json\/wp\/v2\/product_cat?post=104280"},{"taxonomy":"product_tag","embeddable":true,"href":"https:\/\/trimakasi.eu\/fr\/wp-json\/wp\/v2\/product_tag?post=104280"}],"curies":[{"name":"wp","href":"https:\/\/api.w.org\/{rel}","templated":true}]}}