{"id":174928,"date":"2025-02-22T14:50:07","date_gmt":"2025-02-22T13:50:07","guid":{"rendered":"https:\/\/trimakasi.eu\/?page_id=174928"},"modified":"2025-09-23T12:39:21","modified_gmt":"2025-09-23T10:39:21","slug":"questions-frequemment-posees","status":"publish","type":"page","link":"https:\/\/trimakasi.eu\/fr\/frequently-asked-questions\/","title":{"rendered":"Questions fr\u00e9quemment pos\u00e9es"},"content":{"rendered":"<div class=\"banner-grid-wrapper\">\n  <div id=\"banner-grid-1426297497\" class=\"banner-grid row row-grid row-small row-box-shadow-5 row-box-shadow-3-hover row-full-width\" data-packery-options=\"\">\n                      \n<div class=\"col grid-col large-4 grid-col-1-2\" ><div class=\"col-inner box-shadow-3\">\n\n  <div class=\"banner has-hover\" id=\"banner-458563395\">\n          <div class=\"banner-inner fill\">\n        <div class=\"banner-bg fill\" >\n                                                \n                    <\/div>\n\t\t\n        <div class=\"banner-layers container\">\n            <a class=\"fill\" href=\"https:\/\/trimakasi.eu\/fr\/commandes-expedition-retours\/\"><div class=\"fill banner-link\"><\/div><\/a>            \n   <div id=\"text-box-127677852\" class=\"text-box banner-layer x50 md-x50 lg-x50 y50 md-y50 lg-y50 res-text\">\n                                <div class=\"text-box-content text dark\">\n              \n              <div class=\"text-inner text-center\">\n                  \n<h3><a href=\"https:\/\/trimakasi.eu\/fr\/commandes-expedition-retours\/\"><span style=\"font-size: 150%;\"><strong><span style=\"color: #282828;\">Questions sur les commandes et la livraison<\/span><\/strong><\/span><\/a><\/h3>\n<a href=\"https:\/\/trimakasi.eu\/fr\/commandes-expedition-retours\/\" class=\"button success is-shade is-larger box-shadow-3 box-shadow-4-hover\" style=\"border-radius:18px;\">\n\t\t<span>Apprendre encore plus<\/span>\n\t<\/a>\n\n              <\/div>\n           <\/div>\n                            \n<style>\n#text-box-127677852 {\n  width: 75%;\n}\n#text-box-127677852 .text-box-content {\n  font-size: 100%;\n}\n<\/style>\n    <\/div>\n \n        <\/div>\n      <\/div>\n\n            \n<style>\n#banner-458563395 {\n  padding-top: 500px;\n}\n<\/style>\n  <\/div>\n\n\n<\/div><\/div>\n<div class=\"col grid-col large-4 grid-col-1-2\" ><div class=\"col-inner\">\n\n  <div class=\"banner has-hover cakry\" id=\"banner-1768202644\">\n          <div class=\"banner-inner fill\">\n        <div class=\"banner-bg fill\" >\n                                                \n                    <\/div>\n\t\t\n        <div class=\"banner-layers container\">\n            <a class=\"fill\" href=\"https:\/\/trimakasi.eu\/fr\/pierres-precieuses-bijoux-questions-frequente\/\"><div class=\"fill banner-link\"><\/div><\/a>            \n   <div id=\"text-box-1555982673\" class=\"text-box banner-layer x50 md-x50 lg-x50 y50 md-y50 lg-y50 res-text\">\n                     <div data-animate=\"none\">           <div class=\"text-box-content text dark\">\n              \n              <div class=\"text-inner text-center\">\n                  \n<h3><a href=\"https:\/\/trimakasi.eu\/fr\/pierres-precieuses-bijoux-questions-frequente\/\"><span style=\"font-size: 150%;\"><strong><span style=\"color: #282828;\">Pierres pr\u00e9cieuses et bijoux \u2013 Tout ce que vous voulez savoir<\/span><\/strong><\/span><\/a><\/h3>\n<a href=\"https:\/\/trimakasi.eu\/fr\/pierres-precieuses-bijoux-questions-frequente\/\" class=\"button success is-shade is-larger box-shadow-3 box-shadow-4-hover\" style=\"border-radius:18px;\">\n\t\t<span>Apprendre encore plus<\/span>\n\t<\/a>\n\n              <\/div>\n           <\/div>\n       <\/div>                     \n<style>\n#text-box-1555982673 {\n  width: 80%;\n}\n#text-box-1555982673 .text-box-content {\n  font-size: 100%;\n}\n<\/style>\n    <\/div>\n \n        <\/div>\n      <\/div>\n\n            \n<style>\n#banner-1768202644 {\n  padding-top: 500px;\n}\n<\/style>\n  <\/div>\n\n\n<\/div><\/div>\n<div class=\"col grid-col large-4 grid-col-1-2\" ><div class=\"col-inner\">\n\n  <div class=\"banner has-hover sperk\" id=\"banner-657083496\">\n          <div class=\"banner-inner fill\">\n        <div class=\"banner-bg fill\" >\n                                                \n                    <\/div>\n\t\t\n        <div class=\"banner-layers container\">\n            <a class=\"fill\" href=\"https:\/\/trimakasi.eu\/fr\/bracelets-cadeaux-daffaires\/\"><div class=\"fill banner-link\"><\/div><\/a>            \n   <div id=\"text-box-38377405\" class=\"text-box banner-layer x50 md-x50 lg-x50 y50 md-y50 lg-y50 res-text\">\n                     <div data-animate=\"none\">           <div class=\"text-box-content text dark\">\n              \n              <div class=\"text-inner text-center\">\n                  \n<h3 class=\"entry-title\"><a href=\"https:\/\/trimakasi.eu\/fr\/bracelets-cadeaux-daffaires\/\" data-wplink-edit=\"true\"><span style=\"color: #000000; font-size: 150%;\"><b>Des bracelets comme cadeaux pour vos clients ou pour des \u00e9v\u00e9nements sp\u00e9ciaux<\/b><\/span><\/a><\/h3>\n<a href=\"https:\/\/trimakasi.eu\/fr\/bracelets-cadeaux-daffaires\/\" class=\"button success is-shade is-larger box-shadow-3 box-shadow-4-hover\" style=\"border-radius:18px;\">\n\t\t<span>Apprendre encore plus<\/span>\n\t<\/a>\n\n              <\/div>\n           <\/div>\n       <\/div>                     \n<style>\n#text-box-38377405 {\n  width: 72%;\n}\n#text-box-38377405 .text-box-content {\n  font-size: 100%;\n}\n<\/style>\n    <\/div>\n \n        <\/div>\n      <\/div>\n\n            \n<style>\n#banner-657083496 {\n  padding-top: 500px;\n}\n<\/style>\n  <\/div>\n\n\n<\/div><\/div>\n<div class=\"col grid-col large-4 grid-col-1-2\" ><div class=\"col-inner\">\n\n  <div class=\"banner has-hover lecive\" id=\"banner-1839227966\">\n          <div class=\"banner-inner fill\">\n        <div class=\"banner-bg fill\" >\n                                                \n                    <\/div>\n\t\t\n        <div class=\"banner-layers container\">\n            <a class=\"fill\" href=\"https:\/\/trimakasi.eu\/fr\/bijoux-faits-main-sur-mesure-2\/\"><div class=\"fill banner-link\"><\/div><\/a>            \n   <div id=\"text-box-750975715\" class=\"text-box banner-layer x50 md-x50 lg-x50 y50 md-y50 lg-y50 res-text\">\n                     <div data-animate=\"none\">           <div class=\"text-box-content text dark\">\n              \n              <div class=\"text-inner text-center\">\n                  \n<h3><a href=\"https:\/\/trimakasi.eu\/fr\/bijoux-faits-main-sur-mesure-2\/\"><span style=\"font-size: 150%;\"><strong><span style=\"color: #282828;\">Des bracelets personnalis\u00e9s\u00a0? Bien s\u00fbr, fabriqu\u00e9s selon vos sp\u00e9cifications\u00a0!<\/span><\/strong><\/span><\/a><\/h3>\n<a href=\"https:\/\/trimakasi.eu\/fr\/bijoux-faits-main-sur-mesure-2\/\" class=\"button success is-shade is-larger box-shadow-3 box-shadow-4-hover\" style=\"border-radius:18px;\">\n\t\t<span>Apprendre encore plus<\/span>\n\t<\/a>\n\n              <\/div>\n           <\/div>\n       <\/div>                     \n<style>\n#text-box-750975715 {\n  width: 87%;\n}\n#text-box-750975715 .text-box-content {\n  font-size: 100%;\n}\n<\/style>\n    <\/div>\n \n        <\/div>\n      <\/div>\n\n            \n<style>\n#banner-1839227966 {\n  padding-top: 500px;\n}\n<\/style>\n  <\/div>\n\n\n<\/div><\/div>\n<div class=\"col grid-col large-4 grid-col-1-2\" ><div class=\"col-inner\">\n\n  <div class=\"banner has-hover dobarvene\" id=\"banner-1976839496\">\n          <div class=\"banner-inner fill\">\n        <div class=\"banner-bg fill\" >\n                                                \n                    <\/div>\n\t\t\n        <div class=\"banner-layers container\">\n            <a class=\"fill\" href=\"https:\/\/trimakasi.eu\/fr\/comment-choisir-la-taille-du-bracelet\/\"><div class=\"fill banner-link\"><\/div><\/a>            \n   <div id=\"text-box-1660839721\" class=\"text-box banner-layer x50 md-x50 lg-x50 y50 md-y50 lg-y50 res-text\">\n                     <div data-animate=\"none\">           <div class=\"text-box-content text dark\">\n              \n              <div class=\"text-inner text-center\">\n                  \n<h3 class=\"entry-title\"><span style=\"font-size: 150%;\"><a href=\"https:\/\/trimakasi.eu\/fr\/comment-choisir-la-taille-du-bracelet\/\"><span style=\"color: #000000;\"><strong>Comment choisir la bonne taille de bracelet ? <\/strong><\/span><\/a><\/span><\/h3>\n<a href=\"https:\/\/trimakasi.eu\/fr\/comment-choisir-la-taille-du-bracelet\/\" class=\"button success is-shade is-larger box-shadow-3 box-shadow-4-hover\" style=\"border-radius:18px;\">\n\t\t<span>Apprendre encore plus<\/span>\n\t<\/a>\n\n              <\/div>\n           <\/div>\n       <\/div>                     \n<style>\n#text-box-1660839721 {\n  width: 81%;\n}\n#text-box-1660839721 .text-box-content {\n  font-size: 100%;\n}\n<\/style>\n    <\/div>\n \n        <\/div>\n      <\/div>\n\n            \n<style>\n#banner-1976839496 {\n  padding-top: 500px;\n}\n<\/style>\n  <\/div>\n\n\n<\/div><\/div>\n<div class=\"col grid-col large-4 grid-col-1-2\" ><div class=\"col-inner\">\n\n  <div class=\"banner has-hover nahrdel\" id=\"banner-1851042570\">\n          <div class=\"banner-inner fill\">\n        <div class=\"banner-bg fill\" >\n                                                \n                    <\/div>\n\t\t\n        <div class=\"banner-layers container\">\n            <a class=\"fill\" href=\"https:\/\/trimakasi.eu\/fr\/comment-choisir-la-taille-de-la-bague\/\"><div class=\"fill banner-link\"><\/div><\/a>            \n   <div id=\"text-box-195573823\" class=\"text-box banner-layer x50 md-x50 lg-x50 y50 md-y50 lg-y50 res-text\">\n                     <div data-animate=\"none\">           <div class=\"text-box-content text dark\">\n              \n              <div class=\"text-inner text-center\">\n                  \n<h3><span style=\"font-size: 150%;\"><a href=\"https:\/\/trimakasi.eu\/fr\/comment-choisir-la-taille-de-la-bague\/\"><strong><span style=\"color: #282828;\">Comment choisir la bonne taille de bague ?<\/span><\/strong><\/a><\/span><\/h3>\n<a href=\"https:\/\/trimakasi.eu\/fr\/comment-choisir-la-taille-de-la-bague\/\" class=\"button success is-shade is-larger box-shadow-3 box-shadow-4-hover\" style=\"border-radius:18px;\">\n\t\t<span>Apprendre encore plus<\/span>\n\t<\/a>\n\n              <\/div>\n           <\/div>\n       <\/div>                     \n<style>\n#text-box-195573823 {\n  width: 72%;\n}\n#text-box-195573823 .text-box-content {\n  font-size: 100%;\n}\n<\/style>\n    <\/div>\n \n        <\/div>\n      <\/div>\n\n            \n<style>\n#banner-1851042570 {\n  padding-top: 500px;\n}\n<\/style>\n  <\/div>\n\n\n<\/div><\/div>\n            <\/div>\n    <style>\n    #banner-grid-1426297497 .grid-col-1{height: 560px}\n    #banner-grid-1426297497 .grid-col-1-2{height: 280px}\n    #banner-grid-1426297497 .grid-col-1-3{height:186.66666666667px}\n    #banner-grid-1426297497 .grid-col-2-3{height: 373.33333333333px}\n    #banner-grid-1426297497 .grid-col-1-4{height: 140px}\n    #banner-grid-1426297497 .grid-col-3-4{height: 420px}\n\n\n    \n    \n\n  <\/style>\n    <\/div>\n  \n\t<div id=\"gap-1427149153\" class=\"gap-element clearfix\" style=\"display:block; height:auto;\">\n\t\t\n<style>\n#gap-1427149153 {\n  padding-top: 14px;\n}\n<\/style>\n\t<\/div>\n\t\n\t<div id=\"gap-187928642\" class=\"gap-element clearfix\" style=\"display:block; height:auto;\">\n\t\t\n<style>\n#gap-187928642 {\n  padding-top: 14px;\n}\n<\/style>\n\t<\/div>","protected":false},"excerpt":{"rendered":"","protected":false},"author":2,"featured_media":0,"parent":0,"menu_order":0,"comment_status":"closed","ping_status":"closed","template":"","meta":{"_acf_changed":false,"_themeisle_gutenberg_block_has_review":false,"footnotes":""},"class_list":["post-174928","page","type-page","status-publish","hentry"],"acf":[],"_links":{"self":[{"href":"https:\/\/trimakasi.eu\/fr\/wp-json\/wp\/v2\/pages\/174928","targetHints":{"allow":["GET"]}}],"collection":[{"href":"https:\/\/trimakasi.eu\/fr\/wp-json\/wp\/v2\/pages"}],"about":[{"href":"https:\/\/trimakasi.eu\/fr\/wp-json\/wp\/v2\/types\/page"}],"author":[{"embeddable":true,"href":"https:\/\/trimakasi.eu\/fr\/wp-json\/wp\/v2\/users\/2"}],"replies":[{"embeddable":true,"href":"https:\/\/trimakasi.eu\/fr\/wp-json\/wp\/v2\/comments?post=174928"}],"version-history":[{"count":10,"href":"https:\/\/trimakasi.eu\/fr\/wp-json\/wp\/v2\/pages\/174928\/revisions"}],"predecessor-version":[{"id":175488,"href":"https:\/\/trimakasi.eu\/fr\/wp-json\/wp\/v2\/pages\/174928\/revisions\/175488"}],"wp:attachment":[{"href":"https:\/\/trimakasi.eu\/fr\/wp-json\/wp\/v2\/media?parent=174928"}],"curies":[{"name":"wp","href":"https:\/\/api.w.org\/{rel}","templated":true}]}}