{"id":163473,"date":"2022-02-24T23:47:33","date_gmt":"2022-02-24T22:47:33","guid":{"rendered":"https:\/\/trimakasi.eu\/?page_id=163473"},"modified":"2025-09-23T12:39:35","modified_gmt":"2025-09-23T10:39:35","slug":"comment-choisir-la-taille-de-la-bague","status":"publish","type":"page","link":"https:\/\/trimakasi.eu\/fr\/how-to-choose-the-ring-size\/","title":{"rendered":"Comment choisir la taille de bague ?"},"content":{"rendered":"<div class=\"row\"  id=\"row-794456489\">\n\n\t<div id=\"col-259304298\" class=\"col medium-4 small-12 large-4\"  >\n\t\t\t\t<div class=\"col-inner\"  >\n\t\t\t\n\t\t\t\n\t<div class=\"img has-hover x md-x lg-x y md-y lg-y\" id=\"image_872308753\">\n\t\t\t\t\t\t\t\t<div class=\"img-inner dark\" >\n\t\t\t<img loading=\"lazy\" decoding=\"async\" width=\"476\" height=\"663\" src=\"https:\/\/trimakasi.eu\/wp-content\/uploads\/220309_obrazek-ruce-provazek-komplet.jpg\" class=\"attachment-large size-large\" alt=\"Comment choisir la taille de bague\" srcset=\"https:\/\/trimakasi.eu\/wp-content\/uploads\/220309_obrazek-ruce-provazek-komplet.jpg 476w, https:\/\/trimakasi.eu\/wp-content\/uploads\/220309_obrazek-ruce-provazek-komplet-215x300.jpg 215w, https:\/\/trimakasi.eu\/wp-content\/uploads\/220309_obrazek-ruce-provazek-komplet-9x12.jpg 9w\" sizes=\"auto, (max-width: 476px) 100vw, 476px\" \/>\t\t\t\t\t\t\n\t\t\t\t\t<\/div>\n\t\t\t\t\t\t\t\t\n<style>\n#image_872308753 {\n  width: 100%;\n}\n<\/style>\n\t<\/div>\n\t\n\t\t<\/div>\n\t\t\t\t\t<\/div>\n\n\t\n\n\t<div id=\"col-668505147\" class=\"col medium-8 small-12 large-8\"  >\n\t\t\t\t<div class=\"col-inner\"  >\n\t\t\t\n\t\t\t\n<div class=\"row\"  id=\"row-339050554\">\n\n\t<div id=\"col-1040490981\" class=\"col small-12 large-12\"  >\n\t\t\t\t<div class=\"col-inner\"  >\n\t\t\t\n\t\t\t\n  <div id=\"page-header-548863548\" class=\"page-header-wrapper\">\n  <div class=\"page-title light simple-title\">\n\n    \n    <div class=\"page-title-inner container align-center text-center flex-row-col medium-flex-wrap\" >\n              <div class=\"title-wrapper flex-col\">\n          <h1 class=\"entry-title mb-0\">\n            Comment choisir la taille de bague ?          <\/h1>\n        <\/div>\n                    <div class=\"title-content flex-col\">\n              <\/div>\n    <\/div>\n\n       <\/div>\n    <\/div>\n  \n<div class=\"is-divider divider clearfix\" style=\"height:1px;\"><\/div>\n<p>Tout d&#039;abord, mesurez la circonf\u00e9rence de votre doigt avec le m\u00e8tre de couture. C&#039;est le moyen le plus simple de d\u00e9terminer la taille de la bague. Le compteur ne doit pas \u00eatre trop serr\u00e9 ou trop l\u00e2che. Si vous ne disposez pas d&#039;un m\u00e8tre de couture, utilisez simplement un morceau de ficelle ou un morceau de papier. Apr\u00e8s avoir mesur\u00e9 le doigt avec, mesurez simplement la longueur de la ficelle ou du papier utilis\u00e9 avec une r\u00e8gle. Choisissez ensuite votre taille de doigt mesur\u00e9e dans notre tableau ci-dessous :<\/p>\n<div class=\"row\"  id=\"row-591427687\">\n\n\t<div id=\"col-324250955\" class=\"col medium-7 small-12 large-7\"  >\n\t\t\t\t<div class=\"col-inner\"  >\n\t\t\t\n\t\t\t\n<table style=\"height: 235px;\" width=\"214\">\n<tbody>\n<tr>\n<td colspan=\"2\">\n<div style=\"text-align: center;\">BAGUES TRIMAKASI<\/div>\n<div style=\"text-align: center;\"><\/div>\n<div style=\"text-align: center;\">(circonf\u00e9rence du doigt en millim\u00e8tres)<\/div>\n<\/td>\n<\/tr>\n<tr>\n<td>\u00c9tats-Unis 9<\/td>\n<td>58,9mm<\/td>\n<\/tr>\n<tr>\n<td>NOUS 10<\/td>\n<td>61,4mm<\/td>\n<\/tr>\n<tr>\n<td>NOUS 11<\/td>\n<td>64mm<\/td>\n<\/tr>\n<tr>\n<td>NOUS 12<\/td>\n<td>66,6mm<\/td>\n<\/tr>\n<\/tbody>\n<\/table>\n\t\t<\/div>\n\t\t\t\t\t<\/div>\n\n\t\n<\/div>\n\t\t<\/div>\n\t\t\t\t\t<\/div>\n\n\t\n<\/div>\n\t\t<\/div>\n\t\t\t\t\t<\/div>\n\n\t\n<\/div>","protected":false},"excerpt":{"rendered":"","protected":false},"author":2,"featured_media":0,"parent":0,"menu_order":0,"comment_status":"closed","ping_status":"closed","template":"","meta":{"_acf_changed":false,"_themeisle_gutenberg_block_has_review":false,"footnotes":""},"class_list":["post-163473","page","type-page","status-publish","hentry"],"acf":[],"_links":{"self":[{"href":"https:\/\/trimakasi.eu\/fr\/wp-json\/wp\/v2\/pages\/163473","targetHints":{"allow":["GET"]}}],"collection":[{"href":"https:\/\/trimakasi.eu\/fr\/wp-json\/wp\/v2\/pages"}],"about":[{"href":"https:\/\/trimakasi.eu\/fr\/wp-json\/wp\/v2\/types\/page"}],"author":[{"embeddable":true,"href":"https:\/\/trimakasi.eu\/fr\/wp-json\/wp\/v2\/users\/2"}],"replies":[{"embeddable":true,"href":"https:\/\/trimakasi.eu\/fr\/wp-json\/wp\/v2\/comments?post=163473"}],"version-history":[{"count":1,"href":"https:\/\/trimakasi.eu\/fr\/wp-json\/wp\/v2\/pages\/163473\/revisions"}],"predecessor-version":[{"id":175797,"href":"https:\/\/trimakasi.eu\/fr\/wp-json\/wp\/v2\/pages\/163473\/revisions\/175797"}],"wp:attachment":[{"href":"https:\/\/trimakasi.eu\/fr\/wp-json\/wp\/v2\/media?parent=163473"}],"curies":[{"name":"wp","href":"https:\/\/api.w.org\/{rel}","templated":true}]}}