{"id":83267,"date":"2022-11-08T19:50:34","date_gmt":"2022-11-08T18:50:34","guid":{"rendered":"https:\/\/trimakasi.eu\/product\/damsky-set-21-ametyst\/"},"modified":"2025-12-28T22:15:52","modified_gmt":"2025-12-28T21:15:52","slug":"conjunto-mujer-amatista-2-1","status":"publish","type":"product","link":"https:\/\/trimakasi.eu\/es\/product\/amethyst-womens-jewellery-set\/","title":{"rendered":"Conjunto de joyas de mujer con amatista: \u00a11+1 gratis!"},"content":{"rendered":"<h3>Amatista<\/h3>\n<p>Este cuarzo cristalizado de color p\u00farpura era una piedra preciosa muy valorada hasta el descubrimiento de grandes dep\u00f3sitos en Am\u00e9rica Latina. El color p\u00farpura siempre se ha considerado como uno de los s\u00edmbolos del estatus real, por lo que la amatista se ha convertido en parte de varias joyas de coronaci\u00f3n. Mirando hacia atr\u00e1s en la historia, podemos descubrir que mientras los antiguos egipcios llevaban la amatista a batallas para aumentar el coraje, en la Edad Media los reyes y obispos la usaban como s\u00edmbolo de majestad.<\/p>\n<p>La amatista es un s\u00edmbolo de una serie de cualidades positivas como la prosperidad, el coraje, la pureza mental y la amistad. Por ejemplo, Leonardo Da Vinci cre\u00eda que esta piedra ayuda a controlar los malos pensamientos, fortalece la inteligencia, acelera el pensamiento y ayuda a las personas a obtener un resultado positivo durante las negociaciones comerciales. La palabra hebrea para amatista &quot;aklamah&quot; es la misma palabra para &quot;el sue\u00f1o&quot;, que expresa la capacidad de esta piedra para incitar sue\u00f1os y visiones espec\u00edficas.<\/p>\n<p>Signo del zodiaco:\u00a0<strong>Acuario tambi\u00e9n disponible para: Virgo, Sagitario, Capricornio, Piscis<\/strong><\/p>\n<p>Elemento: <strong>Agua, aire, \u00e9ter<\/strong><\/p>\n<p>La pulsera armoniza el chakra del tercer ojo y el chakra de la corona.<\/p>\n<p><img loading=\"lazy\" decoding=\"async\" class=\"alignnone wp-image-72748\" src=\"https:\/\/trimakasi.cz\/wp-content\/uploads\/2018\/07\/%C4%8Dakra6.jpg\" alt=\"\" width=\"70\" height=\"67\" \/><img loading=\"lazy\" decoding=\"async\" class=\"alignnone wp-image-72749\" src=\"https:\/\/trimakasi.cz\/wp-content\/uploads\/2018\/07\/%C4%8Dakra7.jpg\" alt=\"\" width=\"67\" height=\"74\" \/><\/p>","protected":false},"excerpt":{"rendered":"<p>Descubre la magia de la amatista y ll\u00e9vate de regalo un precioso collar de amatista para mujer, con una elegante pulsera de cord\u00f3n. El juego de joyas viene empaquetado en una exclusiva caja de regalo rosa, lo que lo convierte en un regalo ideal para usted o sus seres queridos.<\/p>\n<p>Este conjunto de piedras preciosas no s\u00f3lo proporciona armon\u00eda est\u00e9tica sino que tambi\u00e9n combina el simbolismo m\u00edstico de la amatista con el color dorado del metal. Obtenga m\u00e1s informaci\u00f3n sobre la amatista a continuaci\u00f3n.<\/p>\n<p>La pulsera minimalista, gracias a su tama\u00f1o ajustable, se adapta a todas las mujeres.<\/p>\n<p>La cadena de oro est\u00e1 hecha de acero inoxidable y tiene una longitud de cadena de 44 cm.<\/p>\n<p>Las dimensiones de la piedra son aproximadamente: 1,3 cm x 1,5 cm.<\/p>","protected":false},"featured_media":173774,"comment_status":"open","ping_status":"closed","template":"","meta":{"_acf_changed":false,"_themeisle_gutenberg_block_has_review":false},"product_brand":[],"product_cat":[1686,1714,569,1690,1149,1689,553],"product_tag":[],"class_list":{"0":"post-83267","1":"product","2":"type-product","3":"status-publish","4":"has-post-thumbnail","6":"product_cat-jewellery-sets","7":"product_cat-jewellery-discounts","8":"product_cat-minimalist-jewellery-for-women","9":"product_cat-necklaces","10":"product_cat-necklaces-for-women","11":"product_cat-simple-bracelets","12":"product_cat-womens-jewellery","14":"first","15":"instock","16":"taxable","17":"shipping-taxable","18":"purchasable","19":"product-type-simple"},"acf":[],"_links":{"self":[{"href":"https:\/\/trimakasi.eu\/es\/wp-json\/wp\/v2\/product\/83267","targetHints":{"allow":["GET"]}}],"collection":[{"href":"https:\/\/trimakasi.eu\/es\/wp-json\/wp\/v2\/product"}],"about":[{"href":"https:\/\/trimakasi.eu\/es\/wp-json\/wp\/v2\/types\/product"}],"replies":[{"embeddable":true,"href":"https:\/\/trimakasi.eu\/es\/wp-json\/wp\/v2\/comments?post=83267"}],"wp:featuredmedia":[{"embeddable":true,"href":"https:\/\/trimakasi.eu\/es\/wp-json\/wp\/v2\/media\/173774"}],"wp:attachment":[{"href":"https:\/\/trimakasi.eu\/es\/wp-json\/wp\/v2\/media?parent=83267"}],"wp:term":[{"taxonomy":"product_brand","embeddable":true,"href":"https:\/\/trimakasi.eu\/es\/wp-json\/wp\/v2\/product_brand?post=83267"},{"taxonomy":"product_cat","embeddable":true,"href":"https:\/\/trimakasi.eu\/es\/wp-json\/wp\/v2\/product_cat?post=83267"},{"taxonomy":"product_tag","embeddable":true,"href":"https:\/\/trimakasi.eu\/es\/wp-json\/wp\/v2\/product_tag?post=83267"}],"curies":[{"name":"wp","href":"https:\/\/api.w.org\/{rel}","templated":true}]}}