{"id":83123,"date":"2021-07-08T22:45:39","date_gmt":"2021-07-08T20:45:39","guid":{"rendered":"https:\/\/trimakasi.eu\/product\/sungit-naramek\/"},"modified":"2026-01-21T23:12:35","modified_gmt":"2026-01-21T22:12:35","slug":"shungite","status":"publish","type":"product","link":"https:\/\/trimakasi.eu\/es\/product\/shungite\/","title":{"rendered":"Pulsera de Shungit"},"content":{"rendered":"<h3>Shungit \u2013 propiedades<\/h3>\n<p>La shungita es una roca misteriosa, negra y parecida al carb\u00f3n que se utiliza tradicionalmente para purificar el agua, pero tambi\u00e9n se utiliza ampliamente con fines m\u00e9dicos. Disipa todo lo da\u00f1ino para los humanos, absorbe eficazmente la radiaci\u00f3n electromagn\u00e9tica y neutraliza las zonas geopatog\u00e9nicas. Hasta hoy, los cient\u00edficos especulan sobre el origen de la Shungita: solo se puede encontrar en un lugar del mundo: en la Carelia rusa.<\/p>\n<p>Los cient\u00edficos suponen que debido a su contenido de fullereno, tiene origen extraterrestre Shungit. Los fullerenos son uno de los mayores descubrimientos del siglo XX, que incluso ha sido galardonado con el Premio Nobel. Es una cuarta forma de carbono reci\u00e9n descubierta (adem\u00e1s del diamante, el grafito y el grafeno), que apenas se encuentra en la naturaleza en su forma natural.<\/p>\n<p>Las posibilidades de uso curativo de la shungita son realmente amplias, pero se valora especialmente por sus capacidades de limpieza. Investigaciones cient\u00edficas recientes han demostrado que esta piedra en el agua mata una amplia gama de bacterias y virus. Adem\u00e1s, su superficie probablemente absorbe o descompone una serie de sustancias t\u00f3xicas para el cuerpo humano. Seg\u00fan la leyenda, este efecto de la piedra se descubri\u00f3 en 1709 durante la batalla de Poltava entre rusos y suecos. Durante el caluroso verano de ese a\u00f1o, todos los recursos h\u00eddricos disponibles se contaminaron y todo el ej\u00e9rcito sueco, incluido su rey, se debilit\u00f3 debido a problemas digestivos. Los rusos, que ya estaban experimentando con las propiedades limpiadoras de la shungit en ese momento, no mostraron ning\u00fan problema de salud, y esto supuestamente contribuy\u00f3 a sus victorias finales.<\/p>\n<p>Elemento:\u00a0<strong>tierra<\/strong><\/p>\n<p>Pa\u00eds de origen: <strong>Rep\u00fablica de Karelia, Federaci\u00f3n Rusa<\/strong><\/p>\n<p class=\"tw-data-text tw-text-large XcVN5d tw-ta\" dir=\"ltr\" data-placeholder=\"P\u0159eklad\"><span lang=\"en\">Signos del zodiaco:<strong> Los efectos limpiadores de la shungit son adecuados para todos los signos.<\/strong><\/span><\/p>\n<p>Esta pulsera armoniza el chakra de la ra\u00edz.<\/p>\n<p><img loading=\"lazy\" decoding=\"async\" class=\"alignnone size-full wp-image-72742\" src=\"https:\/\/trimakasi.cz\/wp-content\/uploads\/2018\/08\/\u010dakra1.jpg\" alt=\"Z\u00e1kladn\u00ed \u010dakra\" width=\"81\" height=\"88\" \/><u><\/u><\/p>\n<p><a href=\"https:\/\/trimakasi.eu\/es\/vlog\/\"><u>Visita nuestro video blog para descubrir las conexiones entre piedras preciosas, signos del zod\u00edaco, chakras y mucho m\u00e1s.<\/u><\/a><\/p>","protected":false},"excerpt":{"rendered":"<p>La shungita es una piedra curativa con fuertes efectos limpiadores. Gracias a su composici\u00f3n \u00fanica, tiene una serie de usos, como la depuraci\u00f3n de agua o la neutralizaci\u00f3n de zonas geopatog\u00e9nicas. Obtenga m\u00e1s informaci\u00f3n sobre las propiedades de esta piedra a continuaci\u00f3n.<\/p>\n<p>Elija una pulsera por su tama\u00f1o y por el color de la \u00faltima cuenta.\u00a0<a href=\"https:\/\/trimakasi.eu\/es\/como-elegir-la-talla-de-pulsera\/\">Las instrucciones sobre c\u00f3mo determinar correctamente el tama\u00f1o se pueden encontrar aqu\u00ed.<\/a><\/p>","protected":false},"featured_media":81090,"comment_status":"open","ping_status":"closed","template":"","meta":{"_acf_changed":false,"_themeisle_gutenberg_block_has_review":false},"product_brand":[],"product_cat":[1687,1064,1068,554,553],"product_tag":[],"class_list":{"0":"post-83123","1":"product","2":"type-product","3":"status-publish","4":"has-post-thumbnail","6":"product_cat-elastic-bracelets","7":"product_cat-mens-jewellery","8":"product_cat-natural-gemstone-bracelets-for-men","9":"product_cat-natural-gemstone-bracelets","10":"product_cat-womens-jewellery","12":"first","13":"instock","14":"taxable","15":"shipping-taxable","16":"purchasable","17":"product-type-variable","18":"has-default-attributes"},"acf":[],"_links":{"self":[{"href":"https:\/\/trimakasi.eu\/es\/wp-json\/wp\/v2\/product\/83123","targetHints":{"allow":["GET"]}}],"collection":[{"href":"https:\/\/trimakasi.eu\/es\/wp-json\/wp\/v2\/product"}],"about":[{"href":"https:\/\/trimakasi.eu\/es\/wp-json\/wp\/v2\/types\/product"}],"replies":[{"embeddable":true,"href":"https:\/\/trimakasi.eu\/es\/wp-json\/wp\/v2\/comments?post=83123"}],"wp:featuredmedia":[{"embeddable":true,"href":"https:\/\/trimakasi.eu\/es\/wp-json\/wp\/v2\/media\/81090"}],"wp:attachment":[{"href":"https:\/\/trimakasi.eu\/es\/wp-json\/wp\/v2\/media?parent=83123"}],"wp:term":[{"taxonomy":"product_brand","embeddable":true,"href":"https:\/\/trimakasi.eu\/es\/wp-json\/wp\/v2\/product_brand?post=83123"},{"taxonomy":"product_cat","embeddable":true,"href":"https:\/\/trimakasi.eu\/es\/wp-json\/wp\/v2\/product_cat?post=83123"},{"taxonomy":"product_tag","embeddable":true,"href":"https:\/\/trimakasi.eu\/es\/wp-json\/wp\/v2\/product_tag?post=83123"}],"curies":[{"name":"wp","href":"https:\/\/api.w.org\/{rel}","templated":true}]}}