{"id":83110,"date":"2021-02-25T22:45:39","date_gmt":"2021-02-25T21:45:39","guid":{"rendered":"https:\/\/trimakasi.eu\/product\/Trimakasi-naramek-chryzokol\/"},"modified":"2026-04-02T09:27:47","modified_gmt":"2026-04-02T07:27:47","slug":"pulsera-trenzada-crizocolla","status":"publish","type":"product","link":"https:\/\/trimakasi.eu\/es\/product\/chryzocolla-braided-bracelet\/","title":{"rendered":"Pulsera trenzada Chryzocolla"},"content":{"rendered":"<h3>Pulseras trenzadas Trimakasi<\/h3>\n<p>Pulseras de lujo artesanales que combinan espiritualidad y modernidad. Las pulseras Trimakasi son talismanes de gratitud, equilibrio y esperanza, que te recargar\u00e1n de energ\u00eda positiva incluso durante los d\u00edas m\u00e1s oscuros.<\/p>\n<p>Las pulseras trenzadas Trimakasi est\u00e1n hechas de cord\u00f3n de nylon de la m\u00e1s alta calidad atado con gui\u00f1os especiales. Contienen el poder oculto de la naturaleza en las cuentas hechas de piedras preciosas naturales.<\/p>\n<h3>Crisocola<\/h3>\n<p>Chryzocolla es una piedra de comunicaci\u00f3n. Las tranquilas vibraciones de su color turquesa disuelven la energ\u00eda negativa y enfatizan el poder de nuestras palabras, fortaleciendo as\u00ed nuestro carisma. Este mineral tambi\u00e9n ayuda a expresar nuestras ideas m\u00e1s creativas y complejas. En el antiguo Egipto, la fue chryzocolla llamada la &quot;Piedra de los sabios&quot;, porque se cre\u00eda que pod\u00eda estimular la mente, y se dec\u00eda que quienes llevaban esta piedra pod\u00edan resolver problemas con ingeniosos compromisos.<\/p>\n<p>La crizocolla era la piedra favorita de Cleopatra y siempre lleva consigo algunas joyas hechas de crizocolla. Esta piedra semipreciosa probablemente la ayud\u00f3 con sus vibraciones relajantes y apoy\u00f3 su creatividad en negociaciones exitosas con los diplom\u00e1ticos y gobernantes de los imperios que rodeaban Egipto en ese momento. Los indios norteamericanos usaban la crisocola como piedra curativa para acelerar el tratamiento de una variedad de enfermedades y tambi\u00e9n como amuleto para la prevenci\u00f3n. Muchos de los signos del zodiaco pueden beneficiarse de las propiedades calmantes de esta piedra.<\/p>\n<p>Pa\u00eds de origen: <strong>M\u00e9xico<\/strong><\/p>\n<p>Elemento: <strong>Tierra agua<\/strong><\/p>\n<p>Signos del zodiaco: <strong>Sagitario, Tauro, C\u00e1ncer, Acuario, Libra, G\u00e9minis y Virgo<\/strong><\/p>\n<p>Esta piedra armoniza el chakra del coraz\u00f3n y el chakra de la garganta.<\/p>\n<p><img loading=\"lazy\" decoding=\"async\" class=\"alignnone wp-image-72747\" src=\"https:\/\/trimakasi.cz\/wp-content\/uploads\/2018\/07\/\u010dakra5.jpg\" alt=\"Hrdeln\u00ed \u010dakra\" width=\"69\" height=\"74\" \/><img loading=\"lazy\" decoding=\"async\" class=\"alignnone wp-image-72746\" src=\"https:\/\/trimakasi.cz\/wp-content\/uploads\/2018\/07\/\u010dakra4.jpg\" alt=\"Srde\u010dn\u00ed \u010dakra\" width=\"64\" height=\"75\" \/><\/p>\n<p><a href=\"https:\/\/trimakasi.eu\/es\/vlog\/\"><u>Visita nuestro video blog para descubrir las conexiones entre piedras preciosas, signos del zod\u00edaco, chakras y mucho m\u00e1s.<\/u><\/a><\/p>","protected":false},"excerpt":{"rendered":"<p>Chryzocolla \/ chryzokol es una piedra preciosa natural que es una alternativa asequible a la piedra preciosa turquesa rara y de aspecto similar. Es una piedra curativa muy fuerte. Obtenga m\u00e1s informaci\u00f3n sobre las propiedades de esta piedra a continuaci\u00f3n.<\/p>\n<p>Pulsera trenzada que se puede ajustar por talla, pero recomendamos elegirla seg\u00fan el tama\u00f1o de la circunferencia de tu mu\u00f1eca.\u00a0<u><a href=\"https:\/\/trimakasi.eu\/es\/como-elegir-la-talla-de-pulsera\/\">Instrucciones sobre c\u00f3mo determinar correctamente t<\/a><\/u><u><\/u><a href=\"https:\/\/trimakasi.eu\/es\/como-elegir-la-talla-de-pulsera\/\"><u>El tama\u00f1o se puede encontrar aqu\u00ed<\/u><\/a><\/p>","protected":false},"featured_media":81074,"comment_status":"open","ping_status":"closed","template":"","meta":{"_acf_changed":false,"_themeisle_gutenberg_block_has_review":false},"product_brand":[],"product_cat":[1688,1069,1064,1316],"product_tag":[],"class_list":{"0":"post-83110","1":"product","2":"type-product","3":"status-publish","4":"has-post-thumbnail","6":"product_cat-braided-bracelets","7":"product_cat-braided-bracelets-for-men","8":"product_cat-mens-jewellery","9":"product_cat-rare-gemstone-bracelets","11":"first","12":"instock","13":"taxable","14":"shipping-taxable","15":"purchasable","16":"product-type-variable","17":"has-default-attributes"},"acf":[],"_links":{"self":[{"href":"https:\/\/trimakasi.eu\/es\/wp-json\/wp\/v2\/product\/83110","targetHints":{"allow":["GET"]}}],"collection":[{"href":"https:\/\/trimakasi.eu\/es\/wp-json\/wp\/v2\/product"}],"about":[{"href":"https:\/\/trimakasi.eu\/es\/wp-json\/wp\/v2\/types\/product"}],"replies":[{"embeddable":true,"href":"https:\/\/trimakasi.eu\/es\/wp-json\/wp\/v2\/comments?post=83110"}],"wp:featuredmedia":[{"embeddable":true,"href":"https:\/\/trimakasi.eu\/es\/wp-json\/wp\/v2\/media\/81074"}],"wp:attachment":[{"href":"https:\/\/trimakasi.eu\/es\/wp-json\/wp\/v2\/media?parent=83110"}],"wp:term":[{"taxonomy":"product_brand","embeddable":true,"href":"https:\/\/trimakasi.eu\/es\/wp-json\/wp\/v2\/product_brand?post=83110"},{"taxonomy":"product_cat","embeddable":true,"href":"https:\/\/trimakasi.eu\/es\/wp-json\/wp\/v2\/product_cat?post=83110"},{"taxonomy":"product_tag","embeddable":true,"href":"https:\/\/trimakasi.eu\/es\/wp-json\/wp\/v2\/product_tag?post=83110"}],"curies":[{"name":"wp","href":"https:\/\/api.w.org\/{rel}","templated":true}]}}