{"id":83104,"date":"2023-10-08T22:45:39","date_gmt":"2023-10-08T20:45:39","guid":{"rendered":"https:\/\/trimakasi.eu\/product\/rusky-nefrit-naramek\/"},"modified":"2026-01-20T19:05:37","modified_gmt":"2026-01-20T18:05:37","slug":"ruso-jade","status":"publish","type":"product","link":"https:\/\/trimakasi.eu\/es\/product\/russian-jade\/","title":{"rendered":"Brazalete de jade ruso (nefrita)"},"content":{"rendered":"<h3>Jade \u2013 propiedades<\/h3>\n<p>El jade verde es una piedra curativa muy poderosa que libera pensamientos negativos. Usar jade verde como talism\u00e1n puede proteger contra el fracaso y la desgracia. El jade protege contra las enfermedades al potenciar las fuerzas vitales del cuerpo humano. Por sus efectos rejuvenecedores, recibe el sobrenombre de &quot;Piedra de la eterna juventud&quot;. Jade recibi\u00f3 su nombre de la palabra griega &quot;nephros&quot;, que significa &quot;ri\u00f1\u00f3n&quot;. Se cre\u00eda que el jade ten\u00eda un efecto beneficioso sobre este \u00f3rgano, que desintoxica el cuerpo.<\/p>\n<p>En Asia, el jade y la jade\u00edta siempre han sido adorados como piedras nobles, principalmente porque estas dos piedras tienen una apariencia y propiedades muy similares. En la antigua China el jade, debido a su uso en medicina, estaba sujeto a una estricta ley que dec\u00eda que cualquiera que destruyera un objeto hecho de este mineral, ser\u00eda castigado con la muerte. Los chinos cre\u00edan que el jade era una cura para todas las enfermedades, y por eso era la piedra angular b\u00e1sica de la medicina china. Como parte tradicional de la cultura china, el jade tambi\u00e9n fue tallado en varios amuletos y estatuas, y las m\u00e1s famosas fueron las estatuas de dragones que adornaban el palacio del emperador chino.<\/p>\n<p>Lugar de origen: <strong>Rusia<\/strong><\/p>\n<p>Elemento: <strong>tierra<\/strong><\/p>\n<p>Signos del zodiaco: <strong>G\u00e9minis, Virgo, Aries, Tauro y Libra<\/strong><\/p>\n<p>Esta pulsera armoniza el chakra del coraz\u00f3n:<\/p>\n<p><img loading=\"lazy\" decoding=\"async\" class=\"alignnone wp-image-72746\" src=\"https:\/\/trimakasi.cz\/wp-content\/uploads\/2018\/07\/\u010dakra4.jpg\" alt=\"Srde\u010dn\u00ed \u010dakra\" width=\"74\" height=\"87\" \/><u><\/u><\/p>\n<p><a href=\"https:\/\/trimakasi.eu\/es\/vlog\/\"><u>Visita nuestro video blog para descubrir las conexiones entre piedras preciosas, signos del zod\u00edaco, chakras y mucho m\u00e1s.<\/u><\/a><\/p>","protected":false},"excerpt":{"rendered":"<p>El jade (nefrita) se considera tradicionalmente en Asia como una de las mejores piedras curativas y se conoce con el seud\u00f3nimo: &quot;Piedra de la eterna juventud&quot;. Conoce m\u00e1s sobre las propiedades de esta piedra a continuaci\u00f3n.<\/p>\n<p>Elija una pulsera por su tama\u00f1o y por el color de la \u00faltima cuenta.\u00a0<a href=\"https:\/\/trimakasi.eu\/es\/como-elegir-la-talla-de-pulsera\/\">Las instrucciones sobre c\u00f3mo determinar correctamente el tama\u00f1o se pueden encontrar aqu\u00ed.<\/a><\/p>","protected":false},"featured_media":81067,"comment_status":"open","ping_status":"closed","template":"","meta":{"_acf_changed":false,"_themeisle_gutenberg_block_has_review":false},"product_brand":[],"product_cat":[1687,1064,554,1068,1316,553],"product_tag":[],"class_list":{"0":"post-83104","1":"product","2":"type-product","3":"status-publish","4":"has-post-thumbnail","6":"product_cat-elastic-bracelets","7":"product_cat-mens-jewellery","8":"product_cat-natural-gemstone-bracelets","9":"product_cat-natural-gemstone-bracelets-for-men","10":"product_cat-rare-gemstone-bracelets","11":"product_cat-womens-jewellery","13":"first","14":"instock","15":"taxable","16":"shipping-taxable","17":"purchasable","18":"product-type-variable","19":"has-default-attributes"},"acf":[],"_links":{"self":[{"href":"https:\/\/trimakasi.eu\/es\/wp-json\/wp\/v2\/product\/83104","targetHints":{"allow":["GET"]}}],"collection":[{"href":"https:\/\/trimakasi.eu\/es\/wp-json\/wp\/v2\/product"}],"about":[{"href":"https:\/\/trimakasi.eu\/es\/wp-json\/wp\/v2\/types\/product"}],"replies":[{"embeddable":true,"href":"https:\/\/trimakasi.eu\/es\/wp-json\/wp\/v2\/comments?post=83104"}],"wp:featuredmedia":[{"embeddable":true,"href":"https:\/\/trimakasi.eu\/es\/wp-json\/wp\/v2\/media\/81067"}],"wp:attachment":[{"href":"https:\/\/trimakasi.eu\/es\/wp-json\/wp\/v2\/media?parent=83104"}],"wp:term":[{"taxonomy":"product_brand","embeddable":true,"href":"https:\/\/trimakasi.eu\/es\/wp-json\/wp\/v2\/product_brand?post=83104"},{"taxonomy":"product_cat","embeddable":true,"href":"https:\/\/trimakasi.eu\/es\/wp-json\/wp\/v2\/product_cat?post=83104"},{"taxonomy":"product_tag","embeddable":true,"href":"https:\/\/trimakasi.eu\/es\/wp-json\/wp\/v2\/product_tag?post=83104"}],"curies":[{"name":"wp","href":"https:\/\/api.w.org\/{rel}","templated":true}]}}