{"id":83080,"date":"2020-07-08T22:45:39","date_gmt":"2020-07-08T20:45:39","guid":{"rendered":"https:\/\/trimakasi.eu\/product\/pietersit-orli-oko-naramek\/"},"modified":"2025-10-07T17:03:39","modified_gmt":"2025-10-07T15:03:39","slug":"pietersite-eagles-eye","status":"publish","type":"product","link":"https:\/\/trimakasi.eu\/es\/product\/pietersite-eagles-eye\/","title":{"rendered":"Pulsera Pietersite"},"content":{"rendered":"<h3>Pietersita \u2013 propiedades<\/h3>\n<p>Esta piedra preciosa fue descubierta recientemente en 1962 en la Namibia africana, que tambi\u00e9n es la \u00fanica localidad de la Tierra donde se encuentra. La pietersita contiene, entre otras cosas, un jaspe, un ojo de halc\u00f3n y un ojo de tigre, de ah\u00ed el motivo de sus reflejos dorados. Los patrones de color \u00fanicos de esta piedra llevaron a su comparaci\u00f3n con los elementos naturales, especialmente las tormentas. Pietersite estimula la creatividad y nos ayuda a organizar nuestros pensamientos.<\/p>\n<p>La energ\u00eda pietersita tambi\u00e9n evoca confianza en nosotros mismos y fuerza interior, record\u00e1ndonos que si estamos dispuestos a trabajar duro en nosotros mismos, podemos lograr todo lo que deseamos. Pietersite nos ayuda a darnos cuenta de que no solo somos observadores de nuestra vida, sino sobre todo sus creadores. Muchos curanderos y chamanes usan esta piedra para estimular sus habilidades metaf\u00edsicas.<\/p>\n<div>Pa\u00eds de origen: <strong>Namibia<\/strong><\/div>\n<div><\/div>\n<div>Elemento: <strong>Agua contra incendios<\/strong><\/div>\n<div><\/div>\n<div>Signos del zodiaco: <strong>Leo, Capricornio<\/strong><\/div>\n<p>Pulsera armoniza los chakras Ra\u00edz, Sacro, Plexo Solar, Tercer ojo<\/p>\n<p><img loading=\"lazy\" decoding=\"async\" class=\"alignnone wp-image-72742\" src=\"https:\/\/trimakasi.cz\/wp-content\/uploads\/2018\/08\/\u010dakra1.jpg\" alt=\"Z\u00e1kladn\u00ed \u010dakra\" width=\"69\" height=\"75\" \/><img loading=\"lazy\" decoding=\"async\" class=\"alignnone wp-image-72744\" src=\"https:\/\/trimakasi.cz\/wp-content\/uploads\/2018\/07\/\u010dakra2.jpg\" alt=\"Sakr\u00e1ln\u00ed \u010dakra\" width=\"67\" height=\"86\" \/><img loading=\"lazy\" decoding=\"async\" class=\"alignnone wp-image-72745\" src=\"https:\/\/trimakasi.cz\/wp-content\/uploads\/2018\/07\/\u010dakra3.jpg\" alt=\"Plexo solar \u010dakra\" width=\"65\" height=\"73\" \/><img loading=\"lazy\" decoding=\"async\" class=\"alignnone wp-image-72748\" src=\"https:\/\/trimakasi.cz\/wp-content\/uploads\/2018\/07\/\u010dakra6.jpg\" alt=\"\u010cakra t\u0159et\u00edho oka\" width=\"83\" height=\"79\" \/><\/p>\n<p><a href=\"https:\/\/trimakasi.eu\/es\/vlog\/\"><u>Visita nuestro video blog para descubrir las conexiones entre piedras preciosas, signos del zod\u00edaco, chakras y mucho m\u00e1s.<\/u><\/a><\/p>","protected":false},"excerpt":{"rendered":"<p>La pietersita recibe el sobrenombre de &quot;Piedra de la tormenta&quot; debido a sus patrones que se asemejan a la energ\u00eda elemental de las tormentas. Obtenga m\u00e1s informaci\u00f3n sobre las propiedades de esta piedra a continuaci\u00f3n.<\/p>\n<p>Elija una pulsera por su tama\u00f1o y por el color de la \u00faltima cuenta.\u00a0<a href=\"https:\/\/trimakasi.eu\/es\/como-elegir-la-talla-de-pulsera\/\">Las instrucciones sobre c\u00f3mo determinar correctamente el tama\u00f1o se pueden encontrar aqu\u00ed.<\/a><\/p>","protected":false},"featured_media":81029,"comment_status":"open","ping_status":"closed","template":"","meta":{"_acf_changed":false,"_themeisle_gutenberg_block_has_review":false},"product_brand":[],"product_cat":[1687,1064,1068,554,553],"product_tag":[],"class_list":{"0":"post-83080","1":"product","2":"type-product","3":"status-publish","4":"has-post-thumbnail","6":"product_cat-elastic-bracelets","7":"product_cat-mens-jewellery","8":"product_cat-natural-gemstone-bracelets-for-men","9":"product_cat-natural-gemstone-bracelets","10":"product_cat-womens-jewellery","12":"first","13":"instock","14":"taxable","15":"shipping-taxable","16":"purchasable","17":"product-type-variable","18":"has-default-attributes"},"acf":[],"_links":{"self":[{"href":"https:\/\/trimakasi.eu\/es\/wp-json\/wp\/v2\/product\/83080","targetHints":{"allow":["GET"]}}],"collection":[{"href":"https:\/\/trimakasi.eu\/es\/wp-json\/wp\/v2\/product"}],"about":[{"href":"https:\/\/trimakasi.eu\/es\/wp-json\/wp\/v2\/types\/product"}],"replies":[{"embeddable":true,"href":"https:\/\/trimakasi.eu\/es\/wp-json\/wp\/v2\/comments?post=83080"}],"wp:featuredmedia":[{"embeddable":true,"href":"https:\/\/trimakasi.eu\/es\/wp-json\/wp\/v2\/media\/81029"}],"wp:attachment":[{"href":"https:\/\/trimakasi.eu\/es\/wp-json\/wp\/v2\/media?parent=83080"}],"wp:term":[{"taxonomy":"product_brand","embeddable":true,"href":"https:\/\/trimakasi.eu\/es\/wp-json\/wp\/v2\/product_brand?post=83080"},{"taxonomy":"product_cat","embeddable":true,"href":"https:\/\/trimakasi.eu\/es\/wp-json\/wp\/v2\/product_cat?post=83080"},{"taxonomy":"product_tag","embeddable":true,"href":"https:\/\/trimakasi.eu\/es\/wp-json\/wp\/v2\/product_tag?post=83080"}],"curies":[{"name":"wp","href":"https:\/\/api.w.org\/{rel}","templated":true}]}}